{"id":1519,"date":"2021-06-19T07:31:06","date_gmt":"2021-06-19T05:31:06","guid":{"rendered":"https:\/\/gutierrezbelmonteabogados.com\/?page_id=1519"},"modified":"2026-02-26T16:49:27","modified_gmt":"2026-02-26T15:49:27","slug":"politica-de-cookies","status":"publish","type":"page","link":"https:\/\/gutierrezbelmonteabogados.com\/ca\/politica-de-cookies\/","title":{"rendered":"Pol\u00edtica Cookies"},"content":{"rendered":"\n\t<section class=\"section\" id=\"section_1593966241\">\n\t\t<div class=\"section-bg fill\" >\n\t\t\t<img loading=\"lazy\" decoding=\"async\" width=\"2560\" height=\"1696\" src=\"https:\/\/gutierrezbelmonteabogados.com\/wp-content\/uploads\/2024\/12\/abogados-en-barcelona-scaled.webp\" class=\"bg attachment-original size-original\" alt=\"Abogados En Barcelona\" \/>\t\t\t\t\t\t<div class=\"section-bg-overlay absolute fill\"><\/div>\n\t\t\t\n\n\t\t<\/div>\n\n\t\t\n\n\t\t<div class=\"section-content relative\">\n\t\t\t\n<div class=\"row\"  id=\"row-697917554\">\n\n\t<div id=\"col-2070848728\" class=\"col small-12 large-12\"  >\n\t\t\t\t<div class=\"col-inner\"  >\n\t\t\t\n\t\t\t\n\t<div id=\"text-1410161595\" class=\"text\">\n\t\t\n<p class=\"centrar\"><span><span><a href=\"https:\/\/gutierrezbelmonteabogados.com\/ca\/\">Guti\u00e9rrez Belmonte Abogados<\/a><\/span><\/span>\n\t\t\n<style>\n#text-1410161595 {\n  text-align: center;\n  color: rgb(255,255,255);\n}\n#text-1410161595 > * {\n  color: rgb(255,255,255);\n}\n<\/style>\n\t<\/div>\n\t\n\t<div id=\"text-4277129960\" class=\"text\">\n\t\t\n<h1>Pol\u00edtica de Cookies de Guti\u00e9rrez Belmonte Abogados<\/h1>\n\t\t\n<style>\n#text-4277129960 {\n  text-align: center;\n  color: rgb(255,255,255);\n}\n#text-4277129960 > * {\n  color: rgb(255,255,255);\n}\n<\/style>\n\t<\/div>\n\t\n\t\t<\/div>\n\t\t\t\t\n<style>\n#col-2070848728 > .col-inner {\n  padding: 5% 0px 5% 0px;\n}\n<\/style>\n\t<\/div>\n\n\t\n<\/div>\n\t\t<\/div>\n\n\t\t\n<style>\n#section_1593966241 {\n  padding-top: 150px;\n  padding-bottom: 150px;\n}\n#section_1593966241 .section-bg-overlay {\n  background-color: rgba(0,0,0,.5);\n}\n<\/style>\n\t<\/section>\n\t\n<div class=\"row\"  id=\"row-2140842501\">\n\n\t<div id=\"col-1811977908\" class=\"col small-12 large-12\"  >\n\t\t\t\t<div class=\"col-inner\"  >\n\t\t\t\n\t\t\t\n<h2>Qu\u00e8 \u00e9s una Cookie?<\/h2>\n<p>Una Cookie \u00e9s un petit fitxer de text que un lloc web col\u00b7loca al seu PC, tel\u00e8fon o qualsevol altre dispositiu, amb informaci\u00f3 sobre la seva navegaci\u00f3 en aquest lloc. Les Cookies s\u00f3n necess\u00e0ries per facilitar la navegaci\u00f3 i fer-la m\u00e9s amigable.<\/p>\n<p>Tot i que en aquesta pol\u00edtica s&#8217;utilitza el terme general de &#8220;Cookie&#8221;, ja que \u00e9s el principal m\u00e8tode d&#8217;emmagatzematge d&#8217;informaci\u00f3 que utilitza aquest lloc web, tamb\u00e9 s&#8217;utilitza l&#8217;espai d'&#8221;Emmagatzematge local&#8221; del navegador per als mateixos prop\u00f2sits que les Cookies. En aquest sentit, tota la informaci\u00f3 inclosa en aquesta secci\u00f3 \u00e9s igualment aplicable a aquest &#8220;Emmagatzematge local&#8221;.<\/p>\n<h2>Per a qu\u00e8 s&#8217;utilitzen les Cookies en aquest lloc web?<\/h2>\n<p>Les Cookies s\u00f3n una part essencial del funcionament del nostre lloc web. L&#8217;objectiu principal de les nostres Cookies \u00e9s millorar la seva experi\u00e8ncia de navegaci\u00f3. Per exemple, s&#8217;utilitzen per recordar les seves prefer\u00e8ncies durant la navegaci\u00f3 i en futures visites.<br \/>\nLa informaci\u00f3 recollida a trav\u00e9s de les Cookies ens permet, a m\u00e9s, millorar el lloc web mitjan\u00e7ant estimacions sobre nombres i patrons d&#8217;\u00fas, l&#8217;adaptaci\u00f3 del lloc als interessos individuals dels usuaris, l&#8217;acceleraci\u00f3 de les cerques, etc.<\/p>\n<h2>Qui utilitza la informaci\u00f3 emmagatzemada a les Cookies?<\/h2>\n<p>La informaci\u00f3 emmagatzemada a les Cookies del nostre lloc web \u00e9s utilitzada exclusivament per nosaltres i no utilitzem &#8220;Cookies de tercers&#8221; (gestionades per entitats externes per proporcionar serveis sol\u00b7licitats per millorar els serveis i l&#8217;experi\u00e8ncia de l&#8217;usuari al navegar per un lloc web).<\/p>\n<h2>Com puc evitar l&#8217;\u00fas de Cookies en aquest lloc web?<\/h2>\n<p>Si prefereix evitar l&#8217;\u00fas de Cookies en aquesta p\u00e0gina tenint en compte les limitacions anteriors, ha de, en primer lloc, deshabilitar l&#8217;\u00fas de Cookies al seu navegador i, en segon lloc, eliminar les Cookies guardades al seu navegador associades a aquest lloc web.<\/p>\n<p>Aquesta opci\u00f3 d&#8217;evitar l&#8217;\u00fas de Cookies pot dur-la a terme en qualsevol moment.<\/p>\n<p>Els diferents navegadors proporcionen diferents m\u00e8todes per bloquejar i eliminar les cookies utilitzades pels llocs web. Pot canviar la configuraci\u00f3 del seu navegador per bloquejar \/ eliminar les cookies. Per a m\u00e9s informaci\u00f3 sobre com gestionar i eliminar les cookies, visiti <a href=\"https:\/\/en.wikipedia.org\/wiki\/HTTP_cookie\" rel=\"nofollow noopener\" target=\"_blank\">wikipedia.org<\/a>, <a href=\"http:\/\/www.allaboutcookies.org\/\" rel=\"nofollow noopener\" target=\"_blank\">www.allaboutcookies.org<\/a>.<\/p>\n<h2>Quines Cookies concretes utilitza aquest lloc web i per a quines finalitats?<\/h2>\n<p>A continuaci\u00f3, s&#8217;inclou una taula amb les Cookies que podem activar o desactivar, utilitzades per aquest lloc web, juntament amb la descripci\u00f3 i exemple d&#8217;\u00fas de les mateixes:<\/p>\n\n<div>\n<h3>Necess\u00e0ries<\/h3>\n<div>\n<p>Les cookies necess\u00e0ries s\u00f3n essencials per a les funcions b\u00e0siques del lloc web i el lloc web no funcionar\u00e0 correctament sense elles. Aquestes cookies no emmagatzemen cap dada d&#8217;identificaci\u00f3 personal.<\/p>\n<\/div>\n<div>\n<table>\n<thead>\n<tr>\n<th>Cookie<\/th>\n<th>Durada<\/th>\n<th>Descripci\u00f3<\/th>\n<\/tr>\n<\/thead>\n<tbody>\n<tr>\n<td>CookieConsent<\/td>\n<td>1 any<\/td>\n<td>Emmagatzema l&#8217;estat del consentiment de cookies de l&#8217;usuari per al domini actual.<\/td>\n<\/tr>\n<tr>\n<td>cf_clearance<\/td>\n<td>1 any<\/td>\n<td>Utilitzada per Cloudflare per a la gesti\u00f3 de seguretat de Turnstile i per assegurar que el tr\u00e0nsit \u00e9s hum\u00e0.<\/td>\n<\/tr>\n<tr>\n<td>_icl_visitor_lang_js<\/td>\n<td>1 dia<\/td>\n<td>WPML estableix aquesta cookie per emmagatzemar l&#8217;idioma preferit del visitant detectat mitjan\u00e7ant JavaScript.<\/td>\n<\/tr>\n<tr>\n<td>wp-wpml_current_language<\/td>\n<td>1 dia<\/td>\n<td>Emmagatzema l&#8217;idioma actual del lloc per assegurar que l&#8217;usuari visualitza el contingut en l&#8217;idioma correcte.<\/td>\n<\/tr>\n<tr>\n<td>wordpress_test_cookie<\/td>\n<td>Sessi\u00f3<\/td>\n<td>Utilitzada per WordPress per comprovar si el navegador de l&#8217;usuari t\u00e9 les cookies activades.<\/td>\n<\/tr>\n<tr>\n<td>wp-settings-*<\/td>\n<td>1 any<\/td>\n<td>Emmagatzema les prefer\u00e8ncies de la interf\u00edcie d&#8217;usuari del tauler d&#8217;administraci\u00f3 i del lloc principal.<\/td>\n<\/tr>\n<\/tbody>\n<\/table><\/div>\n<h3>Anal\u00edtica<\/h3>\n<div>\n<p>Les cookies anal\u00edtiques s&#8217;utilitzen per comprendre com interactuen els visitants amb el lloc web. Ajuden a proporcionar informaci\u00f3 sobre m\u00e8triques com el nombre de visitants i la font del tr\u00e0nsit.<\/p>\n<\/div>\n<div>\n<table>\n<thead>\n<tr>\n<th>Cookie<\/th>\n<th>Durada<\/th>\n<th>Descripci\u00f3<\/th>\n<\/tr>\n<\/thead>\n<tbody>\n<tr>\n<td>_ga<\/td>\n<td>1 any 1 mes<\/td>\n<td>ID principal utilitzat per Google Analytics per identificar els usuaris de manera \u00fanica.<\/td>\n<\/tr>\n<tr>\n<td>_ga_*<\/td>\n<td>1 any 1 mes<\/td>\n<td>Utilitzada per GA4 per mantenir l&#8217;estat de la sessi\u00f3 i rastrejar el flux de navegaci\u00f3.<\/td>\n<\/tr>\n<tr>\n<td>_gcl_au<\/td>\n<td>3 mesos<\/td>\n<td>Utilitzada per Google Tag Manager per emmagatzemar i fer el seguiment de les conversions d&#8217;anuncis.<\/td>\n<\/tr>\n<\/tbody>\n<\/table><\/div>\n<\/div>\n\n\t\t<\/div>\n\t\t\t\t\t<\/div>\n\n\t\n<\/div>\n","protected":false},"excerpt":{"rendered":"","protected":false},"author":1,"featured_media":0,"parent":0,"menu_order":0,"comment_status":"closed","ping_status":"closed","template":"page-transparent-header-light.php","meta":{"footnotes":""},"class_list":["post-1519","page","type-page","status-publish","hentry"],"_links":{"self":[{"href":"https:\/\/gutierrezbelmonteabogados.com\/ca\/wp-json\/wp\/v2\/pages\/1519","targetHints":{"allow":["GET"]}}],"collection":[{"href":"https:\/\/gutierrezbelmonteabogados.com\/ca\/wp-json\/wp\/v2\/pages"}],"about":[{"href":"https:\/\/gutierrezbelmonteabogados.com\/ca\/wp-json\/wp\/v2\/types\/page"}],"author":[{"embeddable":true,"href":"https:\/\/gutierrezbelmonteabogados.com\/ca\/wp-json\/wp\/v2\/users\/1"}],"replies":[{"embeddable":true,"href":"https:\/\/gutierrezbelmonteabogados.com\/ca\/wp-json\/wp\/v2\/comments?post=1519"}],"version-history":[{"count":3,"href":"https:\/\/gutierrezbelmonteabogados.com\/ca\/wp-json\/wp\/v2\/pages\/1519\/revisions"}],"predecessor-version":[{"id":1678,"href":"https:\/\/gutierrezbelmonteabogados.com\/ca\/wp-json\/wp\/v2\/pages\/1519\/revisions\/1678"}],"wp:attachment":[{"href":"https:\/\/gutierrezbelmonteabogados.com\/ca\/wp-json\/wp\/v2\/media?parent=1519"}],"curies":[{"name":"wp","href":"https:\/\/api.w.org\/{rel}","templated":true}]}}