{"id":1515,"date":"2021-06-18T12:04:19","date_gmt":"2021-06-18T10:04:19","guid":{"rendered":"https:\/\/gutierrezbelmonteabogados.com\/?page_id=1515"},"modified":"2025-06-07T09:37:36","modified_gmt":"2025-06-07T07:37:36","slug":"politica-de-privacitat","status":"publish","type":"page","link":"https:\/\/gutierrezbelmonteabogados.com\/ca\/politica-de-privacitat\/","title":{"rendered":"Pol\u00edtica Privacitat"},"content":{"rendered":"\r\n\n\t<section class=\"section\" id=\"section_1550314015\">\n\t\t<div class=\"section-bg fill\" >\n\t\t\t<img loading=\"lazy\" decoding=\"async\" width=\"2560\" height=\"1696\" src=\"https:\/\/gutierrezbelmonteabogados.com\/wp-content\/uploads\/2024\/12\/abogados-en-barcelona-scaled.webp\" class=\"bg attachment-original size-original\" alt=\"Abogados En Barcelona\" \/>\t\t\t\t\t\t<div class=\"section-bg-overlay absolute fill\"><\/div>\n\t\t\t\n\n\t\t<\/div>\n\n\t\t\n\n\t\t<div class=\"section-content relative\">\n\t\t\t\r\n\r\n<div class=\"row\"  id=\"row-348163846\">\r\n\r\n\n\t<div id=\"col-2024495668\" class=\"col small-12 large-12\"  >\n\t\t\t\t<div class=\"col-inner\"  >\n\t\t\t\n\t\t\t\r\n\r\n\t<div id=\"text-1180976424\" class=\"text\">\n\t\t\r\n\r\n<p class=\"centrar\"><span><span><a href=\"https:\/\/gutierrezbelmonteabogados.com\/ca\/\">Guti\u00e9rrez Belmonte Abogados<\/a><\/span><\/span>\r\n\t\t\n<style>\n#text-1180976424 {\n  text-align: center;\n  color: rgb(255,255,255);\n}\n#text-1180976424 > * {\n  color: rgb(255,255,255);\n}\n<\/style>\n\t<\/div>\n\t\r\n\t<div id=\"text-2365129702\" class=\"text\">\n\t\t\r\n\r\n<h1>Pol\u00edtica de Privacitat de Guti\u00e9rrez Belmonte Advocats<\/h1>\r\n\t\t\n<style>\n#text-2365129702 {\n  text-align: center;\n  color: rgb(255,255,255);\n}\n#text-2365129702 > * {\n  color: rgb(255,255,255);\n}\n<\/style>\n\t<\/div>\n\t\r\n\r\n\t\t<\/div>\n\t\t\t\t\n<style>\n#col-2024495668 > .col-inner {\n  padding: 5% 0px 5% 0px;\n}\n<\/style>\n\t<\/div>\n\n\t\r\n\r\n<\/div>\r\n\r\n\t\t<\/div>\n\n\t\t\n<style>\n#section_1550314015 {\n  padding-top: 150px;\n  padding-bottom: 150px;\n}\n#section_1550314015 .section-bg-overlay {\n  background-color: rgba(0,0,0,.5);\n}\n<\/style>\n\t<\/section>\n\t\r\n<div class=\"row\"  id=\"row-1516396374\">\r\n\r\n\n\t<div id=\"col-1616651431\" class=\"col small-12 large-12\"  >\n\t\t\t\t<div class=\"col-inner text-left\"  >\n\t\t\t\n\t\t\t\r\n\r\n<p>A la nostra entitat, hem adaptat els nostres protocols i pol\u00edtiques de privacitat al Reglament Europeu de Protecci\u00f3 de Dades 679\/2016 (RGPD) i a la Llei Org\u00e0nica 3\/2018, de 5 de desembre, de Protecci\u00f3 de Dades Personals i garantia dels drets digitals, ja que ens preocupa la seguretat i la protecci\u00f3 de les dades que tractem.<\/p>\r\n<h2>1.- Qui \u00e9s el responsable del tractament de dades<\/h2>\r\n<p>Guti\u00e9rrez Belmonte Advocats, amb domicili a Gran de Gracia 47, 4-2, Barcelona \u00e9s el responsable del correcte tractament de les seves dades. Pot consultar sobre aquest tractament a trav\u00e9s del correu electr\u00f2nic <a href=\"mailto:info@gutierrezbelmonteabogados.com\">info@gutierrezbelmonteabogados.com<\/a>.<\/p>\r\n\r\n<h2>2.- Per a qu\u00e8 utilitzem les seves dades<\/h2>\r\n<p>A Guti\u00e9rrez Belmonte Advocats tractem la informaci\u00f3 que ens faciliten les persones interessades amb la finalitat de:<\/p>\r\n<ul>\r\n<li>Complir amb les prestacions i serveis que subscrivim amb el client.<\/li>\r\n<li>Tramitar i gestionar les sol\u00b7licituds realitzades en relaci\u00f3 amb productes, serveis i fins i tot els curr\u00edculums vitae que pogu\u00e9ssim rebre i tractar.<\/li>\r\n<li>Gestionar la subscripci\u00f3 al nostre butllet\u00ed informatiu de manera peri\u00f2dica.<\/li>\r\n<\/ul>\r\n\r\n<h2>3.- Quina \u00e9s la base legal per al tractament de dades<\/h2>\r\n<p>L\u2019\u00fas de les dades que ens ha facilitat mitjan\u00e7ant el consentiment \u00e9s necessari per a la correcta gesti\u00f3 de les relacions amb els usuaris i, a m\u00e9s, per complir amb les obligacions legals.<\/p>\r\n<p>En qualsevol moment pot manifestar la seva oposici\u00f3 a l\u2019\u00fas de les seves dades i, per tant, deixar sense efecte qualsevol tipus de gesti\u00f3 amb les mateixes, quedant \u00fanicament les dades bloquejades durant el temps legalment previst. Comunicar-li que la manca de consentiment pot comportar que no puguem prestar els serveis.<\/p>\r\n\r\n<h2>4.- Comunicaci\u00f3 de dades<\/h2>\r\n<p>En principi no es cediran dades llevat d\u2019obligaci\u00f3 legal.<\/p>\r\n<p>Tanmateix, compartirem les seves dades amb prove\u00efdors de serveis que ens ajuden o donen suport, o col\u00b7laboradors externs amb qui hem arribat a acords.<\/p>\r\n\r\n<h2>5.- Conservaci\u00f3 de dades<\/h2>\r\n<p>Nom\u00e9s conservarem les seves dades personals durant el temps necessari per complir amb la finalitat per la qual es recullen, mentre mantinguem una relaci\u00f3 contractual, mentre hi hagi una obligaci\u00f3 legal que ens obligui o mentre vost\u00e8 no exerceixi cap dels drets que impedeixin el tractament de les seves dades.<\/p>\r\n\r\n<h2>6.- Com puc exercir els meus drets<\/h2>\r\n<p>Com a titular dels drets, vost\u00e8 t\u00e9 el control sobre les seves dades i, per tant, en qualsevol moment pot exercir els seus drets enviant-nos un correu electr\u00f2nic a <a href=\"mailto:info@gutierrezbelmonteabogados.com\">info@gutierrezbelmonteabogados.com<\/a>.<\/p>\r\n<p>Els drets que pot exercir s\u00f3n:<\/p>\r\n<ul>\r\n<li>Acc\u00e9s \u2013 Podr\u00e0 consultar les seves dades personals tractades per aquesta entitat.<\/li>\r\n<li>Rectificaci\u00f3 \u2013 Podr\u00e0 modificar les seves dades personals quan siguin inexactes.<\/li>\r\n<li>Supressi\u00f3 \u2013 Podr\u00e0 sol\u00b7licitar l\u2019eliminaci\u00f3 de les seves dades personals.<\/li>\r\n<li>Oposici\u00f3 \u2013 Podr\u00e0 sol\u00b7licitar que no es tractin determinades dades personals.<\/li>\r\n<li>Limitaci\u00f3 del tractament \u2013 Podr\u00e0 sol\u00b7licitar la limitaci\u00f3 al tractament de les seves dades en determinades circumst\u00e0ncies.<\/li>\r\n<li>Portabilitat \u2013 Podr\u00e0 rebre les dades personals que ens hagi facilitat o que h\u00e0gim obtingut durant la nostra relaci\u00f3 contractual, aix\u00ed com transmetre-les a una altra entitat.<\/li>\r\n<\/ul>\r\n<p>S\u2019informa els usuaris que tenen dret a revocar el consentiment en qualsevol moment, sense que aix\u00f2 afecti la licitud del tractament basat en el consentiment previ a la seva retirada.<\/p>\r\n<p>Aix\u00ed mateix, s\u2019informa els interessats que poden presentar una reclamaci\u00f3 davant l\u2019Autoritat de Control en mat\u00e8ria de Protecci\u00f3 de Dades competent, especialment quan no hagin obtingut satisfacci\u00f3 en l\u2019exercici dels seus drets.<\/p>\r\n<p>Per exercir els seus drets, adjunti a la seva sol\u00b7licitud una c\u00f2pia del seu DNI o document equivalent acreditatiu de la seva identitat.<\/p>\r\n\r\n\t\t<\/div>\n\t\t\t\t\t<\/div>\n\n\t\r\n\r\n<\/div>\r\n\r\n\r\n","protected":false},"excerpt":{"rendered":"","protected":false},"author":1,"featured_media":0,"parent":0,"menu_order":0,"comment_status":"closed","ping_status":"closed","template":"page-transparent-header-light.php","meta":{"footnotes":""},"class_list":["post-1515","page","type-page","status-publish","hentry"],"_links":{"self":[{"href":"https:\/\/gutierrezbelmonteabogados.com\/ca\/wp-json\/wp\/v2\/pages\/1515","targetHints":{"allow":["GET"]}}],"collection":[{"href":"https:\/\/gutierrezbelmonteabogados.com\/ca\/wp-json\/wp\/v2\/pages"}],"about":[{"href":"https:\/\/gutierrezbelmonteabogados.com\/ca\/wp-json\/wp\/v2\/types\/page"}],"author":[{"embeddable":true,"href":"https:\/\/gutierrezbelmonteabogados.com\/ca\/wp-json\/wp\/v2\/users\/1"}],"replies":[{"embeddable":true,"href":"https:\/\/gutierrezbelmonteabogados.com\/ca\/wp-json\/wp\/v2\/comments?post=1515"}],"version-history":[{"count":1,"href":"https:\/\/gutierrezbelmonteabogados.com\/ca\/wp-json\/wp\/v2\/pages\/1515\/revisions"}],"predecessor-version":[{"id":1516,"href":"https:\/\/gutierrezbelmonteabogados.com\/ca\/wp-json\/wp\/v2\/pages\/1515\/revisions\/1516"}],"wp:attachment":[{"href":"https:\/\/gutierrezbelmonteabogados.com\/ca\/wp-json\/wp\/v2\/media?parent=1515"}],"curies":[{"name":"wp","href":"https:\/\/api.w.org\/{rel}","templated":true}]}}