{"id":1509,"date":"2025-01-23T14:25:43","date_gmt":"2025-01-23T12:25:43","guid":{"rendered":"https:\/\/gutierrezbelmonteabogados.com\/?page_id=1509"},"modified":"2025-06-07T10:56:06","modified_gmt":"2025-06-07T08:56:06","slug":"serveis-juridics-a-barcelona","status":"publish","type":"page","link":"https:\/\/gutierrezbelmonteabogados.com\/ca\/serveis-juridics-a-barcelona\/","title":{"rendered":"Serveis Legals"},"content":{"rendered":"\r\n\n  <div class=\"banner has-hover\" id=\"banner-1551214729\">\n          <div class=\"banner-inner fill\">\n        <div class=\"banner-bg fill\" >\n            <img loading=\"lazy\" decoding=\"async\" width=\"2560\" height=\"1707\" src=\"https:\/\/gutierrezbelmonteabogados.com\/wp-content\/uploads\/2025\/03\/defensa-judicial-scaled.webp\" class=\"bg attachment-original size-original\" alt=\"Defensa Judicial\" \/>                        <div class=\"overlay\"><\/div>            \n                    <\/div>\n\t\t\n        <div class=\"banner-layers container\">\n            <div class=\"fill banner-link\"><\/div>            \r\n\r\n   <div id=\"text-box-1948205368\" class=\"text-box banner-layer x50 md-x50 lg-x50 y50 md-y50 lg-y50 res-text\">\n                                <div class=\"text-box-content text dark\">\n              \n              <div class=\"text-inner text-center\">\n                  \r\n\r\n\t<div id=\"text-1776147318\" class=\"text\">\n\t\t\r\n\r\n<p class=\"centrar\"><span><span><a href=\"https:\/\/gutierrezbelmonteabogados.com\/ca\/\">Guti\u00e9rrez Belmonte Abogados<\/a><\/span><\/span>\r\n\t\t\n<style>\n#text-1776147318 {\n  font-size: 1rem;\n  text-align: center;\n}\n@media (min-width:550px) {\n  #text-1776147318 {\n    font-size: 0.75rem;\n    text-align: center;\n  }\n}\n<\/style>\n\t<\/div>\n\t\r\n\t<div id=\"text-3779057506\" class=\"text\">\n\t\t\r\n\r\n<h1>Serveis Jur\u00eddics a Barcelona<\/h1>\r\n\t\t\n<style>\n#text-3779057506 {\n  font-size: 1rem;\n  text-align: center;\n}\n@media (min-width:550px) {\n  #text-3779057506 {\n    font-size: 0.75rem;\n    text-align: center;\n  }\n}\n<\/style>\n\t<\/div>\n\t\r\n<a href=\"\/ca\/contacte\/\" class=\"button secondary is-small lowercase\" style=\"padding:5px 35px 5px 35px;\">\n\t\t<span>Contacta ara<\/span>\n\t<i class=\"icon-angle-right\" aria-hidden=\"true\"><\/i><\/a>\n\r\n\r\n              <\/div>\n           <\/div>\n                            \n<style>\n#text-box-1948205368 {\n  width: 90%;\n}\n#text-box-1948205368 .text-box-content {\n  font-size: 100%;\n}\n@media (min-width:550px) {\n  #text-box-1948205368 {\n    width: 100%;\n  }\n}\n<\/style>\n    <\/div>\n \r\n\r\n        <\/div>\n      <\/div>\n\n            \n<style>\n#banner-1551214729 {\n  padding-top: 700px;\n}\n#banner-1551214729 .overlay {\n  background-color: rgba(137, 49, 49, 0.5);\n}\n#banner-1551214729 .banner-bg img {\n  object-position: 0% 35%;\n}\n<\/style>\n  <\/div>\n\n\r\n\n\t<section class=\"section\" id=\"section_349081733\">\n\t\t<div class=\"section-bg fill\" >\n\t\t\t\t\t\t\t\t\t\n\t\t\t\n\n\t\t<\/div>\n\n\t\t\n\n\t\t<div class=\"section-content relative\">\n\t\t\t\r\n\r\n<div class=\"row align-middle\"  id=\"row-1447332845\">\r\n\r\n\n\t<div id=\"col-17923528\" class=\"col small-12 large-12\"  >\n\t\t\t\t<div class=\"col-inner text-left\"  >\n\t\t\t\n\t\t\t\r\n\r\n\t<div id=\"text-1330485350\" class=\"text\">\n\t\t\r\n\r\n<h2><strong>Assessorament Legal Integral a Barcelona<\/strong><\/h2>\r\n\t\t\n<style>\n#text-1330485350 {\n  font-size: 1.2rem;\n}\n<\/style>\n\t<\/div>\n\t\r\n\r\n\t\t<\/div>\n\t\t\t\t\t<\/div>\n\n\t\r\n\n\t<div id=\"col-1805088677\" class=\"col medium-6 small-12 large-6\"  >\n\t\t\t\t<div class=\"col-inner text-left\"  >\n\t\t\t\n\t\t\t\r\n\r\n<p>A <strong>Guti\u00e9rrez Belmonte Advocats<\/strong>, oferim un servei jur\u00eddic complet a Barcelona, adaptat a les teves necessitats legals. Amb m\u00e9s de 12 anys d&#8217;experi\u00e8ncia, estem especialitzats en diverses \u00e0rees del dret, cosa que ens permet oferir-te solucions personalitzades, \u00e0gils i eficaces.<\/p>\r\n<a href=\"\/ca\/despatx-advocats-a-barcelona\/\" class=\"button primary is-outline is-small lowercase\" style=\"padding:5px 35px 5px 35px;\">\n\t\t<span>Coneix el despatx<\/span>\n\t<i class=\"icon-angle-right\" aria-hidden=\"true\"><\/i><\/a>\n\r\n\r\n\r\n\t\t<\/div>\n\t\t\t\t\t<\/div>\n\n\t\r\n\n\t<div id=\"col-517634132\" class=\"col medium-6 small-12 large-6\"  >\n\t\t\t\t<div class=\"col-inner text-left\" style=\"background-color:#893131;\" >\n\t\t\t\n\t\t\t\r\n\r\n\t<div id=\"text-2758682464\" class=\"text\">\n\t\t\r\n\r\n<p>El nostre despatx combina professionalitat, comprom\u00eds i atenci\u00f3 personalitzada, ajudant-te a resoldre qualsevol q\u00fcesti\u00f3 legal, siguis particular, aut\u00f2nom o empresa.<\/p>\r\n\t\t\n<style>\n#text-2758682464 {\n  color: rgb(255,255,255);\n}\n#text-2758682464 > * {\n  color: rgb(255,255,255);\n}\n<\/style>\n\t<\/div>\n\t\r\n\r\n\t\t<\/div>\n\t\t\t\t\n<style>\n#col-517634132 > .col-inner {\n  padding: 25px 25px 25px 25px;\n}\n<\/style>\n\t<\/div>\n\n\t\r\n\r\n<\/div>\r\n\r\n\t\t<\/div>\n\n\t\t\n<style>\n#section_349081733 {\n  padding-top: 150px;\n  padding-bottom: 150px;\n}\n<\/style>\n\t<\/section>\n\t\r\n\n\t<section class=\"section\" id=\"section_952473639\">\n\t\t<div class=\"section-bg fill\" >\n\t\t\t\t\t\t\t\t\t<div class=\"section-bg-overlay absolute fill\"><\/div>\n\t\t\t\n\n\t\t<\/div>\n\n\t\t\n\n\t\t<div class=\"section-content relative\">\n\t\t\t\r\n\r\n<div class=\"row align-equal\"  id=\"row-1669834966\">\r\n\r\n\n\t<div id=\"col-812202645\" class=\"col small-12 large-12\"  >\n\t\t\t\t<div class=\"col-inner text-left\"  >\n\t\t\t\n\t\t\t\r\n\r\n\t<div id=\"text-3505751668\" class=\"text\">\n\t\t\r\n\r\n<h2><strong>\u00c0rees d&#8217;Especialitzaci\u00f3<\/strong><\/h2>\r\n\t\t\n<style>\n#text-3505751668 {\n  font-size: 1.2rem;\n  color: rgb(255, 255, 255);\n}\n#text-3505751668 > * {\n  color: rgb(255, 255, 255);\n}\n<\/style>\n\t<\/div>\n\t\r\n\r\n\t\t<\/div>\n\t\t\t\t\t<\/div>\n\n\t\r\n\n\t<div id=\"col-991744282\" class=\"col medium-4 small-12 large-4\"  data-animate=\"fadeInUp\">\n\t\t\t\t<div class=\"col-inner text-left\"  >\n\t\t\t\n\t\t\t\r\n\r\n\n\t\t<div class=\"icon-box featured-box icon-box-top text-left\"  >\n\t\t\t\t\t<div class=\"icon-box-img\" style=\"width: 60px\">\n\t\t\t\t<div class=\"icon\">\n\t\t\t\t\t<div class=\"icon-inner\" >\n\t\t\t\t\t\t<img loading=\"lazy\" decoding=\"async\" width=\"1\" height=\"1\" src=\"https:\/\/gutierrezbelmonteabogados.com\/wp-content\/uploads\/2025\/01\/icon-law-white.svg\" class=\"attachment-medium size-medium\" alt=\"Icon Law White\" \/>\t\t\t\t\t<\/div>\n\t\t\t\t<\/div>\n\t\t\t<\/div>\n\t\t\t\t<div class=\"icon-box-text last-reset\">\n\t\t\t\t\t\t\t\t\t\r\n\r\n\t<div id=\"text-3121760442\" class=\"text\">\n\t\t\r\n\r\n<h3><strong>Dret Penal<\/strong><\/h3>\r\n<ul>\r\n<li>Defensa i representaci\u00f3 en delictes contra les persones, el patrimoni i econ\u00f2mics.<\/li>\r\n<li>Assessorament en viol\u00e8ncia de g\u00e8nere, delictes de seguretat vi\u00e0ria i m\u00e9s.<\/li>\r\n<li>Serveis de compliance penal per a empreses.<\/li>\r\n<\/ul>\r\n\t\t\n<style>\n#text-3121760442 {\n  color: rgb(255,255,255);\n}\n#text-3121760442 > * {\n  color: rgb(255,255,255);\n}\n<\/style>\n\t<\/div>\n\t\r\n\r\n\t\t<\/div>\n\t<\/div>\n\t\n\t\r\n\r\n\t\t<\/div>\n\t\t\t\t\t<\/div>\n\n\t\r\n\n\t<div id=\"col-1628532367\" class=\"col medium-4 small-12 large-4\"  data-animate=\"fadeInUp\">\n\t\t\t\t<div class=\"col-inner text-left\"  >\n\t\t\t\n\t\t\t\r\n\r\n\n\t\t<div class=\"icon-box featured-box icon-box-top text-left\"  >\n\t\t\t\t\t<div class=\"icon-box-img\" style=\"width: 60px\">\n\t\t\t\t<div class=\"icon\">\n\t\t\t\t\t<div class=\"icon-inner\" >\n\t\t\t\t\t\t<img loading=\"lazy\" decoding=\"async\" width=\"1\" height=\"1\" src=\"https:\/\/gutierrezbelmonteabogados.com\/wp-content\/uploads\/2025\/01\/icon-law-white.svg\" class=\"attachment-medium size-medium\" alt=\"Icon Law White\" \/>\t\t\t\t\t<\/div>\n\t\t\t\t<\/div>\n\t\t\t<\/div>\n\t\t\t\t<div class=\"icon-box-text last-reset\">\n\t\t\t\t\t\t\t\t\t\r\n\r\n\t<div id=\"text-1720575395\" class=\"text\">\n\t\t\r\n\r\n<h3><strong>Dret Civil<\/strong><\/h3>\r\n<ul>\r\n<li>Redacci\u00f3 i revisi\u00f3 de contractes.<\/li>\r\n<li>Resoluci\u00f3 de conflictes relacionats amb propietat, arrendaments i responsabilitat civil.<\/li>\r\n<li>Assessorament en her\u00e8ncies i successions.<\/li>\r\n<\/ul>\r\n\t\t\n<style>\n#text-1720575395 {\n  color: rgb(255,255,255);\n}\n#text-1720575395 > * {\n  color: rgb(255,255,255);\n}\n<\/style>\n\t<\/div>\n\t\r\n\r\n\t\t<\/div>\n\t<\/div>\n\t\n\t\r\n\r\n\t\t<\/div>\n\t\t\t\t\t<\/div>\n\n\t\r\n\n\t<div id=\"col-1627057058\" class=\"col medium-4 small-12 large-4\"  data-animate=\"fadeInUp\">\n\t\t\t\t<div class=\"col-inner text-left\"  >\n\t\t\t\n\t\t\t\r\n\r\n\n\t\t<div class=\"icon-box featured-box icon-box-top text-left\"  >\n\t\t\t\t\t<div class=\"icon-box-img\" style=\"width: 60px\">\n\t\t\t\t<div class=\"icon\">\n\t\t\t\t\t<div class=\"icon-inner\" >\n\t\t\t\t\t\t<img loading=\"lazy\" decoding=\"async\" width=\"1\" height=\"1\" src=\"https:\/\/gutierrezbelmonteabogados.com\/wp-content\/uploads\/2025\/01\/icon-law-white.svg\" class=\"attachment-medium size-medium\" alt=\"Icon Law White\" \/>\t\t\t\t\t<\/div>\n\t\t\t\t<\/div>\n\t\t\t<\/div>\n\t\t\t\t<div class=\"icon-box-text last-reset\">\n\t\t\t\t\t\t\t\t\t\r\n\r\n\t<div id=\"text-625713281\" class=\"text\">\n\t\t\r\n\r\n<h3><strong>Dret de Fam\u00edlia<\/strong><\/h3>\r\n<ul>\r\n<li>Divorcis amistosos i contenciosos.<\/li>\r\n<li>Cust\u00f2dia de fills, pensi\u00f3 d&#8217;aliments i compensat\u00f2ria.<\/li>\r\n<li>Gesti\u00f3 d&#8217;adopcions i tuteles legals.<\/li>\r\n<\/ul>\r\n\t\t\n<style>\n#text-625713281 {\n  color: rgb(255,255,255);\n}\n#text-625713281 > * {\n  color: rgb(255,255,255);\n}\n<\/style>\n\t<\/div>\n\t\r\n\r\n\t\t<\/div>\n\t<\/div>\n\t\n\t\r\n\r\n\t\t<\/div>\n\t\t\t\t\t<\/div>\n\n\t\r\n\n\t<div id=\"col-616816041\" class=\"col medium-4 small-12 large-4\"  data-animate=\"fadeInUp\">\n\t\t\t\t<div class=\"col-inner text-left\"  >\n\t\t\t\n\t\t\t\r\n\r\n\n\t\t<div class=\"icon-box featured-box icon-box-top text-left\"  >\n\t\t\t\t\t<div class=\"icon-box-img\" style=\"width: 60px\">\n\t\t\t\t<div class=\"icon\">\n\t\t\t\t\t<div class=\"icon-inner\" >\n\t\t\t\t\t\t<img loading=\"lazy\" decoding=\"async\" width=\"1\" height=\"1\" src=\"https:\/\/gutierrezbelmonteabogados.com\/wp-content\/uploads\/2025\/01\/icon-law-white.svg\" class=\"attachment-medium size-medium\" alt=\"Icon Law White\" \/>\t\t\t\t\t<\/div>\n\t\t\t\t<\/div>\n\t\t\t<\/div>\n\t\t\t\t<div class=\"icon-box-text last-reset\">\n\t\t\t\t\t\t\t\t\t\r\n\r\n\t<div id=\"text-3041315376\" class=\"text\">\n\t\t\r\n\r\n<h3><strong>Dret Laboral<\/strong><\/h3>\r\n<ul>\r\n<li>Reclamacions per acomiadament improcedent.<\/li>\r\n<li>Assessorament en contractes laborals i prevenci\u00f3 de riscos.<\/li>\r\n<li>Gesti\u00f3 d&#8217;incapacitats laborals i baixes per malaltia.<\/li>\r\n<\/ul>\r\n\t\t\n<style>\n#text-3041315376 {\n  color: rgb(255,255,255);\n}\n#text-3041315376 > * {\n  color: rgb(255,255,255);\n}\n<\/style>\n\t<\/div>\n\t\r\n\r\n\t\t<\/div>\n\t<\/div>\n\t\n\t\r\n\r\n\t\t<\/div>\n\t\t\t\t\t<\/div>\n\n\t\r\n\n\t<div id=\"col-1424173989\" class=\"col medium-4 small-12 large-4\"  data-animate=\"fadeInUp\">\n\t\t\t\t<div class=\"col-inner text-left\"  >\n\t\t\t\n\t\t\t\r\n\r\n\n\t\t<div class=\"icon-box featured-box icon-box-top text-left\"  >\n\t\t\t\t\t<div class=\"icon-box-img\" style=\"width: 60px\">\n\t\t\t\t<div class=\"icon\">\n\t\t\t\t\t<div class=\"icon-inner\" >\n\t\t\t\t\t\t<img loading=\"lazy\" decoding=\"async\" width=\"1\" height=\"1\" src=\"https:\/\/gutierrezbelmonteabogados.com\/wp-content\/uploads\/2025\/01\/icon-law-white.svg\" class=\"attachment-medium size-medium\" alt=\"Icon Law White\" \/>\t\t\t\t\t<\/div>\n\t\t\t\t<\/div>\n\t\t\t<\/div>\n\t\t\t\t<div class=\"icon-box-text last-reset\">\n\t\t\t\t\t\t\t\t\t\r\n\r\n\t<div id=\"text-1000877959\" class=\"text\">\n\t\t\r\n\r\n<h3><strong>Dret Mercantil<\/strong><\/h3>\r\n<ul>\r\n<li>Constituci\u00f3 de societats i assessorament empresarial.<\/li>\r\n<li>Redacci\u00f3 d&#8217;estatuts i pactes de socis.<\/li>\r\n<li>Resoluci\u00f3 de conflictes societaris i comercials.<\/li>\r\n<\/ul>\r\n\t\t\n<style>\n#text-1000877959 {\n  color: rgb(255,255,255);\n}\n#text-1000877959 > * {\n  color: rgb(255,255,255);\n}\n<\/style>\n\t<\/div>\n\t\r\n\r\n\t\t<\/div>\n\t<\/div>\n\t\n\t\r\n\r\n\t\t<\/div>\n\t\t\t\t\t<\/div>\n\n\t\r\n\n\t<div id=\"col-351189710\" class=\"col medium-4 small-12 large-4\"  data-animate=\"fadeInUp\">\n\t\t\t\t<div class=\"col-inner text-left\"  >\n\t\t\t\n\t\t\t\r\n\r\n\n\t\t<div class=\"icon-box featured-box icon-box-top text-left\"  >\n\t\t\t\t\t<div class=\"icon-box-img\" style=\"width: 60px\">\n\t\t\t\t<div class=\"icon\">\n\t\t\t\t\t<div class=\"icon-inner\" >\n\t\t\t\t\t\t<img loading=\"lazy\" decoding=\"async\" width=\"1\" height=\"1\" src=\"https:\/\/gutierrezbelmonteabogados.com\/wp-content\/uploads\/2025\/01\/icon-law-white.svg\" class=\"attachment-medium size-medium\" alt=\"Icon Law White\" \/>\t\t\t\t\t<\/div>\n\t\t\t\t<\/div>\n\t\t\t<\/div>\n\t\t\t\t<div class=\"icon-box-text last-reset\">\n\t\t\t\t\t\t\t\t\t\r\n\r\n\t<div id=\"text-3954847282\" class=\"text\">\n\t\t\r\n\r\n<h3><strong>Dret Bancari<\/strong><\/h3>\r\n<ul>\r\n<li>Reclamacions per cl\u00e0usules abusives.<\/li>\r\n<li>Assessorament en hipoteques i pr\u00e9stecs.<\/li>\r\n<li>Gesti\u00f3 de reclamacions davant entitats financeres.<\/li>\r\n<\/ul>\r\n\t\t\n<style>\n#text-3954847282 {\n  color: rgb(255,255,255);\n}\n#text-3954847282 > * {\n  color: rgb(255,255,255);\n}\n<\/style>\n\t<\/div>\n\t\r\n\r\n\t\t<\/div>\n\t<\/div>\n\t\n\t\r\n\r\n\t\t<\/div>\n\t\t\t\t\t<\/div>\n\n\t\r\n\n\t<div id=\"col-1618950563\" class=\"col medium-4 small-12 large-4\"  data-animate=\"fadeInUp\">\n\t\t\t\t<div class=\"col-inner text-left\"  >\n\t\t\t\n\t\t\t\r\n\r\n\n\t\t<div class=\"icon-box featured-box icon-box-top text-left\"  >\n\t\t\t\t\t<div class=\"icon-box-img\" style=\"width: 60px\">\n\t\t\t\t<div class=\"icon\">\n\t\t\t\t\t<div class=\"icon-inner\" >\n\t\t\t\t\t\t<img loading=\"lazy\" decoding=\"async\" width=\"1\" height=\"1\" src=\"https:\/\/gutierrezbelmonteabogados.com\/wp-content\/uploads\/2025\/01\/icon-law-white.svg\" class=\"attachment-medium size-medium\" alt=\"Icon Law White\" \/>\t\t\t\t\t<\/div>\n\t\t\t\t<\/div>\n\t\t\t<\/div>\n\t\t\t\t<div class=\"icon-box-text last-reset\">\n\t\t\t\t\t\t\t\t\t\r\n\r\n\t<div id=\"text-2935029253\" class=\"text\">\n\t\t\r\n\r\n<h3><strong>Responsabilitat Civil<\/strong><\/h3>\r\n<ul>\r\n<li>Reclamacions per danys i perjudicis.<\/li>\r\n<li>Casos de neglig\u00e8ncia m\u00e8dica o professional.<\/li>\r\n<li>Accidents de tr\u00e0fic i laborals.<\/li>\r\n<\/ul>\r\n\t\t\n<style>\n#text-2935029253 {\n  color: rgb(255,255,255);\n}\n#text-2935029253 > * {\n  color: rgb(255,255,255);\n}\n<\/style>\n\t<\/div>\n\t\r\n\r\n\t\t<\/div>\n\t<\/div>\n\t\n\t\r\n\r\n\t\t<\/div>\n\t\t\t\t\t<\/div>\n\n\t\r\n\n\t<div id=\"col-318881554\" class=\"col medium-4 small-12 large-4\"  data-animate=\"fadeInUp\">\n\t\t\t\t<div class=\"col-inner text-left\"  >\n\t\t\t\n\t\t\t\r\n\r\n\n\t\t<div class=\"icon-box featured-box icon-box-top text-left\"  >\n\t\t\t\t\t<div class=\"icon-box-img\" style=\"width: 60px\">\n\t\t\t\t<div class=\"icon\">\n\t\t\t\t\t<div class=\"icon-inner\" >\n\t\t\t\t\t\t<img loading=\"lazy\" decoding=\"async\" width=\"1\" height=\"1\" src=\"https:\/\/gutierrezbelmonteabogados.com\/wp-content\/uploads\/2025\/01\/icon-law-white.svg\" class=\"attachment-medium size-medium\" alt=\"Icon Law White\" \/>\t\t\t\t\t<\/div>\n\t\t\t\t<\/div>\n\t\t\t<\/div>\n\t\t\t\t<div class=\"icon-box-text last-reset\">\n\t\t\t\t\t\t\t\t\t\r\n\r\n\t<div id=\"text-3966462209\" class=\"text\">\n\t\t\r\n\r\n<h3><strong>Her\u00e8ncies i Successions Familiars<\/strong><\/h3>\r\n<ul>\r\n<li><strong>Planificaci\u00f3 success\u00f2ria:<\/strong> Ajudem a prevenir conflictes futurs mitjan\u00e7ant testaments i acords familiars.<\/li>\r\n<li><strong>Disputes heredit\u00e0ries:<\/strong> Representem els teus interessos en casos de desacords entre hereus.<\/li>\r\n<\/ul>\r\n\t\t\n<style>\n#text-3966462209 {\n  color: rgb(255,255,255);\n}\n#text-3966462209 > * {\n  color: rgb(255,255,255);\n}\n<\/style>\n\t<\/div>\n\t\r\n\r\n\t\t<\/div>\n\t<\/div>\n\t\n\t\r\n\r\n\t\t<\/div>\n\t\t\t\t\t<\/div>\n\n\t\r\n\r\n<\/div>\r\n\r\n\t\t<\/div>\n\n\t\t\n<style>\n#section_952473639 {\n  padding-top: 150px;\n  padding-bottom: 150px;\n}\n#section_952473639 .section-bg-overlay {\n  background-color: #893131;\n}\n<\/style>\n\t<\/section>\n\t\r\n\n\t<section class=\"section\" id=\"section_2135875218\">\n\t\t<div class=\"section-bg fill\" >\n\t\t\t\t\t\t\t\t\t\n\t\t\t\n\n\t\t<\/div>\n\n\t\t\n\n\t\t<div class=\"section-content relative\">\n\t\t\t\r\n\r\n<div class=\"row align-equal\"  id=\"row-1566610786\">\r\n\r\n\n\t<div id=\"col-1019886529\" class=\"col small-12 large-12\"  data-animate=\"fadeInRight\">\n\t\t\t\t<div class=\"col-inner text-left\"  >\n\t\t\t\n\t\t\t\r\n\r\n<h2><strong>Per qu\u00e8 Triar-nos?<\/strong><\/h2>\r\n<ul>\r\n<li><span style=\"color: #893131;\"><strong>Equip Multidisciplinari:<\/strong><\/span> Advocats experts en diferents \u00e0rees del dret per cobrir totes les teves necessitats legals.<\/li>\r\n<li><span style=\"color: #893131;\"><strong>Atenci\u00f3 Personalitzada:<\/strong><\/span> Cada cas \u00e9s \u00fanic, i el nostre enfocament est\u00e0 dissenyat per oferir-te solucions espec\u00edfiques i efectives.<\/li>\r\n<li><span style=\"color: #893131;\"><strong>Experi\u00e8ncia Contrastada:<\/strong><\/span> M\u00e9s de dues d\u00e8cades defensant els interessos dels nostres clients a Barcelona.<\/li>\r\n<li><span style=\"color: #893131;\"><strong>Estrat\u00e8gia Legal a Mida:<\/strong><\/span> Avaluem cada situaci\u00f3 amb rigor per proporcionar-te la millor estrat\u00e8gia possible.<\/li>\r\n<\/ul>\r\n\r\n\r\n\t\t<\/div>\n\t\t\t\t\t<\/div>\n\n\t\r\n\r\n<\/div>\r\n\r\n\t\t<\/div>\n\n\t\t\n<style>\n#section_2135875218 {\n  padding-top: 150px;\n  padding-bottom: 150px;\n}\n<\/style>\n\t<\/section>\n\t\r\n\n\t<section class=\"section\" id=\"section_134251779\">\n\t\t<div class=\"section-bg fill\" >\n\t\t\t\t\t\t\t\t\t<div class=\"section-bg-overlay absolute fill\"><\/div>\n\t\t\t\n\n\t\t<\/div>\n\n\t\t\n\n\t\t<div class=\"section-content relative\">\n\t\t\t\r\n\r\n<div class=\"row align-equal\"  id=\"row-1425417977\">\r\n\r\n\n\t<div id=\"col-1854881972\" class=\"col small-12 large-12\"  >\n\t\t\t\t<div class=\"col-inner\"  >\n\t\t\t\n\t\t\t\r\n\r\n<h2><strong>Preguntes Freq\u00fcents sobre els Nostres Serveis Jur\u00eddics<\/strong><\/h2>\r\n\r\n\t\t<\/div>\n\t\t\t\t\t<\/div>\n\n\t\r\n\n\t<div id=\"col-822919479\" class=\"col medium-4 small-12 large-4\"  >\n\t\t\t\t<div class=\"col-inner\"  >\n\t\t\t\n\t\t\t\r\n\r\n<h3><strong>#0.1 Quins serveis inclouen les consultes inicials?<\/strong><\/h3>\r\n<p>En les nostres consultes inicials analitzem el teu cas, resolem els teus dubtes i et proposem una estrat\u00e8gia adaptada a la teva situaci\u00f3.<\/p>\r\n\r\n\t\t<\/div>\n\t\t\t\t\t<\/div>\n\n\t\r\n\n\t<div id=\"col-1021851335\" class=\"col medium-4 small-12 large-4\"  >\n\t\t\t\t<div class=\"col-inner\"  >\n\t\t\t\n\t\t\t\r\n\r\n<h3><strong>#0.2 Ateneu casos urgents?<br \/>\r\n<\/strong><\/h3>\r\n<p>S\u00ed, disposem d&#8217;un servei per atendre casos urgents que requereixen intervenci\u00f3 immediata, com detencions o embargaments.<\/p>\r\n\r\n\t\t<\/div>\n\t\t\t\t\t<\/div>\n\n\t\r\n\n\t<div id=\"col-115834894\" class=\"col medium-4 small-12 large-4\"  >\n\t\t\t\t<div class=\"col-inner\"  >\n\t\t\t\n\t\t\t\r\n\r\n<h3><strong>#0.3 Puc contractar serveis puntuals o de manera continuada?<\/strong><\/h3>\r\n<p>Oferim serveis tant per a necessitats legals puntuals com per a assessorament continuat, ideal per a empreses i aut\u00f2noms.<\/p>\r\n\r\n\t\t<\/div>\n\t\t\t\t\t<\/div>\n\n\t\r\n\r\n<\/div>\r\n\r\n\t\t<\/div>\n\n\t\t\n<style>\n#section_134251779 {\n  padding-top: 150px;\n  padding-bottom: 150px;\n}\n#section_134251779 .section-bg-overlay {\n  background-color: rgba(233, 233, 233, 0.5);\n}\n<\/style>\n\t<\/section>\n\t\r\n\n\t<section class=\"section\" id=\"section_1118759118\">\n\t\t<div class=\"section-bg fill\" >\n\t\t\t<img loading=\"lazy\" decoding=\"async\" width=\"2560\" height=\"1441\" src=\"https:\/\/gutierrezbelmonteabogados.com\/wp-content\/uploads\/2024\/12\/contacto-abogados-en-barcelona-scaled.webp\" class=\"bg attachment-original size-original\" alt=\"Contacto Abogados En Barcelona\" \/>\t\t\t\t\t\t<div class=\"section-bg-overlay absolute fill\"><\/div>\n\t\t\t\n\n\t\t<\/div>\n\n\t\t\n\n\t\t<div class=\"section-content relative\">\n\t\t\t\r\n\r\n<div class=\"row align-equal\"  id=\"row-1358233483\">\r\n\r\n\n\t<div id=\"col-404279201\" class=\"col small-12 large-12\"  >\n\t\t\t\t<div class=\"col-inner text-left\"  >\n\t\t\t\n\t\t\t\r\n\r\n\t<div id=\"text-3490469791\" class=\"text\">\n\t\t\r\n\r\n<h2><strong>Contacta amb Guti\u00e9rrez Belmonte Advocats<\/strong><\/h2>\r\n\t\t\n<style>\n#text-3490469791 {\n  font-size: 1.2rem;\n  color: rgb(255,255,255);\n}\n#text-3490469791 > * {\n  color: rgb(255,255,255);\n}\n<\/style>\n\t<\/div>\n\t\r\n\r\n\t\t<\/div>\n\t\t\t\t\t<\/div>\n\n\t\r\n\n\t<div id=\"col-1483813622\" class=\"col medium-6 small-12 large-6\"  >\n\t\t\t\t<div class=\"col-inner text-left\"  >\n\t\t\t\n\t\t\t\r\n\r\n\t<div id=\"text-432583531\" class=\"text\">\n\t\t\r\n\r\n<p>Si busques <strong>serveis jur\u00eddics a Barcelona, contacta amb nosaltres<\/strong> per a una consulta confidencial. A <strong>Guti\u00e9rrez Belmonte Advocats<\/strong>, estem compromesos amb l&#8217;excel\u00b7l\u00e8ncia i dedicaci\u00f3 en la resoluci\u00f3 dels teus assumptes legals.<\/p>\r\n\t\t\n<style>\n#text-432583531 {\n  color: rgb(255,255,255);\n}\n#text-432583531 > * {\n  color: rgb(255,255,255);\n}\n<\/style>\n\t<\/div>\n\t\r\n<a href=\"\/ca\/contacte\/\" class=\"button primary is-small lowercase\" style=\"padding:5px 35px 5px 35px;\">\n\t\t<span>Truca'ns ara<\/span>\n\t<i class=\"icon-angle-right\" aria-hidden=\"true\"><\/i><\/a>\n\r\n\r\n\r\n\t\t<\/div>\n\t\t\t\t\t<\/div>\n\n\t\r\n\n\t<div id=\"col-569072355\" class=\"col medium-6 small-12 large-6\"  >\n\t\t\t\t<div class=\"col-inner text-left\" style=\"background-color:#893131;\" >\n\t\t\t\n\t\t\t\r\n\r\n\t<div id=\"text-752060043\" class=\"text\">\n\t\t\r\n\r\n<p>Serveis en l\u00ednia de consultes jur\u00eddiques. Si no pots despla\u00e7ar-te a les nostres oficines o simplement prefereixes gestionar el teu temps de forma eficient, t&#8217;oferim l&#8217;opci\u00f3 de fer-nos la teva consulta mitjan\u00e7ant plataforma telem\u00e0tica. Desde casa teva o la teva feina i sense necessitat de despla\u00e7aments i amb la qualitat de la visita presencial.<\/p>\r\n\t\t\n<style>\n#text-752060043 {\n  color: rgb(255,255,255);\n}\n#text-752060043 > * {\n  color: rgb(255,255,255);\n}\n<\/style>\n\t<\/div>\n\t\r\n\r\n\t\t<\/div>\n\t\t\t\t\n<style>\n#col-569072355 > .col-inner {\n  padding: 25px 25px 25px 25px;\n}\n<\/style>\n\t<\/div>\n\n\t\r\n\r\n<\/div>\r\n\r\n\t\t<\/div>\n\n\t\t\n<style>\n#section_1118759118 {\n  padding-top: 150px;\n  padding-bottom: 150px;\n}\n#section_1118759118 .section-bg-overlay {\n  background-color: rgba(0,0,0,.5);\n}\n<\/style>\n\t<\/section>\n\t\r\n\r\n","protected":false},"excerpt":{"rendered":"","protected":false},"author":1,"featured_media":0,"parent":0,"menu_order":0,"comment_status":"closed","ping_status":"closed","template":"page-transparent-header-light.php","meta":{"footnotes":""},"class_list":["post-1509","page","type-page","status-publish","hentry"],"_links":{"self":[{"href":"https:\/\/gutierrezbelmonteabogados.com\/ca\/wp-json\/wp\/v2\/pages\/1509","targetHints":{"allow":["GET"]}}],"collection":[{"href":"https:\/\/gutierrezbelmonteabogados.com\/ca\/wp-json\/wp\/v2\/pages"}],"about":[{"href":"https:\/\/gutierrezbelmonteabogados.com\/ca\/wp-json\/wp\/v2\/types\/page"}],"author":[{"embeddable":true,"href":"https:\/\/gutierrezbelmonteabogados.com\/ca\/wp-json\/wp\/v2\/users\/1"}],"replies":[{"embeddable":true,"href":"https:\/\/gutierrezbelmonteabogados.com\/ca\/wp-json\/wp\/v2\/comments?post=1509"}],"version-history":[{"count":4,"href":"https:\/\/gutierrezbelmonteabogados.com\/ca\/wp-json\/wp\/v2\/pages\/1509\/revisions"}],"predecessor-version":[{"id":1609,"href":"https:\/\/gutierrezbelmonteabogados.com\/ca\/wp-json\/wp\/v2\/pages\/1509\/revisions\/1609"}],"wp:attachment":[{"href":"https:\/\/gutierrezbelmonteabogados.com\/ca\/wp-json\/wp\/v2\/media?parent=1509"}],"curies":[{"name":"wp","href":"https:\/\/api.w.org\/{rel}","templated":true}]}}