{"id":1504,"date":"2024-12-12T11:15:43","date_gmt":"2024-12-12T09:15:43","guid":{"rendered":"https:\/\/gutierrezbelmonteabogados.com\/?page_id=1504"},"modified":"2025-06-07T10:59:27","modified_gmt":"2025-06-07T08:59:27","slug":"advocat-penalista-a-barcelona","status":"publish","type":"page","link":"https:\/\/gutierrezbelmonteabogados.com\/ca\/advocat-penalista-a-barcelona\/","title":{"rendered":"Dret Penal"},"content":{"rendered":"\r\n\n  <div class=\"banner has-hover\" id=\"banner-1989541740\">\n          <div class=\"banner-inner fill\">\n        <div class=\"banner-bg fill\" >\n            <img loading=\"lazy\" decoding=\"async\" width=\"2560\" height=\"1708\" src=\"https:\/\/gutierrezbelmonteabogados.com\/wp-content\/uploads\/2025\/03\/defensa-penal-scaled.webp\" class=\"bg attachment-original size-original\" alt=\"Defensa Penal\" \/>                        <div class=\"overlay\"><\/div>            \n                    <\/div>\n\t\t\n        <div class=\"banner-layers container\">\n            <div class=\"fill banner-link\"><\/div>            \r\n\r\n   <div id=\"text-box-597407734\" class=\"text-box banner-layer x50 md-x50 lg-x50 y50 md-y50 lg-y50 res-text\">\n                                <div class=\"text-box-content text dark\">\n              \n              <div class=\"text-inner text-center\">\n                  \r\n\r\n\t<div id=\"text-1699002159\" class=\"text\">\n\t\t\r\n\r\n<p class=\"centrar\"><span><span><a href=\"https:\/\/gutierrezbelmonteabogados.com\/ca\/\">Guti\u00e9rrez Belmonte Abogados<\/a><\/span><\/span>\r\n\t\t\n<style>\n#text-1699002159 {\n  font-size: 1rem;\n  text-align: center;\n}\n@media (min-width:550px) {\n  #text-1699002159 {\n    font-size: 0.75rem;\n    text-align: center;\n  }\n}\n<\/style>\n\t<\/div>\n\t\r\n\t<div id=\"text-875231878\" class=\"text\">\n\t\t\r\n\r\n<h1>Especialistes en Dret Penal a Barcelona<\/h1>\r\n\t\t\n<style>\n#text-875231878 {\n  font-size: 1rem;\n  text-align: center;\n}\n@media (min-width:550px) {\n  #text-875231878 {\n    font-size: 0.75rem;\n    text-align: center;\n  }\n}\n<\/style>\n\t<\/div>\n\t\r\n<a href=\"\/ca\/contacte\/\" class=\"button secondary is-small lowercase\" style=\"padding:5px 35px 5px 35px;\">\n\t\t<span>Contacta ara<\/span>\n\t<i class=\"icon-angle-right\" aria-hidden=\"true\"><\/i><\/a>\n\r\n\r\n              <\/div>\n           <\/div>\n                            \n<style>\n#text-box-597407734 {\n  width: 90%;\n}\n#text-box-597407734 .text-box-content {\n  font-size: 100%;\n}\n@media (min-width:550px) {\n  #text-box-597407734 {\n    width: 100%;\n  }\n}\n<\/style>\n    <\/div>\n \r\n\r\n        <\/div>\n      <\/div>\n\n            \n<style>\n#banner-1989541740 {\n  padding-top: 700px;\n}\n#banner-1989541740 .overlay {\n  background-color: rgba(137, 49, 49, 0.5);\n}\n#banner-1989541740 .banner-bg img {\n  object-position: 0% 85%;\n}\n<\/style>\n  <\/div>\n\n\r\n\n\t<section class=\"section\" id=\"section_728153047\">\n\t\t<div class=\"section-bg fill\" >\n\t\t\t\t\t\t\t\t\t\n\t\t\t\n\n\t\t<\/div>\n\n\t\t\n\n\t\t<div class=\"section-content relative\">\n\t\t\t\r\n\r\n<div class=\"row align-middle\"  id=\"row-1671757471\">\r\n\r\n\n\t<div id=\"col-883927146\" class=\"col small-12 large-12\"  >\n\t\t\t\t<div class=\"col-inner text-left\"  >\n\t\t\t\n\t\t\t\r\n\r\n<h2><strong>Per qu\u00e8 triar-nos com a advocats penalistes a Barcelona?<\/strong><\/h2>\r\n\r\n\t\t<\/div>\n\t\t\t\t\t<\/div>\n\n\t\r\n\n\t<div id=\"col-343094479\" class=\"col medium-6 small-12 large-6\"  >\n\t\t\t\t<div class=\"col-inner text-left\"  >\n\t\t\t\n\t\t\t\r\n\r\n<p>A Guti\u00e9rrez Belmonte Advocats, entenem la complexitat i sensibilitat d&#8217;un procediment penal. Per aix\u00f2 oferim un enfocament personalitzat, analitzant cada cas amb rigor i buscant sempre la millor estrat\u00e8gia per defensar els teus drets.<\/p>\r\n<a href=\"\/ca\/despatx-advocats-a-barcelona\/\" class=\"button primary is-outline is-small box-shadow-2 box-shadow-5-hover lowercase\" style=\"padding:5px 35px 5px 35px;\">\n\t\t<span>Coneix el despatx<\/span>\n\t<i class=\"icon-angle-right\" aria-hidden=\"true\"><\/i><\/a>\n\r\n\r\n\t\t<\/div>\n\t\t\t\t\t<\/div>\n\n\t\r\n\n\t<div id=\"col-1313756788\" class=\"col medium-6 small-12 large-6\"  >\n\t\t\t\t<div class=\"col-inner text-left\" style=\"background-color:#893131;\" >\n\t\t\t\n\t\t\t\r\n\r\n\t<div id=\"text-2536318117\" class=\"text\">\n\t\t\r\n\r\n<p>El nostre equip combina experi\u00e8ncia, coneixement actualitzat de la normativa i un comprom\u00eds total amb cada client. Tant si ets acusat com si ets v\u00edctima, comptar\u00e0s amb un advocat penalista que t&#8217;acompanyar\u00e0 a cada pas del proc\u00e9s.<\/p>\r\n\t\t\n<style>\n#text-2536318117 {\n  color: rgb(255,255,255);\n}\n#text-2536318117 > * {\n  color: rgb(255,255,255);\n}\n<\/style>\n\t<\/div>\n\t\r\n\r\n\t\t<\/div>\n\t\t\t\t\n<style>\n#col-1313756788 > .col-inner {\n  padding: 25px 25px 25px 25px;\n}\n<\/style>\n\t<\/div>\n\n\t\r\n\r\n<\/div>\r\n\r\n\t\t<\/div>\n\n\t\t\n<style>\n#section_728153047 {\n  padding-top: 150px;\n  padding-bottom: 150px;\n}\n<\/style>\n\t<\/section>\n\t\r\n\n\t<section class=\"section\" id=\"section_369189775\">\n\t\t<div class=\"section-bg fill\" >\n\t\t\t\t\t\t\t\t\t<div class=\"section-bg-overlay absolute fill\"><\/div>\n\t\t\t\n\n\t\t<\/div>\n\n\t\t\n\n\t\t<div class=\"section-content relative\">\n\t\t\t\r\n\r\n<div class=\"row align-equal\"  id=\"row-521912327\">\r\n\r\n\n\t<div id=\"col-771893575\" class=\"col small-12 large-12\"  >\n\t\t\t\t<div class=\"col-inner text-left\"  >\n\t\t\t\n\t\t\t\r\n\r\n\t<div id=\"text-3499863335\" class=\"text\">\n\t\t\r\n\r\n<h2><strong>\u00c0rees d&#8217;especialitzaci\u00f3 en Dret Penal<\/strong><\/h2>\r\n\t\t\n<style>\n#text-3499863335 {\n  color: rgb(255, 255, 255);\n}\n#text-3499863335 > * {\n  color: rgb(255, 255, 255);\n}\n<\/style>\n\t<\/div>\n\t\r\n\t<div id=\"text-507420674\" class=\"text\">\n\t\t\r\n\r\n<p>A Guti\u00e9rrez Belmonte Advocats oferim una \u00e0mplia gamma de serveis dins del Dret Penal:<\/p>\r\n\t\t\n<style>\n#text-507420674 {\n  color: rgb(255,255,255);\n}\n#text-507420674 > * {\n  color: rgb(255,255,255);\n}\n<\/style>\n\t<\/div>\n\t\r\n\r\n\t\t<\/div>\n\t\t\t\t\t<\/div>\n\n\t\r\n\r\n<!-- (Aqu\u00ed ir\u00edan los bloques de especializaci\u00f3n traducidos al catal\u00e1n como ya hicimos, seguidos por la secci\u00f3n del enfocament i FAQs) -->\r\n\r\n<\/div>\r\n\r\n\t\t<\/div>\n\n\t\t\n<style>\n#section_369189775 {\n  padding-top: 150px;\n  padding-bottom: 150px;\n}\n#section_369189775 .section-bg-overlay {\n  background-color: #893131;\n}\n<\/style>\n\t<\/section>\n\t\r\n\n\t<section class=\"section\" id=\"section_689222449\">\n\t\t<div class=\"section-bg fill\" >\n\t\t\t\t\t\t\t\t\t\n\t\t\t\n\n\t\t<\/div>\n\n\t\t\n\n\t\t<div class=\"section-content relative\">\n\t\t\t\r\n\r\n<div class=\"row align-equal\"  id=\"row-802463546\">\r\n\r\n\n\t<div id=\"col-1082280206\" class=\"col medium-4 small-12 large-4\"  data-animate=\"fadeInLeft\">\n\t\t\t\t<div class=\"col-inner text-left\" style=\"background-color:#893131;\" >\n\t\t\t\n\t\t\t\r\n\r\n\t<div id=\"text-3302871795\" class=\"text\">\n\t\t\r\n\r\n<h2><strong>El nostre enfocament en la defensa penal<\/strong><\/h2>\r\n\t\t\n<style>\n#text-3302871795 {\n  color: rgb(255,255,255);\n}\n#text-3302871795 > * {\n  color: rgb(255,255,255);\n}\n<\/style>\n\t<\/div>\n\t\r\n\t<div id=\"text-4288750398\" class=\"text\">\n\t\t\r\n\r\n<p>Analitzem a fons els fets, identifiquem possibles vulneracions de drets i elaborem una estrat\u00e8gia adaptada a les teves necessitats. Aquest enfocament ens permet actuar amb efic\u00e0cia tant en la fase d&#8217;instrucci\u00f3 com en el judici.<\/p>\r\n\t\t\n<style>\n#text-4288750398 {\n  color: rgb(255,255,255);\n}\n#text-4288750398 > * {\n  color: rgb(255,255,255);\n}\n<\/style>\n\t<\/div>\n\t\r\n\r\n\t\t<\/div>\n\t\t\t\t\n<style>\n#col-1082280206 > .col-inner {\n  padding: 25px 25px 25px 25px;\n}\n<\/style>\n\t<\/div>\n\n\t\r\n\n\t<div id=\"col-448890035\" class=\"col medium-8 small-12 large-8\"  data-animate=\"fadeInRight\">\n\t\t\t\t<div class=\"col-inner text-left\"  >\n\t\t\t\n\t\t\t\r\n\r\n<h2><strong>Com treballem?<\/strong><\/h2>\r\n<ol>\r\n<li><span style=\"color: #893131;\"><strong>Primera consulta confidencial:<\/strong><\/span> Avaluem el teu cas, identifiquem riscos i oportunitats.<\/li>\r\n<li><strong><span style=\"color: #893131;\">Disseny de l&#8217;estrat\u00e8gia:<\/span><\/strong> Elaborem un pla de defensa personalitzat buscant la millor soluci\u00f3.<\/li>\r\n<li><strong><span style=\"color: #893131;\">Acompanyament integral:<\/span><\/strong> Et representem en totes les fases del proc\u00e9s, inclosos recursos si cal.<\/li>\r\n<\/ol>\r\n<a href=\"\/ca\/serveis-juridics-a-barcelona\/\" class=\"button primary is-outline is-small box-shadow-2 box-shadow-5-hover lowercase\" style=\"padding:5px 35px 5px 35px;\">\n\t\t<span>Serveis jur\u00eddics<\/span>\n\t<i class=\"icon-angle-right\" aria-hidden=\"true\"><\/i><\/a>\n\r\n\r\n\t\t<\/div>\n\t\t\t\t\t<\/div>\n\n\t\r\n\r\n<\/div>\r\n\r\n\t\t<\/div>\n\n\t\t\n<style>\n#section_689222449 {\n  padding-top: 150px;\n  padding-bottom: 150px;\n}\n<\/style>\n\t<\/section>\n\t\r\n\n\t<section class=\"section\" id=\"section_460051193\">\n\t\t<div class=\"section-bg fill\" >\n\t\t\t\t\t\t\t\t\t<div class=\"section-bg-overlay absolute fill\"><\/div>\n\t\t\t\n\n\t\t<\/div>\n\n\t\t\n\n\t\t<div class=\"section-content relative\">\n\t\t\t\r\n\r\n<div class=\"row align-equal\"  id=\"row-817362942\">\r\n\r\n\n\t<div id=\"col-45178531\" class=\"col small-12 large-12\"  >\n\t\t\t\t<div class=\"col-inner\"  >\n\t\t\t\n\t\t\t\r\n\r\n<h2><strong>Preguntes freq\u00fcents sobre Dret Penal<\/strong><\/h2>\r\n\r\n\t\t<\/div>\n\t\t\t\t\t<\/div>\n\n\t\r\n\n\t<div id=\"col-1521476552\" class=\"col medium-4 small-12 large-4\"  >\n\t\t\t\t<div class=\"col-inner\"  >\n\t\t\t\n\t\t\t\r\n\r\n<h3><strong>#0.1 Qu\u00e8 he de fer si m&#8217;acusen d&#8217;un delicte?<\/strong><\/h3>\r\n<p>\u00c9s fonamental no declarar sense l&#8217;assessorament d&#8217;un advocat penalista. Contacta amb nosaltres al m\u00e9s aviat possible, t&#8217;ajudarem i analitzarem el teu cas.<\/p>\r\n\r\n\t\t<\/div>\n\t\t\t\t\t<\/div>\n\n\t\r\n\n\t<div id=\"col-2101912290\" class=\"col medium-4 small-12 large-4\"  >\n\t\t\t\t<div class=\"col-inner\"  >\n\t\t\t\n\t\t\t\r\n\r\n<h3><strong>#0.2 Qu\u00e8 passa si s\u00f3c v\u00edctima d\u2019un delicte?<\/strong><\/h3>\r\n<p>T&#8217;ajudem a presentar den\u00fancia, iniciar accions legals contra el culpable i garantir que es faci just\u00edcia.<\/p>\r\n\r\n\t\t<\/div>\n\t\t\t\t\t<\/div>\n\n\t\r\n\n\t<div id=\"col-383653073\" class=\"col medium-4 small-12 large-4\"  >\n\t\t\t\t<div class=\"col-inner\"  >\n\t\t\t\n\t\t\t\r\n\r\n<h3><strong>#0.3 Qu\u00e8 passa si no estic d&#8217;acord amb la sent\u00e8ncia?<\/strong><\/h3>\r\n<p>Tens dret a presentar un recurs. Avaluarem el teu cas per valorar les possibilitats d\u2019\u00e8xit.<\/p>\r\n\r\n\t\t<\/div>\n\t\t\t\t\t<\/div>\n\n\t\r\n\r\n<\/div>\r\n\r\n\t\t<\/div>\n\n\t\t\n<style>\n#section_460051193 {\n  padding-top: 150px;\n  padding-bottom: 150px;\n}\n#section_460051193 .section-bg-overlay {\n  background-color: rgba(233, 233, 233, 0.5);\n}\n<\/style>\n\t<\/section>\n\t\r\n\n\t<section class=\"section\" id=\"section_596133362\">\n\t\t<div class=\"section-bg fill\" >\n\t\t\t<img loading=\"lazy\" decoding=\"async\" width=\"2560\" height=\"1441\" src=\"https:\/\/gutierrezbelmonteabogados.com\/wp-content\/uploads\/2024\/12\/contacto-abogados-en-barcelona-scaled.webp\" class=\"bg attachment-original size-original\" alt=\"Contacto Abogados En Barcelona\" \/>\t\t\t\t\t\t<div class=\"section-bg-overlay absolute fill\"><\/div>\n\t\t\t\n\n\t\t<\/div>\n\n\t\t\n\n\t\t<div class=\"section-content relative\">\n\t\t\t\r\n\r\n<div class=\"row\"  id=\"row-1323926278\">\r\n\r\n\n\t<div id=\"col-557058955\" class=\"col medium-6 small-12 large-6\"  >\n\t\t\t\t<div class=\"col-inner text-left\"  >\n\t\t\t\n\t\t\t\r\n\r\n\t<div id=\"text-1522260172\" class=\"text\">\n\t\t\r\n\r\n<h2><strong>Contacta amb els nostres advocats penalistes a Barcelona<\/strong><\/h2>\r\n\t\t\n<style>\n#text-1522260172 {\n  font-size: 1.2rem;\n  color: rgb(255,255,255);\n}\n#text-1522260172 > * {\n  color: rgb(255,255,255);\n}\n<\/style>\n\t<\/div>\n\t\r\n\t<div id=\"text-4032557569\" class=\"text\">\n\t\t\r\n\r\n<p>Si necessites assessorament legal en mat\u00e8ria penal, no dubtis a posar-te en contacte amb nosaltres. A Guti\u00e9rrez Belmonte Advocats, t\u2019oferim una consulta inicial per analitzar la teva situaci\u00f3 i explicar-te els passos a seguir.<\/p>\r\n\t\t\n<style>\n#text-4032557569 {\n  color: rgb(255,255,255);\n}\n#text-4032557569 > * {\n  color: rgb(255,255,255);\n}\n<\/style>\n\t<\/div>\n\t\r\n<a href=\"\/ca\/contacte\/\" class=\"button primary is-small lowercase\" style=\"padding:5px 35px 5px 35px;\">\n\t\t<span>Truca'ns ara<\/span>\n\t<i class=\"icon-angle-right\" aria-hidden=\"true\"><\/i><\/a>\n\r\n\r\n\t\t<\/div>\n\t\t\t\t\t<\/div>\n\n\t\r\n\r\n\n<style>\n#row-1323926278 > .col > .col-inner {\n  padding: 30px 0px 0px 0px;\n}\n<\/style>\n<\/div>\r\n\r\n\t\t<\/div>\n\n\t\t\n<style>\n#section_596133362 {\n  padding-top: 150px;\n  padding-bottom: 150px;\n}\n#section_596133362 .section-bg-overlay {\n  background-color: rgba(0,0,0,.5);\n}\n<\/style>\n\t<\/section>\n\t\r\n\r\n","protected":false},"excerpt":{"rendered":"","protected":false},"author":1,"featured_media":0,"parent":0,"menu_order":0,"comment_status":"closed","ping_status":"closed","template":"page-transparent-header-light.php","meta":{"footnotes":""},"class_list":["post-1504","page","type-page","status-publish","hentry"],"_links":{"self":[{"href":"https:\/\/gutierrezbelmonteabogados.com\/ca\/wp-json\/wp\/v2\/pages\/1504","targetHints":{"allow":["GET"]}}],"collection":[{"href":"https:\/\/gutierrezbelmonteabogados.com\/ca\/wp-json\/wp\/v2\/pages"}],"about":[{"href":"https:\/\/gutierrezbelmonteabogados.com\/ca\/wp-json\/wp\/v2\/types\/page"}],"author":[{"embeddable":true,"href":"https:\/\/gutierrezbelmonteabogados.com\/ca\/wp-json\/wp\/v2\/users\/1"}],"replies":[{"embeddable":true,"href":"https:\/\/gutierrezbelmonteabogados.com\/ca\/wp-json\/wp\/v2\/comments?post=1504"}],"version-history":[{"count":3,"href":"https:\/\/gutierrezbelmonteabogados.com\/ca\/wp-json\/wp\/v2\/pages\/1504\/revisions"}],"predecessor-version":[{"id":1617,"href":"https:\/\/gutierrezbelmonteabogados.com\/ca\/wp-json\/wp\/v2\/pages\/1504\/revisions\/1617"}],"wp:attachment":[{"href":"https:\/\/gutierrezbelmonteabogados.com\/ca\/wp-json\/wp\/v2\/media?parent=1504"}],"curies":[{"name":"wp","href":"https:\/\/api.w.org\/{rel}","templated":true}]}}