{"id":1497,"date":"2025-03-18T14:34:55","date_gmt":"2025-03-18T12:34:55","guid":{"rendered":"https:\/\/gutierrezbelmonteabogados.com\/?page_id=1497"},"modified":"2025-06-07T10:59:14","modified_gmt":"2025-06-07T08:59:14","slug":"advocat-herencies-successions-a-barcelona","status":"publish","type":"page","link":"https:\/\/gutierrezbelmonteabogados.com\/ca\/advocat-herencies-successions-a-barcelona\/","title":{"rendered":"Herencies Successions"},"content":{"rendered":"\r\n\n  <div class=\"banner has-hover\" id=\"banner-938776845\">\n          <div class=\"banner-inner fill\">\n        <div class=\"banner-bg fill\" >\n            <img loading=\"lazy\" decoding=\"async\" width=\"2560\" height=\"1611\" src=\"https:\/\/gutierrezbelmonteabogados.com\/wp-content\/uploads\/2025\/03\/herencias-scaled.webp\" class=\"bg attachment-original size-original\" alt=\"Herencias\" \/>                        <div class=\"overlay\"><\/div>            \n                    <\/div>\n\t\t\n        <div class=\"banner-layers container\">\n            <div class=\"fill banner-link\"><\/div>            \r\n\r\n   <div id=\"text-box-1479786819\" class=\"text-box banner-layer x50 md-x5 lg-x5 y35 md-y35 lg-y35 res-text\">\n                                <div class=\"text-box-content text dark\">\n              \n              <div class=\"text-inner text-center\">\n                  \r\n\r\n\t<div id=\"text-1076711130\" class=\"text\">\n\t\t\r\n\r\n<p class=\"centrar\"><span><span><a href=\"https:\/\/gutierrezbelmonteabogados.com\/ca\/\">Guti\u00e9rrez Belmonte Abogados<\/a><\/span><\/span>\r\n\t\t\n<style>\n#text-1076711130 {\n  font-size: 1rem;\n  text-align: center;\n}\n@media (min-width:550px) {\n  #text-1076711130 {\n    font-size: 0.75rem;\n    text-align: center;\n  }\n}\n<\/style>\n\t<\/div>\n\t\r\n\t<div id=\"text-443521907\" class=\"text\">\n\t\t\r\n\r\n<h1>Advocat d&#8217;her\u00e8ncies i successions a Barcelona<\/h1>\r\n\t\t\n<style>\n#text-443521907 {\n  font-size: 1rem;\n  text-align: center;\n}\n@media (min-width:550px) {\n  #text-443521907 {\n    font-size: 0.75rem;\n    text-align: center;\n  }\n}\n<\/style>\n\t<\/div>\n\t\r\n<a href=\"\/ca\/contacte\/\" class=\"button secondary is-small lowercase\" style=\"padding:5px 35px 5px 35px;\">\n\t\t<span>Contacta ara<\/span>\n\t<i class=\"icon-angle-right\" aria-hidden=\"true\"><\/i><\/a>\n\r\n\r\n\r\n              <\/div>\n           <\/div>\n                            \n<style>\n#text-box-1479786819 {\n  width: 90%;\n}\n#text-box-1479786819 .text-box-content {\n  font-size: 100%;\n}\n@media (min-width:550px) {\n  #text-box-1479786819 {\n    width: 100%;\n  }\n}\n<\/style>\n    <\/div>\n \r\n\r\n        <\/div>\n      <\/div>\n\n            \n<style>\n#banner-938776845 {\n  padding-top: 700px;\n}\n#banner-938776845 .overlay {\n  background-color: rgba(137, 49, 49, 0.5);\n}\n#banner-938776845 .banner-bg img {\n  object-position: 59% 0%;\n}\n<\/style>\n  <\/div>\n\n\r\n\n\t<section class=\"section\" id=\"section_801302117\">\n\t\t<div class=\"section-bg fill\" >\n\t\t\t\t\t\t\t\t\t\n\t\t\t\n\n\t\t<\/div>\n\n\t\t\n\n\t\t<div class=\"section-content relative\">\n\t\t\t\r\n\r\n<div class=\"row align-middle\"  id=\"row-883183757\">\r\n\r\n\n\t<div id=\"col-1375485362\" class=\"col small-12 large-12\"  >\n\t\t\t\t<div class=\"col-inner text-left\"  >\n\t\t\t\n\t\t\t\r\n\r\n\t<div id=\"text-2785823726\" class=\"text\">\n\t\t\r\n\r\n<h2><strong>Assessorament Integral en Dret de Fam\u00edlia<\/strong><\/h2>\r\n\t\t\n<style>\n#text-2785823726 {\n  font-size: 1.2rem;\n}\n<\/style>\n\t<\/div>\n\t\r\n\r\n\t\t<\/div>\n\t\t\t\t\t<\/div>\n\n\t\r\n\r\n<\/div>\r\n<div class=\"row align-middle\"  id=\"row-641696712\">\r\n\r\n\n\t<div id=\"col-1140994289\" class=\"col medium-6 small-12 large-6\"  >\n\t\t\t\t<div class=\"col-inner text-left\"  >\n\t\t\t\n\t\t\t\r\n\r\n<p>A <strong>Guti\u00e9rrez Belmonte Advocats<\/strong>, oferim un servei especialitzat en <strong>her\u00e8ncies i successions<\/strong> a Barcelona. Entenem que la gesti\u00f3 d&#8217;una her\u00e8ncia pot ser un proc\u00e9s complicat, tant a nivell legal com emocional. El nostre objectiu \u00e9s oferir-li un <strong>assessorament clar, eficient i personalitzat<\/strong>, assegurant que es respectin els seus drets i es compleixin tots els requisits legals.<\/p>\r\n<a href=\"\/ca\/despatx-advocats-a-barcelona\/\" class=\"button primary is-outline is-small lowercase\" style=\"padding:5px 35px 5px 35px;\">\n\t\t<span>Coneix el despatx<\/span>\n\t<i class=\"icon-angle-right\" aria-hidden=\"true\"><\/i><\/a>\n\r\n\r\n\r\n\t\t<\/div>\n\t\t\t\t\t<\/div>\n\n\t\r\n\n\t<div id=\"col-615115715\" class=\"col medium-6 small-12 large-6\"  >\n\t\t\t\t<div class=\"col-inner text-left\" style=\"background-color:#893131;\" >\n\t\t\t\n\t\t\t\r\n\r\n\t<div id=\"text-501896843\" class=\"text\">\n\t\t\r\n\r\n<p>Ja sigui que necessiti ajuda amb la planificaci\u00f3 de la seva her\u00e8ncia, l&#8217;acceptaci\u00f3 i repartiment de b\u00e9ns, o la resoluci\u00f3 de conflictes entre hereus, som aqu\u00ed per guiar-lo en cada pas del proc\u00e9s.<\/p>\r\n\t\t\n<style>\n#text-501896843 {\n  color: rgb(255,255,255);\n}\n#text-501896843 > * {\n  color: rgb(255,255,255);\n}\n<\/style>\n\t<\/div>\n\t\r\n\r\n\t\t<\/div>\n\t\t\t\t\n<style>\n#col-615115715 > .col-inner {\n  padding: 25px 25px 25px 25px;\n}\n<\/style>\n\t<\/div>\n\n\t\r\n\r\n<\/div>\r\n\r\n\t\t<\/div>\n\n\t\t\n<style>\n#section_801302117 {\n  padding-top: 150px;\n  padding-bottom: 150px;\n}\n<\/style>\n\t<\/section>\n\t\r\n\n\t<section class=\"section\" id=\"section_1605277229\">\n\t\t<div class=\"section-bg fill\" >\n\t\t\t\t\t\t\t\t\t<div class=\"section-bg-overlay absolute fill\"><\/div>\n\t\t\t\n\n\t\t<\/div>\n\n\t\t\n\n\t\t<div class=\"section-content relative\">\n\t\t\t\r\n\r\n<div class=\"row align-equal\"  id=\"row-81441357\">\r\n\r\n\n\t<div id=\"col-2047187681\" class=\"col small-12 large-12\"  >\n\t\t\t\t<div class=\"col-inner text-left\"  >\n\t\t\t\n\t\t\t\r\n\r\n\t<div id=\"text-2933633103\" class=\"text\">\n\t\t\r\n\r\n<h2><strong>Serveis de Dret Successori<\/strong><\/h2>\r\n\t\t\n<style>\n#text-2933633103 {\n  font-size: 1.2rem;\n  color: rgb(255, 255, 255);\n}\n#text-2933633103 > * {\n  color: rgb(255, 255, 255);\n}\n<\/style>\n\t<\/div>\n\t\r\n\r\n\t\t<\/div>\n\t\t\t\t\t<\/div>\n\n\t\r\n\n\t<div id=\"col-727428249\" class=\"col medium-4 small-12 large-4\"  data-animate=\"fadeInUp\">\n\t\t\t\t<div class=\"col-inner text-left\"  >\n\t\t\t\n\t\t\t\r\n\r\n\n\t\t<div class=\"icon-box featured-box icon-box-top text-left\"  >\n\t\t\t\t\t<div class=\"icon-box-img\" style=\"width: 60px\">\n\t\t\t\t<div class=\"icon\">\n\t\t\t\t\t<div class=\"icon-inner\" >\n\t\t\t\t\t\t<img loading=\"lazy\" decoding=\"async\" width=\"1\" height=\"1\" src=\"https:\/\/gutierrezbelmonteabogados.com\/wp-content\/uploads\/2025\/01\/icon-law-white.svg\" class=\"attachment-medium size-medium\" alt=\"Icon Law White\" \/>\t\t\t\t\t<\/div>\n\t\t\t\t<\/div>\n\t\t\t<\/div>\n\t\t\t\t<div class=\"icon-box-text last-reset\">\n\t\t\t\t\t\t\t\t\t\r\n\r\n\t<div id=\"text-3715329524\" class=\"text\">\n\t\t\r\n\r\n<h3><strong>Redacci\u00f3 i Revisi\u00f3 de Testaments<\/strong><\/h3>\r\n<p>L&#8217;assessorem en la redacci\u00f3 del seu testament per garantir que es compleixi la seva voluntat i evitar problemes futurs entre els hereus. Tamb\u00e9 revisem testaments ja redactats per assegurar-ne la validesa i legalitat.<\/p>\r\n\t\t\n<style>\n#text-3715329524 {\n  color: rgb(255,255,255);\n}\n#text-3715329524 > * {\n  color: rgb(255,255,255);\n}\n<\/style>\n\t<\/div>\n\t\r\n\r\n\t\t<\/div>\n\t<\/div>\n\t\n\t\r\n\r\n\t\t<\/div>\n\t\t\t\t\t<\/div>\n\n\t\r\n\n\t<div id=\"col-902641876\" class=\"col medium-4 small-12 large-4\"  data-animate=\"fadeInUp\">\n\t\t\t\t<div class=\"col-inner text-left\"  >\n\t\t\t\n\t\t\t\r\n\r\n\n\t\t<div class=\"icon-box featured-box icon-box-top text-left\"  >\n\t\t\t\t\t<div class=\"icon-box-img\" style=\"width: 60px\">\n\t\t\t\t<div class=\"icon\">\n\t\t\t\t\t<div class=\"icon-inner\" >\n\t\t\t\t\t\t<img loading=\"lazy\" decoding=\"async\" width=\"1\" height=\"1\" src=\"https:\/\/gutierrezbelmonteabogados.com\/wp-content\/uploads\/2025\/01\/icon-law-white.svg\" class=\"attachment-medium size-medium\" alt=\"Icon Law White\" \/>\t\t\t\t\t<\/div>\n\t\t\t\t<\/div>\n\t\t\t<\/div>\n\t\t\t\t<div class=\"icon-box-text last-reset\">\n\t\t\t\t\t\t\t\t\t\r\n\r\n\t<div id=\"text-3218686715\" class=\"text\">\n\t\t\r\n\r\n<h3><strong>Declaraci\u00f3 d&#8217;Hereus<\/strong><\/h3>\r\n<p>Si una persona mor sense testament, cal fer una declaraci\u00f3 d&#8217;hereus abintestat per determinar qui s\u00f3n els beneficiaris legals. Ens encarreguem de gestionar aquest procediment de manera \u00e0gil i efectiva.<\/p>\r\n\t\t\n<style>\n#text-3218686715 {\n  color: rgb(255,255,255);\n}\n#text-3218686715 > * {\n  color: rgb(255,255,255);\n}\n<\/style>\n\t<\/div>\n\t\r\n\r\n\t\t<\/div>\n\t<\/div>\n\t\n\t\r\n\r\n\t\t<\/div>\n\t\t\t\t\t<\/div>\n\n\t\r\n\n\t<div id=\"col-1587275834\" class=\"col medium-4 small-12 large-4\"  data-animate=\"fadeInUp\">\n\t\t\t\t<div class=\"col-inner text-left\"  >\n\t\t\t\n\t\t\t\r\n\r\n\n\t\t<div class=\"icon-box featured-box icon-box-top text-left\"  >\n\t\t\t\t\t<div class=\"icon-box-img\" style=\"width: 60px\">\n\t\t\t\t<div class=\"icon\">\n\t\t\t\t\t<div class=\"icon-inner\" >\n\t\t\t\t\t\t<img loading=\"lazy\" decoding=\"async\" width=\"1\" height=\"1\" src=\"https:\/\/gutierrezbelmonteabogados.com\/wp-content\/uploads\/2025\/01\/icon-law-white.svg\" class=\"attachment-medium size-medium\" alt=\"Icon Law White\" \/>\t\t\t\t\t<\/div>\n\t\t\t\t<\/div>\n\t\t\t<\/div>\n\t\t\t\t<div class=\"icon-box-text last-reset\">\n\t\t\t\t\t\t\t\t\t\r\n\r\n\t<div id=\"text-145820833\" class=\"text\">\n\t\t\r\n\r\n<h3><strong>Acceptaci\u00f3 i Ren\u00fancia d&#8217;Her\u00e8ncies<\/strong><\/h3>\r\n<p>L&#8217;hi expliquem les opcions a l&#8217;hora d&#8217;acceptar una her\u00e8ncia: pures i simples, a benefici d&#8217;inventari (per evitar deutes ocultes) o fins i tot renunciar-hi si no \u00e9s convenient.<\/p>\r\n\t\t\n<style>\n#text-145820833 {\n  color: rgb(255,255,255);\n}\n#text-145820833 > * {\n  color: rgb(255,255,255);\n}\n<\/style>\n\t<\/div>\n\t\r\n\r\n\t\t<\/div>\n\t<\/div>\n\t\n\t\r\n\r\n\t\t<\/div>\n\t\t\t\t\t<\/div>\n\n\t\r\n\n\t<div id=\"col-1543047999\" class=\"col medium-4 small-12 large-4\"  data-animate=\"fadeInUp\">\n\t\t\t\t<div class=\"col-inner text-left\"  >\n\t\t\t\n\t\t\t\r\n\r\n\n\t\t<div class=\"icon-box featured-box icon-box-top text-left\"  >\n\t\t\t\t\t<div class=\"icon-box-img\" style=\"width: 60px\">\n\t\t\t\t<div class=\"icon\">\n\t\t\t\t\t<div class=\"icon-inner\" >\n\t\t\t\t\t\t<img loading=\"lazy\" decoding=\"async\" width=\"1\" height=\"1\" src=\"https:\/\/gutierrezbelmonteabogados.com\/wp-content\/uploads\/2025\/01\/icon-law-white.svg\" class=\"attachment-medium size-medium\" alt=\"Icon Law White\" \/>\t\t\t\t\t<\/div>\n\t\t\t\t<\/div>\n\t\t\t<\/div>\n\t\t\t\t<div class=\"icon-box-text last-reset\">\n\t\t\t\t\t\t\t\t\t\r\n\r\n\t<div id=\"text-2553257100\" class=\"text\">\n\t\t\r\n\r\n<h3><strong>Divisi\u00f3 i Repartiment de B\u00e9ns<\/strong><\/h3>\r\n<p>Quan hi ha diversos hereus, la partici\u00f3 de b\u00e9ns pot generar desacords. El nostre equip l&#8217;ajudar\u00e0 a negociar acords o, si cal, rec\u00f3rrer a la via judicial per garantir un repartiment just.<\/p>\r\n\t\t\n<style>\n#text-2553257100 {\n  color: rgb(255,255,255);\n}\n#text-2553257100 > * {\n  color: rgb(255,255,255);\n}\n<\/style>\n\t<\/div>\n\t\r\n\r\n\t\t<\/div>\n\t<\/div>\n\t\n\t\r\n\r\n\t\t<\/div>\n\t\t\t\t\t<\/div>\n\n\t\r\n\n\t<div id=\"col-723250657\" class=\"col medium-4 small-12 large-4\"  data-animate=\"fadeInUp\">\n\t\t\t\t<div class=\"col-inner text-left\"  >\n\t\t\t\n\t\t\t\r\n\r\n\n\t\t<div class=\"icon-box featured-box icon-box-top text-left\"  >\n\t\t\t\t\t<div class=\"icon-box-img\" style=\"width: 60px\">\n\t\t\t\t<div class=\"icon\">\n\t\t\t\t\t<div class=\"icon-inner\" >\n\t\t\t\t\t\t<img loading=\"lazy\" decoding=\"async\" width=\"1\" height=\"1\" src=\"https:\/\/gutierrezbelmonteabogados.com\/wp-content\/uploads\/2025\/01\/icon-law-white.svg\" class=\"attachment-medium size-medium\" alt=\"Icon Law White\" \/>\t\t\t\t\t<\/div>\n\t\t\t\t<\/div>\n\t\t\t<\/div>\n\t\t\t\t<div class=\"icon-box-text last-reset\">\n\t\t\t\t\t\t\t\t\t\r\n\r\n\t<div id=\"text-1449161708\" class=\"text\">\n\t\t\r\n\r\n<h3><strong>Impugnaci\u00f3 de Testaments<\/strong><\/h3>\r\n<p>Si considera que un testament no reflecteix la veritable voluntat del difunt o sospita d&#8217;irregularitats, coacci\u00f3 o incapacitat mental, podem analitzar-ne la validesa i procedir a la seva impugnaci\u00f3 si escau.<\/p>\r\n\t\t\n<style>\n#text-1449161708 {\n  color: rgb(255,255,255);\n}\n#text-1449161708 > * {\n  color: rgb(255,255,255);\n}\n<\/style>\n\t<\/div>\n\t\r\n\r\n\t\t<\/div>\n\t<\/div>\n\t\n\t\r\n\r\n\t\t<\/div>\n\t\t\t\t\t<\/div>\n\n\t\r\n\n\t<div id=\"col-1041313770\" class=\"col medium-4 small-12 large-4\"  data-animate=\"fadeInUp\">\n\t\t\t\t<div class=\"col-inner text-left\"  >\n\t\t\t\n\t\t\t\r\n\r\n\n\t\t<div class=\"icon-box featured-box icon-box-top text-left\"  >\n\t\t\t\t\t<div class=\"icon-box-img\" style=\"width: 60px\">\n\t\t\t\t<div class=\"icon\">\n\t\t\t\t\t<div class=\"icon-inner\" >\n\t\t\t\t\t\t<img loading=\"lazy\" decoding=\"async\" width=\"1\" height=\"1\" src=\"https:\/\/gutierrezbelmonteabogados.com\/wp-content\/uploads\/2025\/01\/icon-law-white.svg\" class=\"attachment-medium size-medium\" alt=\"Icon Law White\" \/>\t\t\t\t\t<\/div>\n\t\t\t\t<\/div>\n\t\t\t<\/div>\n\t\t\t\t<div class=\"icon-box-text last-reset\">\n\t\t\t\t\t\t\t\t\t\r\n\r\n\t<div id=\"text-1823228752\" class=\"text\">\n\t\t\r\n\r\n<h3><strong>Reclamaci\u00f3 de la L\u00e9g\u00edtima<\/strong><\/h3>\r\n<p>A Catalunya, certs hereus tenen dret a una part m\u00ednima de l&#8217;her\u00e8ncia, coneguda com a lleg\u00edtima. Si no ha rebut la quantitat que li correspon, podem reclamar-la per via legal.<\/p>\r\n\t\t\n<style>\n#text-1823228752 {\n  color: rgb(255,255,255);\n}\n#text-1823228752 > * {\n  color: rgb(255,255,255);\n}\n<\/style>\n\t<\/div>\n\t\r\n\r\n\t\t<\/div>\n\t<\/div>\n\t\n\t\r\n\r\n\t\t<\/div>\n\t\t\t\t\t<\/div>\n\n\t\r\n\n\t<div id=\"col-655508243\" class=\"col medium-4 small-12 large-4\"  data-animate=\"fadeInUp\">\n\t\t\t\t<div class=\"col-inner text-left\"  >\n\t\t\t\n\t\t\t\r\n\r\n\n\t\t<div class=\"icon-box featured-box icon-box-top text-left\"  >\n\t\t\t\t\t<div class=\"icon-box-img\" style=\"width: 60px\">\n\t\t\t\t<div class=\"icon\">\n\t\t\t\t\t<div class=\"icon-inner\" >\n\t\t\t\t\t\t<img loading=\"lazy\" decoding=\"async\" width=\"1\" height=\"1\" src=\"https:\/\/gutierrezbelmonteabogados.com\/wp-content\/uploads\/2025\/01\/icon-law-white.svg\" class=\"attachment-medium size-medium\" alt=\"Icon Law White\" \/>\t\t\t\t\t<\/div>\n\t\t\t\t<\/div>\n\t\t\t<\/div>\n\t\t\t\t<div class=\"icon-box-text last-reset\">\n\t\t\t\t\t\t\t\t\t\r\n\r\n\t<div id=\"text-2373621323\" class=\"text\">\n\t\t\r\n\r\n<h3><strong>Fiscalitat i Liquidaci\u00f3 d&#8217;Impostos<\/strong><\/h3>\r\n<p>Les her\u00e8ncies comporten obligacions fiscals, com l&#8217;impost de Successions i Donacions. L&#8217;ajudem a gestionar aquests tr\u00e0mits per evitar sancions i optimitzar el pagament d&#8217;impostos.<\/p>\r\n\t\t\n<style>\n#text-2373621323 {\n  color: rgb(255,255,255);\n}\n#text-2373621323 > * {\n  color: rgb(255,255,255);\n}\n<\/style>\n\t<\/div>\n\t\r\n\r\n\t\t<\/div>\n\t<\/div>\n\t\n\t\r\n\r\n\t\t<\/div>\n\t\t\t\t\t<\/div>\n\n\t\r\n\r\n<\/div>\r\n\r\n\t\t<\/div>\n\n\t\t\n<style>\n#section_1605277229 {\n  padding-top: 150px;\n  padding-bottom: 150px;\n}\n#section_1605277229 .section-bg-overlay {\n  background-color: #893131;\n}\n<\/style>\n\t<\/section>\n\t\r\n\n\t<section class=\"section\" id=\"section_1325706225\">\n\t\t<div class=\"section-bg fill\" >\n\t\t\t\t\t\t\t\t\t\n\t\t\t\n\n\t\t<\/div>\n\n\t\t\n\n\t\t<div class=\"section-content relative\">\n\t\t\t\r\n\r\n<div class=\"row align-equal\"  id=\"row-1593581105\">\r\n\r\n\n\t<div id=\"col-322704568\" class=\"col medium-6 small-12 large-6\"  data-animate=\"fadeInLeft\">\n\t\t\t\t<div class=\"col-inner text-left\" style=\"background-color:#893131;\" >\n\t\t\t\n\t\t\t\r\n\r\n\t<div id=\"text-3939629693\" class=\"text\">\n\t\t\r\n\r\n<h2><strong>El Nostre Comprom\u00eds<\/strong><\/h2>\r\n\t\t\n<style>\n#text-3939629693 {\n  color: rgb(255,255,255);\n}\n#text-3939629693 > * {\n  color: rgb(255,255,255);\n}\n<\/style>\n\t<\/div>\n\t\r\n\t<div id=\"text-3049709432\" class=\"text\">\n\t\t\r\n\r\n<p>A Guti\u00e9rrez Belmonte Advocats, entenem que cada cas d&#8217;her\u00e8ncia \u00e9s \u00fanic i que les decisions en aquest \u00e0mbit poden afectar profundament les fam\u00edlies. Per aix\u00f2, ens comprometem a oferir un servei basat en la transpar\u00e8ncia, la proximitat i la m\u00e0xima professionalitat. El nostre equip treballa amb rigor i sensibilitat perqu\u00e8 els nostres clients se sentin acompanyats en tot moment, garantint una gesti\u00f3 eficient i justa de la seva her\u00e8ncia.<\/p>\r\n\t\t\n<style>\n#text-3049709432 {\n  color: rgb(255,255,255);\n}\n#text-3049709432 > * {\n  color: rgb(255,255,255);\n}\n<\/style>\n\t<\/div>\n\t\r\n\r\n\t\t<\/div>\n\t\t\t\t\n<style>\n#col-322704568 > .col-inner {\n  padding: 25px 25px 25px 25px;\n}\n<\/style>\n\t<\/div>\n\n\t\r\n\n\t<div id=\"col-1979250774\" class=\"col medium-6 small-12 large-6\"  data-animate=\"fadeInRight\">\n\t\t\t\t<div class=\"col-inner text-left\"  >\n\t\t\t\n\t\t\t\r\n\r\n<h2><strong>Per qu\u00e8 escollir-nos?<\/strong><\/h2>\r\n<ul>\r\n<li>Experi\u00e8ncia i Especialitzaci\u00f3: Disposem d&#8217;un equip d&#8217;advocats amb una \u00e0mplia traject\u00f2ria en dret successori a Barcelona.<\/li>\r\n<li>Assessorament Personalitzat: Cada her\u00e8ncia \u00e9s diferent, per aix\u00f2 oferim solucions adaptades a les seves necessitats espec\u00edfiques.<\/li>\r\n<li>Resoluci\u00f3 de Conflictes: Facilitem acords entre hereus per evitar disputes familiars innecess\u00e0ries.<\/li>\r\n<li>Gesti\u00f3 Integral: Ens ocupem de tot el proc\u00e9s, des de la planificaci\u00f3 fins a la resoluci\u00f3 de qualsevol litigi.<\/li>\r\n<\/ul>\r\n<a href=\"\/ca\/serveis-juridics-a-barcelona\/\" class=\"button primary is-outline is-small lowercase\" style=\"padding:5px 35px 5px 35px;\">\n\t\t<span>Serveis jur\u00eddics<\/span>\n\t<i class=\"icon-angle-right\" aria-hidden=\"true\"><\/i><\/a>\n\r\n\r\n\r\n\t\t<\/div>\n\t\t\t\t\t<\/div>\n\n\t\r\n\r\n<\/div>\r\n\r\n\t\t<\/div>\n\n\t\t\n<style>\n#section_1325706225 {\n  padding-top: 150px;\n  padding-bottom: 150px;\n}\n<\/style>\n\t<\/section>\n\t\r\n\n\t<section class=\"section\" id=\"section_767807256\">\n\t\t<div class=\"section-bg fill\" >\n\t\t\t<img loading=\"lazy\" decoding=\"async\" width=\"2560\" height=\"1441\" src=\"https:\/\/gutierrezbelmonteabogados.com\/wp-content\/uploads\/2024\/12\/contacto-abogados-en-barcelona-scaled.webp\" class=\"bg attachment-original size-original\" alt=\"Contacto Abogados En Barcelona\" \/>\t\t\t\t\t\t<div class=\"section-bg-overlay absolute fill\"><\/div>\n\t\t\t\n\n\t\t<\/div>\n\n\t\t\n\n\t\t<div class=\"section-content relative\">\n\t\t\t\r\n\r\n<div class=\"row\"  id=\"row-1051344483\">\r\n\r\n\n\t<div id=\"col-225631201\" class=\"col medium-6 small-12 large-6\"  >\n\t\t\t\t<div class=\"col-inner text-left\"  >\n\t\t\t\n\t\t\t\r\n\r\n\t<div id=\"text-2665021706\" class=\"text\">\n\t\t\r\n\r\n<h2><strong>Contacta amb els Nostres Advocats de Fam\u00edlia a Barcelona<\/strong><\/h2>\r\n\t\t\n<style>\n#text-2665021706 {\n  font-size: 1.2rem;\n  color: rgb(255,255,255);\n}\n#text-2665021706 > * {\n  color: rgb(255,255,255);\n}\n<\/style>\n\t<\/div>\n\t\r\n\t<div id=\"text-3241335646\" class=\"text\">\n\t\t\r\n\r\n<p>Si necessites assessorament en Dret de Fam\u00edlia, contacta amb nosaltres per a una consulta confidencial. A Guti\u00e9rrez Belmonte Advocats, treballem per protegir all\u00f2 que m\u00e9s importa: la teva fam\u00edlia.<\/p>\r\n\t\t\n<style>\n#text-3241335646 {\n  color: rgb(255,255,255);\n}\n#text-3241335646 > * {\n  color: rgb(255,255,255);\n}\n<\/style>\n\t<\/div>\n\t\r\n<a href=\"\/ca\/contacte\/\" class=\"button primary is-small lowercase\" style=\"padding:5px 35px 5px 35px;\">\n\t\t<span>Truca'ns ara<\/span>\n\t<i class=\"icon-angle-right\" aria-hidden=\"true\"><\/i><\/a>\n\r\n\r\n\r\n\t\t<\/div>\n\t\t\t\t\t<\/div>\n\n\t\r\n\r\n\n<style>\n#row-1051344483 > .col > .col-inner {\n  padding: 30px 0px 0px 0px;\n}\n<\/style>\n<\/div>\r\n\r\n\t\t<\/div>\n\n\t\t\n<style>\n#section_767807256 {\n  padding-top: 150px;\n  padding-bottom: 150px;\n}\n#section_767807256 .section-bg-overlay {\n  background-color: rgba(0,0,0,.5);\n}\n<\/style>\n\t<\/section>\n\t\r\n\r\n\r\n","protected":false},"excerpt":{"rendered":"","protected":false},"author":1,"featured_media":0,"parent":0,"menu_order":0,"comment_status":"closed","ping_status":"closed","template":"page-transparent-header-light.php","meta":{"footnotes":""},"class_list":["post-1497","page","type-page","status-publish","hentry"],"_links":{"self":[{"href":"https:\/\/gutierrezbelmonteabogados.com\/ca\/wp-json\/wp\/v2\/pages\/1497","targetHints":{"allow":["GET"]}}],"collection":[{"href":"https:\/\/gutierrezbelmonteabogados.com\/ca\/wp-json\/wp\/v2\/pages"}],"about":[{"href":"https:\/\/gutierrezbelmonteabogados.com\/ca\/wp-json\/wp\/v2\/types\/page"}],"author":[{"embeddable":true,"href":"https:\/\/gutierrezbelmonteabogados.com\/ca\/wp-json\/wp\/v2\/users\/1"}],"replies":[{"embeddable":true,"href":"https:\/\/gutierrezbelmonteabogados.com\/ca\/wp-json\/wp\/v2\/comments?post=1497"}],"version-history":[{"count":3,"href":"https:\/\/gutierrezbelmonteabogados.com\/ca\/wp-json\/wp\/v2\/pages\/1497\/revisions"}],"predecessor-version":[{"id":1616,"href":"https:\/\/gutierrezbelmonteabogados.com\/ca\/wp-json\/wp\/v2\/pages\/1497\/revisions\/1616"}],"wp:attachment":[{"href":"https:\/\/gutierrezbelmonteabogados.com\/ca\/wp-json\/wp\/v2\/media?parent=1497"}],"curies":[{"name":"wp","href":"https:\/\/api.w.org\/{rel}","templated":true}]}}