{"id":1491,"date":"2021-06-18T15:28:05","date_gmt":"2021-06-18T13:28:05","guid":{"rendered":"https:\/\/gutierrezbelmonteabogados.com\/?page_id=1491"},"modified":"2025-06-07T10:14:45","modified_gmt":"2025-06-07T08:14:45","slug":"despatx-advocats-a-barcelona","status":"publish","type":"page","link":"https:\/\/gutierrezbelmonteabogados.com\/ca\/despatx-advocats-a-barcelona\/","title":{"rendered":"Despatx advocats"},"content":{"rendered":"\r\n\n  <div class=\"banner has-hover\" id=\"banner-2053771053\">\n          <div class=\"banner-inner fill\">\n        <div class=\"banner-bg fill\" >\n            <img loading=\"lazy\" decoding=\"async\" width=\"2560\" height=\"1539\" src=\"https:\/\/gutierrezbelmonteabogados.com\/wp-content\/uploads\/2025\/03\/investigacion-judicial-scaled.webp\" class=\"bg attachment-original size-original\" alt=\"Investigacion Judicial\" \/>                        <div class=\"overlay\"><\/div>            \n                    <\/div>\n\t\t\n        <div class=\"banner-layers container\">\n            <div class=\"fill banner-link\"><\/div>            \r\n\r\n   <div id=\"text-box-1675432565\" class=\"text-box banner-layer x50 md-x50 lg-x50 y50 md-y50 lg-y50 res-text\">\n                                <div class=\"text-box-content text dark\">\n              \n              <div class=\"text-inner text-center\">\n                  \r\n\r\n\t<div id=\"text-2316016767\" class=\"text\">\n\t\t\r\n<p class=\"centrar\"><span><span><a href=\"https:\/\/gutierrezbelmonteabogados.com\/ca\/\">Guti\u00e9rrez Belmonte Abogados<\/a><\/span><\/span>\r\n\t\t\n<style>\n#text-2316016767 {\n  font-size: 0.75rem;\n  text-align: center;\n}\n@media (min-width:550px) {\n  #text-2316016767 {\n    text-align: center;\n  }\n}\n<\/style>\n\t<\/div>\n\t\r\n\t<div id=\"text-2548648468\" class=\"text\">\n\t\t\r\n<h1>Guti\u00e9rrez Belmonte: un despatx d&#8217;advocats a Barcelona amb experi\u00e8ncia<\/h1>\r\n\t\t\n<style>\n#text-2548648468 {\n  font-size: 0.75rem;\n  text-align: center;\n}\n@media (min-width:550px) {\n  #text-2548648468 {\n    text-align: center;\n  }\n}\n<\/style>\n\t<\/div>\n\t\r\n<p>A Guti\u00e9rrez Belmonte Advocats, ens dediquem a oferir assessorament i representaci\u00f3 legal d&#8217;alta qualitat, adaptant-nos a les necessitats espec\u00edfiques de cada client. Fundat i dirigit per l&#8217;advocada Rebeca Guti\u00e9rrez, el nostre despatx es caracteritza per un enfocament proper, professional i eficient.<\/p>\r\n<a href=\"\/ca\/contacte\" class=\"button secondary is-small lowercase\" style=\"padding:5px 35px 5px 35px;\">\n\t\t<span>Contacta ara<\/span>\n\t<i class=\"icon-angle-right\" aria-hidden=\"true\"><\/i><\/a>\n\r\n\r\n              <\/div>\n           <\/div>\n                            \n<style>\n#text-box-1675432565 {\n  width: 90%;\n}\n#text-box-1675432565 .text-box-content {\n  font-size: 100%;\n}\n@media (min-width:550px) {\n  #text-box-1675432565 {\n    width: 100%;\n  }\n}\n<\/style>\n    <\/div>\n \r\n\r\n        <\/div>\n      <\/div>\n\n            \n<style>\n#banner-2053771053 {\n  padding-top: 700px;\n}\n#banner-2053771053 .overlay {\n  background-color: rgba(137, 49, 49, 0.5);\n}\n#banner-2053771053 .banner-bg img {\n  object-position: 0% 85%;\n}\n<\/style>\n  <\/div>\n\n\r\n\n\t<section class=\"section\" id=\"section_1294003565\">\n\t\t<div class=\"section-bg fill\" >\n\t\t\t\t\t\t\t\t\t\n\t\t\t\n\n\t\t<\/div>\n\n\t\t\n\n\t\t<div class=\"section-content relative\">\n\t\t\t\r\n\r\n<div class=\"row align-middle\"  id=\"row-1304893002\">\r\n\r\n\n\t<div id=\"col-452134768\" class=\"col small-12 large-12\"  >\n\t\t\t\t<div class=\"col-inner text-left\"  >\n\t\t\t\n\t\t\t\r\n\r\n\t<div id=\"text-3540096322\" class=\"text\">\n\t\t\r\n<h2><strong>Sobre Rebeca Guti\u00e9rrez<\/strong><\/h2>\r\n\t\t\n<style>\n#text-3540096322 {\n  font-size: 1.2rem;\n}\n<\/style>\n\t<\/div>\n\t\r\n\r\n\t\t<\/div>\n\t\t\t\t\t<\/div>\n\n\t\r\n\n\t<div id=\"col-1242601766\" class=\"col medium-6 small-12 large-6\"  >\n\t\t\t\t<div class=\"col-inner text-left\"  >\n\t\t\t\n\t\t\t\r\n\r\n\t<div id=\"text-1888296512\" class=\"text\">\n\t\t\r\n<p>Formaci\u00f3 Acad\u00e8mica: <\/p>\r\n<ul>\r\n<li>Llicenciada en Dret per la Universitat Pompeu Fabra de Barcelona el 2009.<\/li>\r\n<li>Col\u00b7legiaci\u00f3: Membre de l&#8217;Il\u00b7lustre Col\u00b7legi d\u2019Advocats de Barcelona.<\/li>\r\n<li>Especialitzacions: Dret Penal i Matrimonial, amb postgrau a l&#8217;Escola de Pr\u00e0ctica Jur\u00eddica de l&#8217;ICAB, dret de Menors (Just\u00edcia Juvenil), viol\u00e8ncia dom\u00e8stica i de g\u00e8nere, dret penitenciari, Tribunal del Jurat i Responsabilitat Penal de les persones jur\u00eddiques.<\/li>\r\n<\/ul>\r\n\t\t\n<style>\n#text-1888296512 {\n  text-align: center;\n}\n<\/style>\n\t<\/div>\n\t\r\n<a href=\"\/ca\/contacte\/\" class=\"button primary is-outline is-small lowercase\" style=\"padding:5px 35px 5px 35px;\">\n\t\t<span>Sol\u00b7licita m\u00e9s informaci\u00f3<\/span>\n\t<i class=\"icon-angle-right\" aria-hidden=\"true\"><\/i><\/a>\n\r\n\r\n\t\t<\/div>\n\t\t\t\t\t<\/div>\n\n\t\r\n\n\t<div id=\"col-796112007\" class=\"col medium-6 small-12 large-6\"  >\n\t\t\t\t<div class=\"col-inner text-left\" style=\"background-color:#893131;\" >\n\t\t\t\n\t\t\t\r\n\r\n\t<div id=\"text-2652202935\" class=\"text\">\n\t\t\r\n<h3><strong>El Nostre Equip i Xarxa de Col\u00b7laboradors<\/strong><\/h3>\r\n\t\t\n<style>\n#text-2652202935 {\n  color: rgb(255,255,255);\n}\n#text-2652202935 > * {\n  color: rgb(255,255,255);\n}\n<\/style>\n\t<\/div>\n\t\r\n\t<div id=\"text-1488538354\" class=\"text\">\n\t\t\r\n<p>Comptem amb una \u00e0mplia xarxa d&#8217;advocats col\u00b7laboradors especialitzats en diverses \u00e0rees del dret, cosa que ens permet oferir solucions integrals i personalitzades per a cada cas. El nostre objectiu \u00e9s resoldre les teves consultes legals sense que hagis de preocupar-te per buscar diferents professionals per a cada situaci\u00f3.<\/p>\r\n\t\t\n<style>\n#text-1488538354 {\n  color: rgb(255,255,255);\n}\n#text-1488538354 > * {\n  color: rgb(255,255,255);\n}\n<\/style>\n\t<\/div>\n\t\r\n\r\n\t\t<\/div>\n\t\t\t\t\n<style>\n#col-796112007 > .col-inner {\n  padding: 25px 25px 25px 25px;\n}\n<\/style>\n\t<\/div>\n\n\t\r\n\r\n<\/div>\r\n\r\n\t\t<\/div>\n\n\t\t\n<style>\n#section_1294003565 {\n  padding-top: 150px;\n  padding-bottom: 150px;\n}\n<\/style>\n\t<\/section>\n\t\r\n\n\t<section class=\"section\" id=\"section_1224390591\">\n\t\t<div class=\"section-bg fill\" >\n\t\t\t\t\t\t\t\t\t\n\t\t\t\n\n\t\t<\/div>\n\n\t\t\n\n\t\t<div class=\"section-content relative\">\n\t\t\t\r\n\r\n<div class=\"row align-equal\"  id=\"row-1405520006\">\r\n\r\n\n\t<div id=\"col-1255806686\" class=\"col medium-6 small-12 large-6\"  data-animate=\"fadeInLeft\">\n\t\t\t\t<div class=\"col-inner text-left\" style=\"background-color:#893131;\" >\n\t\t\t\n\t\t\t\r\n\r\n\t<div id=\"text-1493195718\" class=\"text\">\n\t\t\r\n<h2><strong>El Nostre Enfocament<\/strong><\/h2>\r\n\t\t\n<style>\n#text-1493195718 {\n  color: rgb(255,255,255);\n}\n#text-1493195718 > * {\n  color: rgb(255,255,255);\n}\n<\/style>\n\t<\/div>\n\t\r\n\t<div id=\"text-1397661021\" class=\"text\">\n\t\t\r\n<ul>\r\n<li><strong>Resoluci\u00f3 Extrajudicial:<\/strong> Prioritzem la soluci\u00f3 de conflictes de manera amistosa, evitant despeses judicials innecess\u00e0ries i buscant acords beneficiosos per a totes les parts.<\/li>\r\n<li><strong>Representaci\u00f3 Judicial:<\/strong> Quan \u00e9s inevitable acudir a judici, disposem d&#8217;advocats processalistes amb una gran experi\u00e8ncia i un alt comprom\u00eds amb el client i l&#8217;excel\u00b7l\u00e8ncia professional.<\/li>\r\n<\/ul>\r\n\t\t\n<style>\n#text-1397661021 {\n  color: rgb(255,255,255);\n}\n#text-1397661021 > * {\n  color: rgb(255,255,255);\n}\n<\/style>\n\t<\/div>\n\t\r\n\r\n\t\t<\/div>\n\t\t\t\t\n<style>\n#col-1255806686 > .col-inner {\n  padding: 25px 25px 25px 25px;\n}\n<\/style>\n\t<\/div>\n\n\t\r\n\n\t<div id=\"col-1063820852\" class=\"col medium-6 small-12 large-6\"  data-animate=\"fadeInRight\">\n\t\t\t\t<div class=\"col-inner text-left\"  >\n\t\t\t\n\t\t\t\r\n\r\n<h2><strong>Els Nostres Valors<\/strong><\/h2>\r\n<ul>\r\n<li><span style=\"color: #893131;\"><strong>Confian\u00e7a M\u00fatua:<\/strong><\/span> Creiem que una relaci\u00f3 basada en la confian\u00e7a \u00e9s essencial per entendre i defensar efica\u00e7ment els interessos dels nostres clients.<\/li>\r\n<li><span style=\"color: #893131;\"><strong>Professionalitat i Efici\u00e8ncia:<\/strong><\/span> Ens esforcem per oferir un servei d&#8217;alta qualitat, actuant amb dilig\u00e8ncia i dedicaci\u00f3 en cada cas.<\/li>\r\n<li><strong><span style=\"color: #893131;\">Experi\u00e8ncia i Qualitat:<\/span><\/strong> La nostra traject\u00f2ria i formaci\u00f3 ens permeten brindar solucions legals s\u00f2lides i efectives.<\/li>\r\n<\/ul>\r\n<a href=\"\/ca\/serveis-juridics-a-barcelona\/\" class=\"button primary is-outline is-small lowercase\" style=\"padding:5px 35px 5px 35px;\">\n\t\t<span>Serveis jur\u00eddics<\/span>\n\t<i class=\"icon-angle-right\" aria-hidden=\"true\"><\/i><\/a>\n\r\n\r\n\t\t<\/div>\n\t\t\t\t\t<\/div>\n\n\t\r\n\r\n<\/div>\r\n\r\n\t\t<\/div>\n\n\t\t\n<style>\n#section_1224390591 {\n  padding-top: 150px;\n  padding-bottom: 150px;\n}\n<\/style>\n\t<\/section>\n\t\r\n\n\t<section class=\"section\" id=\"section_1452704259\">\n\t\t<div class=\"section-bg fill\" >\n\t\t\t<img loading=\"lazy\" decoding=\"async\" width=\"2560\" height=\"1441\" src=\"https:\/\/gutierrezbelmonteabogados.com\/wp-content\/uploads\/2024\/12\/contacto-abogados-en-barcelona-scaled.webp\" class=\"bg attachment-original size-original\" alt=\"Contacto Abogados En Barcelona\" \/>\t\t\t\t\t\t<div class=\"section-bg-overlay absolute fill\"><\/div>\n\t\t\t\n\n\t\t<\/div>\n\n\t\t\n\n\t\t<div class=\"section-content relative\">\n\t\t\t\r\n\r\n<div class=\"row\"  id=\"row-1677582330\">\r\n\r\n\n\t<div id=\"col-1277331318\" class=\"col medium-6 small-12 large-6\"  >\n\t\t\t\t<div class=\"col-inner text-left\"  >\n\t\t\t\n\t\t\t\r\n\r\n\t<div id=\"text-1253710844\" class=\"text\">\n\t\t\r\n<h2><strong>Podem ajudar-te<\/strong><\/h2>\r\n\t\t\n<style>\n#text-1253710844 {\n  font-size: 1.2rem;\n  color: rgb(255,255,255);\n}\n#text-1253710844 > * {\n  color: rgb(255,255,255);\n}\n<\/style>\n\t<\/div>\n\t\r\n\t<div id=\"text-1271413537\" class=\"text\">\n\t\t\r\n<p>Si busques un despatx d&#8217;advocats a Barcelona que combini experi\u00e8ncia, professionalitat i un tracte proper, <strong>Guti\u00e9rrez Belmonte Advocats<\/strong> \u00e9s la teva millor opci\u00f3. <strong>Contacta amb nosaltres<\/strong> per a una consulta personalitzada i confidencial.<\/p>\r\n\t\t\n<style>\n#text-1271413537 {\n  color: rgb(255,255,255);\n}\n#text-1271413537 > * {\n  color: rgb(255,255,255);\n}\n<\/style>\n\t<\/div>\n\t\r\n<a href=\"\/ca\/contacte\/\" class=\"button primary is-small lowercase\" style=\"padding:5px 35px 5px 35px;\">\n\t\t<span>Truca'ns ara<\/span>\n\t<i class=\"icon-angle-right\" aria-hidden=\"true\"><\/i><\/a>\n\r\n\r\n\t\t<\/div>\n\t\t\t\t\t<\/div>\n\n\t\r\n\r\n\n<style>\n#row-1677582330 > .col > .col-inner {\n  padding: 30px 0px 0px 0px;\n}\n<\/style>\n<\/div>\r\n\r\n\t\t<\/div>\n\n\t\t\n<style>\n#section_1452704259 {\n  padding-top: 150px;\n  padding-bottom: 150px;\n}\n#section_1452704259 .section-bg-overlay {\n  background-color: rgba(0,0,0,.5);\n}\n<\/style>\n\t<\/section>\n\t\r\n\r\n","protected":false},"excerpt":{"rendered":"","protected":false},"author":1,"featured_media":0,"parent":0,"menu_order":0,"comment_status":"closed","ping_status":"closed","template":"page-transparent-header-light.php","meta":{"footnotes":""},"class_list":["post-1491","page","type-page","status-publish","hentry"],"_links":{"self":[{"href":"https:\/\/gutierrezbelmonteabogados.com\/ca\/wp-json\/wp\/v2\/pages\/1491","targetHints":{"allow":["GET"]}}],"collection":[{"href":"https:\/\/gutierrezbelmonteabogados.com\/ca\/wp-json\/wp\/v2\/pages"}],"about":[{"href":"https:\/\/gutierrezbelmonteabogados.com\/ca\/wp-json\/wp\/v2\/types\/page"}],"author":[{"embeddable":true,"href":"https:\/\/gutierrezbelmonteabogados.com\/ca\/wp-json\/wp\/v2\/users\/1"}],"replies":[{"embeddable":true,"href":"https:\/\/gutierrezbelmonteabogados.com\/ca\/wp-json\/wp\/v2\/comments?post=1491"}],"version-history":[{"count":3,"href":"https:\/\/gutierrezbelmonteabogados.com\/ca\/wp-json\/wp\/v2\/pages\/1491\/revisions"}],"predecessor-version":[{"id":1586,"href":"https:\/\/gutierrezbelmonteabogados.com\/ca\/wp-json\/wp\/v2\/pages\/1491\/revisions\/1586"}],"wp:attachment":[{"href":"https:\/\/gutierrezbelmonteabogados.com\/ca\/wp-json\/wp\/v2\/media?parent=1491"}],"curies":[{"name":"wp","href":"https:\/\/api.w.org\/{rel}","templated":true}]}}