{"id":1475,"date":"2024-12-12T11:16:29","date_gmt":"2024-12-12T09:16:29","guid":{"rendered":"https:\/\/gutierrezbelmonteabogados.com\/?page_id=1475"},"modified":"2025-06-07T11:00:24","modified_gmt":"2025-06-07T09:00:24","slug":"advocat-divorcis-a-barcelona","status":"publish","type":"page","link":"https:\/\/gutierrezbelmonteabogados.com\/ca\/advocat-divorcis-a-barcelona\/","title":{"rendered":"Divorcis"},"content":{"rendered":"\r\n\n  <div class=\"banner has-hover\" id=\"banner-1697861698\">\n          <div class=\"banner-inner fill\">\n        <div class=\"banner-bg fill\" >\n            <img loading=\"lazy\" decoding=\"async\" width=\"2048\" height=\"1367\" src=\"https:\/\/gutierrezbelmonteabogados.com\/wp-content\/uploads\/2024\/12\/separaciones-divorcios_abogados-gutierrez-belmonte.webp\" class=\"bg attachment-original size-original\" alt=\"Separaciones Divorcios Abogados Gutierrez Belmonte\" \/>                        <div class=\"overlay\"><\/div>            \n                    <\/div>\n\t\t\n        <div class=\"banner-layers container\">\n            <div class=\"fill banner-link\"><\/div>            \r\n\r\n   <div id=\"text-box-217205720\" class=\"text-box banner-layer x50 md-x5 lg-x5 y35 md-y35 lg-y35 res-text\">\n                                <div class=\"text-box-content text dark\">\n              \n              <div class=\"text-inner text-center\">\n                  \r\n\r\n\t<div id=\"text-3819149096\" class=\"text\">\n\t\t\r\n\r\n<p class=\"centrar\"><span><span><a href=\"https:\/\/gutierrezbelmonteabogados.com\/ca\/\">Guti\u00e9rrez Belmonte Abogados<\/a><\/span><\/span>\r\n\t\t\n<style>\n#text-3819149096 {\n  font-size: 1rem;\n  text-align: center;\n}\n@media (min-width:550px) {\n  #text-3819149096 {\n    font-size: 0.75rem;\n    text-align: center;\n  }\n}\n<\/style>\n\t<\/div>\n\t\r\n\t<div id=\"text-2200005979\" class=\"text\">\n\t\t\r\n\r\n<h1>Especialistes en Divorcis a Barcelona<\/h1>\r\n\t\t\n<style>\n#text-2200005979 {\n  font-size: 1rem;\n  text-align: center;\n}\n@media (min-width:550px) {\n  #text-2200005979 {\n    font-size: 0.75rem;\n    text-align: center;\n  }\n}\n<\/style>\n\t<\/div>\n\t\r\n<a href=\"\/ca\/contacte\/\" class=\"button secondary is-small lowercase\" style=\"padding:5px 35px 5px 35px;\">\n\t\t<span>Contacta ara<\/span>\n\t<i class=\"icon-angle-right\" aria-hidden=\"true\"><\/i><\/a>\n\r\n\r\n              <\/div>\n           <\/div>\n                            \n<style>\n#text-box-217205720 {\n  width: 90%;\n}\n#text-box-217205720 .text-box-content {\n  font-size: 100%;\n}\n@media (min-width:550px) {\n  #text-box-217205720 {\n    width: 100%;\n  }\n}\n<\/style>\n    <\/div>\n \r\n\r\n        <\/div>\n      <\/div>\n\n            \n<style>\n#banner-1697861698 {\n  padding-top: 700px;\n}\n#banner-1697861698 .overlay {\n  background-color: rgba(137, 49, 49, 0.5);\n}\n#banner-1697861698 .banner-bg img {\n  object-position: 0% 80%;\n}\n<\/style>\n  <\/div>\n\n\r\n\n\t<section class=\"section\" id=\"section_1939128451\">\n\t\t<div class=\"section-bg fill\" >\n\t\t\t\t\t\t\t\t\t\n\t\t\t\n\n\t\t<\/div>\n\n\t\t\n\n\t\t<div class=\"section-content relative\">\n\t\t\t\r\n\r\n<div class=\"row align-middle\"  id=\"row-1634062558\">\r\n\r\n\n\t<div id=\"col-237313252\" class=\"col small-12 large-12\"  >\n\t\t\t\t<div class=\"col-inner text-left\"  >\n\t\t\t\n\t\t\t\r\n\r\n\t<div id=\"text-1056477541\" class=\"text\">\n\t\t\r\n\r\n<h2><strong>Advocats Especialitzats en Divorcis a Barcelona<\/strong><\/h2>\r\n\t\t\n<style>\n#text-1056477541 {\n  font-size: 1.2rem;\n}\n<\/style>\n\t<\/div>\n\t\r\n\r\n\t\t<\/div>\n\t\t\t\t\t<\/div>\n\n\t\r\n\n\t<div id=\"col-44064685\" class=\"col medium-6 small-12 large-6\"  >\n\t\t\t\t<div class=\"col-inner text-left\"  >\n\t\t\t\n\t\t\t\r\n\r\n<p>A <strong>Guti\u00e9rrez Belmonte Advocats<\/strong>, comptem amb una \u00e0mplia experi\u00e8ncia en la gesti\u00f3 de divorcis i separacions, tant amistosos com contenciosos. El nostre equip d&#8217;advocats a Barcelona t&#8217;acompanyar\u00e0 al llarg de tot el proc\u00e9s, prioritzant sempre els teus interessos i els de la teva fam\u00edlia.<\/p>\r\n<a href=\"\/ca\/despatx-advocats-a-barcelona\/\" class=\"button primary is-outline is-small lowercase\" style=\"padding:5px 35px 5px 35px;\">\n\t\t<span>Coneix el despatx<\/span>\n\t<i class=\"icon-angle-right\" aria-hidden=\"true\"><\/i><\/a>\n\r\n\r\n\t\t<\/div>\n\t\t\t\t\t<\/div>\n\n\t\r\n\n\t<div id=\"col-469602225\" class=\"col medium-6 small-12 large-6\"  >\n\t\t\t\t<div class=\"col-inner text-left\" style=\"background-color:#893131;\" >\n\t\t\t\n\t\t\t\r\n\r\n\t<div id=\"text-1287137177\" class=\"text\">\n\t\t\r\n\r\n<p>Entenem que el divorci \u00e9s una decisi\u00f3 dif\u00edcil i emocionalment complexa. Per aix\u00f2, treballem perqu\u00e8 aquest proc\u00e9s sigui el m\u00e9s \u00e0gil i menys conflictiu possible, oferint solucions personalitzades i ajustades a les teves necessitats.<\/p>\r\n\t\t\n<style>\n#text-1287137177 {\n  color: rgb(255,255,255);\n}\n#text-1287137177 > * {\n  color: rgb(255,255,255);\n}\n<\/style>\n\t<\/div>\n\t\r\n\r\n\t\t<\/div>\n\t\t\t\t\n<style>\n#col-469602225 > .col-inner {\n  padding: 25px 25px 25px 25px;\n}\n<\/style>\n\t<\/div>\n\n\t\r\n\r\n<\/div>\r\n\r\n\t\t<\/div>\n\n\t\t\n<style>\n#section_1939128451 {\n  padding-top: 150px;\n  padding-bottom: 150px;\n}\n<\/style>\n\t<\/section>\n\t\r\n\n\t<section class=\"section\" id=\"section_194378208\">\n\t\t<div class=\"section-bg fill\" >\n\t\t\t\t\t\t\t\t\t<div class=\"section-bg-overlay absolute fill\"><\/div>\n\t\t\t\n\n\t\t<\/div>\n\n\t\t\n\n\t\t<div class=\"section-content relative\">\n\t\t\t\r\n\r\n<div class=\"row align-equal\"  id=\"row-1782136485\">\r\n\r\n\n\t<div id=\"col-2026133710\" class=\"col small-12 large-12\"  >\n\t\t\t\t<div class=\"col-inner text-left\"  >\n\t\t\t\n\t\t\t\r\n\r\n\t<div id=\"text-1475316420\" class=\"text\">\n\t\t\r\n\r\n<h2><strong>Tipus de Divorcis i Separacions<\/strong><\/h2>\r\n\t\t\n<style>\n#text-1475316420 {\n  font-size: 1.2rem;\n  color: rgb(255, 255, 255);\n}\n#text-1475316420 > * {\n  color: rgb(255, 255, 255);\n}\n<\/style>\n\t<\/div>\n\t\r\n\r\n\t\t<\/div>\n\t\t\t\t\t<\/div>\n\n\t\r\n\n\t<div id=\"col-584994512\" class=\"col medium-4 small-12 large-4\"  >\n\t\t\t\t<div class=\"col-inner text-left\"  >\n\t\t\t\n\t\t\t\r\n\r\n\n\t\t<div class=\"icon-box featured-box icon-box-top text-left\"  >\n\t\t\t\t\t<div class=\"icon-box-img\" style=\"width: 60px\">\n\t\t\t\t<div class=\"icon\">\n\t\t\t\t\t<div class=\"icon-inner\" >\n\t\t\t\t\t\t<img loading=\"lazy\" decoding=\"async\" width=\"1\" height=\"1\" src=\"https:\/\/gutierrezbelmonteabogados.com\/wp-content\/uploads\/2025\/01\/icon-law-white.svg\" class=\"attachment-medium size-medium\" alt=\"Icon Law White\" \/>\t\t\t\t\t<\/div>\n\t\t\t\t<\/div>\n\t\t\t<\/div>\n\t\t\t\t<div class=\"icon-box-text last-reset\">\n\t\t\t\t\t\t\t\t\t\r\n\r\n\t<div id=\"text-32968153\" class=\"text\">\n\t\t\r\n\r\n<h3><strong>Divorci de M\u00fatut Acord<\/strong><\/h3>\r\n<ul>\r\n<li><strong>Avantatges:<\/strong> M\u00e9s r\u00e0pid i econ\u00f2mic, permet arribar a acords beneficiosos per a les dues parts.<\/li>\r\n<li><strong>Redacci\u00f3 de convenis reguladors:<\/strong> Documents clars i justos sobre cust\u00f2dia, visites i repartiment de b\u00e9ns.<\/li>\r\n<\/ul>\r\n\t\t\n<style>\n#text-32968153 {\n  color: rgb(255,255,255);\n}\n#text-32968153 > * {\n  color: rgb(255,255,255);\n}\n<\/style>\n\t<\/div>\n\t\r\n\r\n\t\t<\/div>\n\t<\/div>\n\t\n\t\r\n\r\n\t\t<\/div>\n\t\t\t\t\t<\/div>\n\n\t\r\n\n\t<div id=\"col-274579424\" class=\"col medium-4 small-12 large-4\"  >\n\t\t\t\t<div class=\"col-inner text-left\"  >\n\t\t\t\n\t\t\t\r\n\r\n\n\t\t<div class=\"icon-box featured-box icon-box-top text-left\"  >\n\t\t\t\t\t<div class=\"icon-box-img\" style=\"width: 60px\">\n\t\t\t\t<div class=\"icon\">\n\t\t\t\t\t<div class=\"icon-inner\" >\n\t\t\t\t\t\t<img loading=\"lazy\" decoding=\"async\" width=\"1\" height=\"1\" src=\"https:\/\/gutierrezbelmonteabogados.com\/wp-content\/uploads\/2025\/01\/icon-law-white.svg\" class=\"attachment-medium size-medium\" alt=\"Icon Law White\" \/>\t\t\t\t\t<\/div>\n\t\t\t\t<\/div>\n\t\t\t<\/div>\n\t\t\t\t<div class=\"icon-box-text last-reset\">\n\t\t\t\t\t\t\t\t\t\r\n\r\n\t<div id=\"text-735869527\" class=\"text\">\n\t\t\r\n\r\n<h3><strong>Divorci Contenci\u00f3s<\/strong><\/h3>\r\n<ul>\r\n<li><strong>Representaci\u00f3 judicial:<\/strong> Et representem en totes les fases del procediment.<\/li>\r\n<li><strong>Defensa dels teus drets:<\/strong> Garantim resultats justos en pensions, visites i patrimoni.<\/li>\r\n<\/ul>\r\n\t\t\n<style>\n#text-735869527 {\n  color: rgb(255,255,255);\n}\n#text-735869527 > * {\n  color: rgb(255,255,255);\n}\n<\/style>\n\t<\/div>\n\t\r\n\r\n\t\t<\/div>\n\t<\/div>\n\t\n\t\r\n\r\n\t\t<\/div>\n\t\t\t\t\t<\/div>\n\n\t\r\n\n\t<div id=\"col-696284634\" class=\"col medium-4 small-12 large-4\"  >\n\t\t\t\t<div class=\"col-inner text-left\"  >\n\t\t\t\n\t\t\t\r\n\r\n\n\t\t<div class=\"icon-box featured-box icon-box-top text-left\"  >\n\t\t\t\t\t<div class=\"icon-box-img\" style=\"width: 60px\">\n\t\t\t\t<div class=\"icon\">\n\t\t\t\t\t<div class=\"icon-inner\" >\n\t\t\t\t\t\t<img loading=\"lazy\" decoding=\"async\" width=\"1\" height=\"1\" src=\"https:\/\/gutierrezbelmonteabogados.com\/wp-content\/uploads\/2025\/01\/icon-law-white.svg\" class=\"attachment-medium size-medium\" alt=\"Icon Law White\" \/>\t\t\t\t\t<\/div>\n\t\t\t\t<\/div>\n\t\t\t<\/div>\n\t\t\t\t<div class=\"icon-box-text last-reset\">\n\t\t\t\t\t\t\t\t\t\r\n\r\n\t<div id=\"text-1705344082\" class=\"text\">\n\t\t\r\n\r\n<h3><strong>Separacions Legals<\/strong><\/h3>\r\n<ul>\r\n<li><strong>Difer\u00e8ncies amb el divorci:<\/strong> T\u2019assessorem sobre les implicacions de cada opci\u00f3.<\/li>\r\n<li><strong>Reconciliacions:<\/strong> Et guiem si decideixes reprendre la conviv\u00e8ncia.<\/li>\r\n<\/ul>\r\n\t\t\n<style>\n#text-1705344082 {\n  color: rgb(255,255,255);\n}\n#text-1705344082 > * {\n  color: rgb(255,255,255);\n}\n<\/style>\n\t<\/div>\n\t\r\n\r\n\t\t<\/div>\n\t<\/div>\n\t\n\t\r\n\r\n\t\t<\/div>\n\t\t\t\t\t<\/div>\n\n\t\r\n\n\t<div id=\"col-1735087357\" class=\"col small-12 large-12\"  >\n\t\t\t\t<div class=\"col-inner text-left\"  >\n\t\t\t\n\t\t\t\r\n\r\n\t<div id=\"text-4246902971\" class=\"text\">\n\t\t\r\n\r\n<h2><strong>Aspectes Legals del Divorci<\/strong><\/h2>\r\n\t\t\n<style>\n#text-4246902971 {\n  font-size: 1.2rem;\n  color: rgb(255, 255, 255);\n}\n#text-4246902971 > * {\n  color: rgb(255, 255, 255);\n}\n<\/style>\n\t<\/div>\n\t\r\n\r\n\t\t<\/div>\n\t\t\t\t\t<\/div>\n\n\t\r\n\n\t<div id=\"col-569174744\" class=\"col medium-4 small-12 large-4\"  >\n\t\t\t\t<div class=\"col-inner text-left\"  >\n\t\t\t\n\t\t\t\r\n\r\n\n\t\t<div class=\"icon-box featured-box icon-box-top text-left\"  >\n\t\t\t\t\t<div class=\"icon-box-img\" style=\"width: 60px\">\n\t\t\t\t<div class=\"icon\">\n\t\t\t\t\t<div class=\"icon-inner\" >\n\t\t\t\t\t\t<img loading=\"lazy\" decoding=\"async\" width=\"1\" height=\"1\" src=\"https:\/\/gutierrezbelmonteabogados.com\/wp-content\/uploads\/2025\/01\/icon-law-white.svg\" class=\"attachment-medium size-medium\" alt=\"Icon Law White\" \/>\t\t\t\t\t<\/div>\n\t\t\t\t<\/div>\n\t\t\t<\/div>\n\t\t\t\t<div class=\"icon-box-text last-reset\">\n\t\t\t\t\t\t\t\t\t\r\n\r\n\t<div id=\"text-238073132\" class=\"text\">\n\t\t\r\n\r\n<h3><strong>Cust\u00f2dia i R\u00e8gim de Visites<\/strong><\/h3>\r\n<ul>\r\n<li>Cust\u00f2dia compartida o exclusiva, sempre tenint en compte el benestar dels menors.<\/li>\r\n<li>R\u00e8gims de visites adaptats a la situaci\u00f3 familiar.<\/li>\r\n<\/ul>\r\n\t\t\n<style>\n#text-238073132 {\n  color: rgb(255,255,255);\n}\n#text-238073132 > * {\n  color: rgb(255,255,255);\n}\n<\/style>\n\t<\/div>\n\t\r\n\r\n\t\t<\/div>\n\t<\/div>\n\t\n\t\r\n\r\n\t\t<\/div>\n\t\t\t\t\t<\/div>\n\n\t\r\n\n\t<div id=\"col-1254750496\" class=\"col medium-4 small-12 large-4\"  >\n\t\t\t\t<div class=\"col-inner text-left\"  >\n\t\t\t\n\t\t\t\r\n\r\n\n\t\t<div class=\"icon-box featured-box icon-box-top text-left\"  >\n\t\t\t\t\t<div class=\"icon-box-img\" style=\"width: 60px\">\n\t\t\t\t<div class=\"icon\">\n\t\t\t\t\t<div class=\"icon-inner\" >\n\t\t\t\t\t\t<img loading=\"lazy\" decoding=\"async\" width=\"1\" height=\"1\" src=\"https:\/\/gutierrezbelmonteabogados.com\/wp-content\/uploads\/2025\/01\/icon-law-white.svg\" class=\"attachment-medium size-medium\" alt=\"Icon Law White\" \/>\t\t\t\t\t<\/div>\n\t\t\t\t<\/div>\n\t\t\t<\/div>\n\t\t\t\t<div class=\"icon-box-text last-reset\">\n\t\t\t\t\t\t\t\t\t\r\n\r\n\t<div id=\"text-3771550524\" class=\"text\">\n\t\t\r\n\r\n<h3><strong>Pensions d&#8217;Aliments i Compensat\u00f2ria<\/strong><\/h3>\r\n<ul>\r\n<li>Quantitats justes segons les necessitats i les possibilitats econ\u00f2miques.<\/li>\r\n<\/ul>\r\n\t\t\n<style>\n#text-3771550524 {\n  color: rgb(255,255,255);\n}\n#text-3771550524 > * {\n  color: rgb(255,255,255);\n}\n<\/style>\n\t<\/div>\n\t\r\n\r\n\t\t<\/div>\n\t<\/div>\n\t\n\t\r\n\r\n\t\t<\/div>\n\t\t\t\t\t<\/div>\n\n\t\r\n\n\t<div id=\"col-733849331\" class=\"col medium-4 small-12 large-4\"  >\n\t\t\t\t<div class=\"col-inner text-left\"  >\n\t\t\t\n\t\t\t\r\n\r\n\n\t\t<div class=\"icon-box featured-box icon-box-top text-left\"  >\n\t\t\t\t\t<div class=\"icon-box-img\" style=\"width: 60px\">\n\t\t\t\t<div class=\"icon\">\n\t\t\t\t\t<div class=\"icon-inner\" >\n\t\t\t\t\t\t<img loading=\"lazy\" decoding=\"async\" width=\"1\" height=\"1\" src=\"https:\/\/gutierrezbelmonteabogados.com\/wp-content\/uploads\/2025\/01\/icon-law-white.svg\" class=\"attachment-medium size-medium\" alt=\"Icon Law White\" \/>\t\t\t\t\t<\/div>\n\t\t\t\t<\/div>\n\t\t\t<\/div>\n\t\t\t\t<div class=\"icon-box-text last-reset\">\n\t\t\t\t\t\t\t\t\t\r\n\r\n\t<div id=\"text-3509321483\" class=\"text\">\n\t\t\r\n\r\n<h3><strong>Liq\u00fcidaci\u00f3 del R\u00e8gim Econ\u00f2mic<\/strong><\/h3>\r\n<ul>\r\n<li>Repartiment equitatiu dels b\u00e9ns comuns i patrimoni compartit.<\/li>\r\n<\/ul>\r\n\t\t\n<style>\n#text-3509321483 {\n  color: rgb(255,255,255);\n}\n#text-3509321483 > * {\n  color: rgb(255,255,255);\n}\n<\/style>\n\t<\/div>\n\t\r\n\r\n\t\t<\/div>\n\t<\/div>\n\t\n\t\r\n\r\n\t\t<\/div>\n\t\t\t\t\t<\/div>\n\n\t\r\n\r\n<\/div>\r\n\r\n\t\t<\/div>\n\n\t\t\n<style>\n#section_194378208 {\n  padding-top: 150px;\n  padding-bottom: 150px;\n}\n#section_194378208 .section-bg-overlay {\n  background-color: #893131;\n}\n<\/style>\n\t<\/section>\n\t\r\n","protected":false},"excerpt":{"rendered":"","protected":false},"author":1,"featured_media":0,"parent":0,"menu_order":0,"comment_status":"closed","ping_status":"closed","template":"page-transparent-header-light.php","meta":{"footnotes":""},"class_list":["post-1475","page","type-page","status-publish","hentry"],"_links":{"self":[{"href":"https:\/\/gutierrezbelmonteabogados.com\/ca\/wp-json\/wp\/v2\/pages\/1475","targetHints":{"allow":["GET"]}}],"collection":[{"href":"https:\/\/gutierrezbelmonteabogados.com\/ca\/wp-json\/wp\/v2\/pages"}],"about":[{"href":"https:\/\/gutierrezbelmonteabogados.com\/ca\/wp-json\/wp\/v2\/types\/page"}],"author":[{"embeddable":true,"href":"https:\/\/gutierrezbelmonteabogados.com\/ca\/wp-json\/wp\/v2\/users\/1"}],"replies":[{"embeddable":true,"href":"https:\/\/gutierrezbelmonteabogados.com\/ca\/wp-json\/wp\/v2\/comments?post=1475"}],"version-history":[{"count":3,"href":"https:\/\/gutierrezbelmonteabogados.com\/ca\/wp-json\/wp\/v2\/pages\/1475\/revisions"}],"predecessor-version":[{"id":1620,"href":"https:\/\/gutierrezbelmonteabogados.com\/ca\/wp-json\/wp\/v2\/pages\/1475\/revisions\/1620"}],"wp:attachment":[{"href":"https:\/\/gutierrezbelmonteabogados.com\/ca\/wp-json\/wp\/v2\/media?parent=1475"}],"curies":[{"name":"wp","href":"https:\/\/api.w.org\/{rel}","templated":true}]}}