{"id":1472,"date":"2021-06-18T15:30:01","date_gmt":"2021-06-18T13:30:01","guid":{"rendered":"https:\/\/gutierrezbelmonteabogados.com\/?page_id=1472"},"modified":"2025-06-07T09:35:22","modified_gmt":"2025-06-07T07:35:22","slug":"contacte","status":"publish","type":"page","link":"https:\/\/gutierrezbelmonteabogados.com\/ca\/contacte\/","title":{"rendered":"Contacte"},"content":{"rendered":"\r\n\n  <div class=\"banner has-hover\" id=\"banner-1697889137\">\n          <div class=\"banner-inner fill\">\n        <div class=\"banner-bg fill\" >\n            <img loading=\"lazy\" decoding=\"async\" width=\"2560\" height=\"1441\" src=\"https:\/\/gutierrezbelmonteabogados.com\/wp-content\/uploads\/2024\/12\/contacto-abogados-en-barcelona-scaled.webp\" class=\"bg attachment-original size-original\" alt=\"Contacto Abogados En Barcelona\" \/>                        <div class=\"overlay\"><\/div>            \n                    <\/div>\n\t\t\n        <div class=\"banner-layers container\">\n            <div class=\"fill banner-link\"><\/div>            \r\n\r\n   <div id=\"text-box-590915642\" class=\"text-box banner-layer x50 md-x50 lg-x50 y50 md-y50 lg-y50 res-text\">\n                                <div class=\"text-box-content text dark\">\n              \n              <div class=\"text-inner text-center\">\n                  \r\n\r\n\t<div id=\"text-2687824860\" class=\"text\">\n\t\t\r\n\r\n<p class=\"centrar\"><span><span><a href=\"https:\/\/gutierrezbelmonteabogados.com\/ca\/\">Guti\u00e9rrez Belmonte Abogados<\/a><\/span><\/span>\r\n\t\t\n<style>\n#text-2687824860 {\n  font-size: 1rem;\n  text-align: center;\n}\n@media (min-width:550px) {\n  #text-2687824860 {\n    text-align: center;\n  }\n}\n@media (min-width:850px) {\n  #text-2687824860 {\n    font-size: 0.75rem;\n  }\n}\n<\/style>\n\t<\/div>\n\t\r\n\t<div id=\"text-2421363140\" class=\"text\">\n\t\t\r\n\r\n<h1>Contacta amb Guti\u00e9rrez Belmonte Advocats<\/h1>\r\n\t\t\n<style>\n#text-2421363140 {\n  font-size: 1rem;\n  text-align: center;\n}\n@media (min-width:550px) {\n  #text-2421363140 {\n    text-align: center;\n  }\n}\n@media (min-width:850px) {\n  #text-2421363140 {\n    font-size: 0.75rem;\n  }\n}\n<\/style>\n\t<\/div>\n\t\r\n\r\n              <\/div>\n           <\/div>\n                            \n<style>\n#text-box-590915642 {\n  width: 90%;\n}\n#text-box-590915642 .text-box-content {\n  font-size: 100%;\n}\n@media (min-width:550px) {\n  #text-box-590915642 {\n    width: 100%;\n  }\n}\n<\/style>\n    <\/div>\n \r\n\r\n        <\/div>\n      <\/div>\n\n            \n<style>\n#banner-1697889137 {\n  padding-top: 700px;\n}\n#banner-1697889137 .overlay {\n  background-color: rgba(137, 49, 49, 0.5);\n}\n<\/style>\n  <\/div>\n\n\r\n\n\t<section class=\"section\" id=\"section_1988984164\">\n\t\t<div class=\"section-bg fill\" >\n\t\t\t\t\t\t\t\t\t\n\t\t\t\n\n\t\t<\/div>\n\n\t\t\n\n\t\t<div class=\"section-content relative\">\n\t\t\t\r\n\r\n<div class=\"row align-center\"  id=\"row-1923668104\">\r\n\r\n\n\t<div id=\"col-115838816\" class=\"col medium-6 small-12 large-6\"  >\n\t\t\t\t<div class=\"col-inner text-left\"  >\n\t\t\t\n\t\t\t\r\n\r\n\t<div id=\"text-2889308406\" class=\"text\">\n\t\t\r\n\r\n<h2><strong>Dades de contacte<\/strong><\/h2>\r\n\t\t\n<style>\n#text-2889308406 {\n  font-size: 1.2rem;\n  text-align: left;\n}\n<\/style>\n\t<\/div>\n\t\r\n<p>A <strong>Guti\u00e9rrez Belmonte Advocats<\/strong>, entenem que prendre la decisio de buscar assessorament legal no \u00e9s f\u00e0cil. Per aix\u00f2, posem a la teva disposici\u00f3 diferents formes de contacte perqu\u00e8 puguis resoldre els teus dubtes i trobar la soluci\u00f3 que necessites de manera senzilla i confidencial.<\/p>\r\n\t<div id=\"text-1592307794\" class=\"text\">\n\t\t\r\n\r\n<p><i class=\"icon-phone\"><\/i> <a href=\"tel:+34693220587;\">(+34) 693-220-587<\/a><\/p>\r\n<p><i class=\"icon-phone\"><\/i> <a href=\"tel:+34933484711;\">(+34) 933-484-711<\/a><\/p>\r\n\t\t\n<style>\n#text-1592307794 {\n  text-align: left;\n  color: #893131;\n}\n#text-1592307794 > * {\n  color: #893131;\n}\n<\/style>\n\t<\/div>\n\t\r\n\t<div id=\"text-2450233703\" class=\"text\">\n\t\t\r\n\r\n<p><i class=\"icon-envelop\"><\/i> <a href=\"mailto:info@gutierrezbelmonteabogados.com;\">info@gutierrezbelmonteabogados.com<\/a><\/p>\r\n\t\t\n<style>\n#text-2450233703 {\n  text-align: left;\n  color: #893131;\n}\n#text-2450233703 > * {\n  color: #893131;\n}\n<\/style>\n\t<\/div>\n\t\r\n\t<div id=\"text-3570824232\" class=\"text\">\n\t\t\r\n\r\n<p>La nostra oficina: <i class=\"icon-map-pin-fill\"><\/i> <strong><span style=\"color: #893131;\">Gran de Gr\u00e0cia 47, 4-2, Barcelona<\/span><\/strong><\/p>\r\n\t\t\n<style>\n#text-3570824232 {\n  text-align: left;\n}\n<\/style>\n\t<\/div>\n\t\r\n\r\n\t\t<\/div>\n\t\t\t\t\t<\/div>\n\n\t\r\n\n\t<div id=\"col-503324964\" class=\"col medium-6 small-12 large-6\"  >\n\t\t\t\t<div class=\"col-inner text-center box-shadow-2\" style=\"background-color:rgb(242, 242, 242);\" >\n\t\t\t\n\t\t\t\r\n\r\n\n<div class=\"wpcf7 no-js\" id=\"wpcf7-f1622-o1\" lang=\"ca\" dir=\"ltr\" data-wpcf7-id=\"1622\">\n<div class=\"screen-reader-response\"><p role=\"status\" aria-live=\"polite\" aria-atomic=\"true\"><\/p> <ul><\/ul><\/div>\n<form action=\"\/ca\/wp-json\/wp\/v2\/pages\/1472#wpcf7-f1622-o1\" method=\"post\" class=\"wpcf7-form init\" aria-label=\"Formulari de contacte\" novalidate=\"novalidate\" data-status=\"init\">\n<fieldset class=\"hidden-fields-container\"><input type=\"hidden\" name=\"_wpcf7\" value=\"1622\" \/><input type=\"hidden\" name=\"_wpcf7_version\" value=\"6.1.6\" \/><input type=\"hidden\" name=\"_wpcf7_locale\" value=\"ca\" \/><input type=\"hidden\" name=\"_wpcf7_unit_tag\" value=\"wpcf7-f1622-o1\" \/><input type=\"hidden\" name=\"_wpcf7_container_post\" value=\"0\" \/><input type=\"hidden\" name=\"_wpcf7_posted_data_hash\" value=\"\" \/>\n<\/fieldset>\n<div class=\"wpcf7-turnstile cf-turnstile\" data-sitekey=\"0x4AAAAAACf7TfKPaYQnYWV_\" data-response-field-name=\"_wpcf7_turnstile_response\"><\/div>\n\n<div class=\"form-flat medium-flex-wrap flex-start\">\n\t<div class=\"flex-col flex-grow\">\n\t\t<p><label>Nom * <span class=\"wpcf7-form-control-wrap\" data-name=\"your-name\"><input size=\"40\" maxlength=\"400\" class=\"wpcf7-form-control wpcf7-text wpcf7-validates-as-required\" aria-required=\"true\" aria-invalid=\"false\" value=\"\" type=\"text\" name=\"your-name\" \/><\/span> <\/label>\n\t\t<\/p>\n\t<\/div>\n\t<div class=\"flex-col flex-grow\">\n\t\t<p><label> Email *<br \/>\n<span class=\"wpcf7-form-control-wrap\" data-name=\"your-email\"><input size=\"40\" maxlength=\"400\" class=\"wpcf7-form-control wpcf7-email wpcf7-validates-as-required wpcf7-text wpcf7-validates-as-email\" aria-required=\"true\" aria-invalid=\"false\" value=\"\" type=\"email\" name=\"your-email\" \/><\/span> <\/label>\n\t\t<\/p>\n\t<\/div>\n\t<div class=\"flex-col flex-grow\">\n\t\t<p><label>El teu missatge (opcional)<br \/>\n<span class=\"wpcf7-form-control-wrap\" data-name=\"your-message\"><textarea cols=\"40\" rows=\"10\" maxlength=\"2000\" class=\"wpcf7-form-control wpcf7-textarea\" aria-invalid=\"false\" name=\"your-message\"><\/textarea><\/span><\/label><br \/>\n<span id=\"wpcf7-6a0914f8912e0-wrapper\" class=\"wpcf7-form-control-wrap lloc-web-wrap\" style=\"display: block;\n\t\t    width: 0px;\n\t\t    height: 0px;\n\t\t    padding: 0px;\n\t\t    border: 1px solid transparent;\n\t\t    display: block;\n\t\t    overflow: hidden;\n\t\t    \"><input type=\"hidden\" name=\"lloc-web-random-hash\" value=\"73015359\"><label\n\t\t    for=\"wpcf7-6a0914f8912e0-field\"\n\t\t    class=\"hp-message\"\n        >Deixeu aquest camp buit.<\/label><input\n\t    id=\"wpcf7-6a0914f8912e0-field\"\n\t    \n\t    class=\"wpcf7-form-control wpcf7-text\"\n\t    type=\"text\"\n\t    name=\"psroxdcnkzhz\"\n\t    value=\"\"\n\t    size=\"40\"\n\t    autocomplete=\"new-password\"\n\t    tabindex=\"1000\"\n    \/><\/span><br \/>\n<span class=\"wpcf7-form-control-wrap\" data-name=\"acceptance-482\"><span class=\"wpcf7-form-control wpcf7-acceptance\"><span class=\"wpcf7-list-item\"><label><input type=\"checkbox\" name=\"acceptance-482\" value=\"1\" aria-invalid=\"false\" \/><span class=\"wpcf7-list-item-label\">Accepta la nostra <a href=\"\/ca\/politica-de-privacitat\/\" target=\"_blank\">Pol\u00edtica de Privacitat<\/a><\/span><\/label><\/span><\/span><\/span>\n\t\t<\/p>\n\t<\/div>\n\t<div class=\"flex-col ml-half\">\n\t\t<p><input class=\"wpcf7-form-control wpcf7-submit has-spinner\" type=\"submit\" value=\"Envia\" \/>\n\t\t<\/p>\n\t<\/div>\n<\/div><div class=\"wpcf7-response-output\" aria-hidden=\"true\"><\/div>\n<\/form>\n<\/div>\n\r\n\r\n\t\t<\/div>\n\t\t\t\t\n<style>\n#col-503324964 > .col-inner {\n  padding: 10% 10% 10% 10%;\n  border-radius: 5px;\n}\n<\/style>\n\t<\/div>\n\n\t\r\n\r\n<\/div>\r\n\r\n\t\t<\/div>\n\n\t\t\n<style>\n#section_1988984164 {\n  padding-top: 150px;\n  padding-bottom: 150px;\n}\n<\/style>\n\t<\/section>\n\t\r\n\n\t<section class=\"section\" id=\"section_548400790\">\n\t\t<div class=\"section-bg fill\" >\n\t\t\t\t\t\t\t\t\t\n\t\t\t\n\n\t\t<\/div>\n\n\t\t\n\n\t\t<div class=\"section-content relative\">\n\t\t\t\r\n\r\n<div class=\"row align-equal\"  id=\"row-72322958\">\r\n\r\n\n\t<div id=\"col-405653209\" class=\"col medium-4 small-12 large-4\"  data-animate=\"fadeInLeft\">\n\t\t\t\t<div class=\"col-inner text-left\" style=\"background-color:#893131;\" >\n\t\t\t\n\t\t\t\r\n\r\n\t<div id=\"text-2211217977\" class=\"text\">\n\t\t\r\n\r\n<h2><strong>Contacta&#8217;ns Avui Mateix<\/strong><\/h2>\r\n\t\t\n<style>\n#text-2211217977 {\n  color: rgb(255,255,255);\n}\n#text-2211217977 > * {\n  color: rgb(255,255,255);\n}\n<\/style>\n\t<\/div>\n\t\r\n\t<div id=\"text-3932271940\" class=\"text\">\n\t\t\r\n\r\n<p>Si necessites assessorament legal a Barcelona, no esperis m\u00e9s. <strong>Truca&#8217;ns, escriu-nos o visita&#8217;ns<\/strong> i descobreix com el nostre equip d&#8217;advocats pot ajudar-te a resoldre els teus problemes legals amb professionalitat i confiabilitat.<\/p>\r\n\t\t\n<style>\n#text-3932271940 {\n  color: rgb(255,255,255);\n}\n#text-3932271940 > * {\n  color: rgb(255,255,255);\n}\n<\/style>\n\t<\/div>\n\t\r\n\r\n\t\t<\/div>\n\t\t\t\t\n<style>\n#col-405653209 > .col-inner {\n  padding: 25px 25px 25px 25px;\n}\n<\/style>\n\t<\/div>\n\n\t\r\n\n\t<div id=\"col-1916652757\" class=\"col medium-8 small-12 large-8\"  data-animate=\"fadeInRight\">\n\t\t\t\t<div class=\"col-inner text-left\"  >\n\t\t\t\n\t\t\t\r\n\r\n\t<div id=\"text-3733077223\" class=\"text\">\n\t\t\r\n\r\n<h2><strong>Per Qu\u00e8 Contactar amb Nosaltres?<\/strong><\/h2>\r\n<ul>\r\n<li><span style=\"color: #893131;\"><strong>Atenci\u00f3 Personalitzada:<\/strong><\/span> Cada cas \u00e9s \u00fanic, i el nostre equip est\u00e0 comprom\u00e8s a oferir-te un servei proper i professional.<\/li>\r\n<li><strong><span style=\"color: #893131;\">Resposta R\u00e0pida:<\/span><\/strong> Entenem que els assumptes legals solen ser urgents, per aix\u00f2 donem prioritat a totes les consultes.<\/li>\r\n<li><strong><span style=\"color: #893131;\">Primera Consulta Confidencial:<\/span><\/strong> Analitzem la teva situaci\u00f3 i et proposem les millors solucions legals adaptades a les teves necessitats.<\/li>\r\n<\/ul>\r\n\t\t\n<style>\n#text-3733077223 {\n  text-align: left;\n}\n<\/style>\n\t<\/div>\n\t\r\n<a href=\"\/serveis-juridics-a-barcelona\/\" class=\"button primary is-outline is-small lowercase\" style=\"padding:5px 35px 5px 35px;\">\n\t\t<span>Serveis jur\u00eddics<\/span>\n\t<i class=\"icon-angle-right\" aria-hidden=\"true\"><\/i><\/a>\n\r\n\r\n\t\t<\/div>\n\t\t\t\t\t<\/div>\n\n\t\r\n\r\n<\/div>\r\n\r\n\t\t<\/div>\n\n\t\t\n<style>\n#section_548400790 {\n  padding-top: 50px;\n  padding-bottom: 50px;\n}\n<\/style>\n\t<\/section>\n\t\r\n\r\n\r\n<iframe src=\"https:\/\/www.google.com\/maps\/embed?pb=!1m18!1m12!1m3!1d2992.8478499121697!2d2.1533084764652486!3d41.399110495267344!2m3!1f0!2f0!3f0!3m2!1i1024!2i768!4f13.1!3m3!1m2!1s0x12a4a29799a55555%3A0x510b0bbcb84a6f58!2sCarrer%20Gran%20de%20Gr%C3%A0cia%2C%2047%2C%20piso%204%20puerta%202%2C%20Gracia%2C%2008012%20Barcelona!5e0!3m2!1ses!2ses!4v1737982420322!5m2!1ses!2ses\" width=\"6000\" height=\"450\" style=\"border:0;\" allowfullscreen=\"\" loading=\"lazy\" referrerpolicy=\"no-referrer-when-downgrade\"><\/iframe>\r\n\r\n\r\n","protected":false},"excerpt":{"rendered":"","protected":false},"author":1,"featured_media":0,"parent":0,"menu_order":0,"comment_status":"closed","ping_status":"closed","template":"page-transparent-header-light.php","meta":{"footnotes":""},"class_list":["post-1472","page","type-page","status-publish","hentry"],"_links":{"self":[{"href":"https:\/\/gutierrezbelmonteabogados.com\/ca\/wp-json\/wp\/v2\/pages\/1472","targetHints":{"allow":["GET"]}}],"collection":[{"href":"https:\/\/gutierrezbelmonteabogados.com\/ca\/wp-json\/wp\/v2\/pages"}],"about":[{"href":"https:\/\/gutierrezbelmonteabogados.com\/ca\/wp-json\/wp\/v2\/types\/page"}],"author":[{"embeddable":true,"href":"https:\/\/gutierrezbelmonteabogados.com\/ca\/wp-json\/wp\/v2\/users\/1"}],"replies":[{"embeddable":true,"href":"https:\/\/gutierrezbelmonteabogados.com\/ca\/wp-json\/wp\/v2\/comments?post=1472"}],"version-history":[{"count":2,"href":"https:\/\/gutierrezbelmonteabogados.com\/ca\/wp-json\/wp\/v2\/pages\/1472\/revisions"}],"predecessor-version":[{"id":1525,"href":"https:\/\/gutierrezbelmonteabogados.com\/ca\/wp-json\/wp\/v2\/pages\/1472\/revisions\/1525"}],"wp:attachment":[{"href":"https:\/\/gutierrezbelmonteabogados.com\/ca\/wp-json\/wp\/v2\/media?parent=1472"}],"curies":[{"name":"wp","href":"https:\/\/api.w.org\/{rel}","templated":true}]}}