{"id":1465,"date":"2021-06-18T15:28:37","date_gmt":"2021-06-18T13:28:37","guid":{"rendered":"https:\/\/gutierrezbelmonteabogados.com\/?page_id=1465"},"modified":"2025-06-07T10:59:47","modified_gmt":"2025-06-07T08:59:47","slug":"advocat-civil-a-barcelona","status":"publish","type":"page","link":"https:\/\/gutierrezbelmonteabogados.com\/ca\/advocat-civil-a-barcelona\/","title":{"rendered":"Dret Civil"},"content":{"rendered":"\r\n\n  <div class=\"banner has-hover\" id=\"banner-1918366972\">\n          <div class=\"banner-inner fill\">\n        <div class=\"banner-bg fill\" >\n            <img loading=\"lazy\" decoding=\"async\" width=\"2500\" height=\"1667\" src=\"https:\/\/gutierrezbelmonteabogados.com\/wp-content\/uploads\/2024\/12\/abogado-civil-en-barcelona-abogados-bermudez.webp\" class=\"bg attachment-original size-original\" alt=\"Abogado Civil En Barcelona Abogados Bermudez\" \/>                        <div class=\"overlay\"><\/div>            \n                    <\/div>\n\t\t\n        <div class=\"banner-layers container\">\n            <div class=\"fill banner-link\"><\/div>            \r\n\r\n   <div id=\"text-box-1561140648\" class=\"text-box banner-layer x50 md-x50 lg-x50 y60 md-y60 lg-y60 res-text\">\n                                <div class=\"text-box-content text dark\">\n              \n              <div class=\"text-inner text-center\">\n                  \r\n\r\n\t<div id=\"text-141057415\" class=\"text\">\n\t\t\r\n\r\n<p class=\"centrar\"><span><span><a href=\"https:\/\/gutierrezbelmonteabogados.com\/ca\/\">Guti\u00e9rrez Belmonte Abogados<\/a><\/span><\/span>\r\n\t\t\n<style>\n#text-141057415 {\n  font-size: 1rem;\n  text-align: center;\n}\n@media (min-width:550px) {\n  #text-141057415 {\n    font-size: 0.75rem;\n    text-align: center;\n  }\n}\n<\/style>\n\t<\/div>\n\t\r\n\t<div id=\"text-752758392\" class=\"text\">\n\t\t\r\n\r\n<h1>Experts en Dret Civil a Barcelona<\/h1>\r\n\t\t\n<style>\n#text-752758392 {\n  font-size: 1rem;\n  text-align: center;\n}\n@media (min-width:550px) {\n  #text-752758392 {\n    font-size: 0.75rem;\n    text-align: center;\n  }\n}\n<\/style>\n\t<\/div>\n\t\r\n<a href=\"\/ca\/contacte\/\" class=\"button secondary is-small lowercase\" style=\"padding:5px 35px 5px 35px;\">\n\t\t<span>Contacta ara<\/span>\n\t<i class=\"icon-angle-right\" aria-hidden=\"true\"><\/i><\/a>\n\r\n\r\n\r\n              <\/div>\n           <\/div>\n                            \n<style>\n#text-box-1561140648 {\n  width: 90%;\n}\n#text-box-1561140648 .text-box-content {\n  font-size: 100%;\n}\n@media (min-width:550px) {\n  #text-box-1561140648 {\n    width: 100%;\n  }\n}\n<\/style>\n    <\/div>\n \r\n\r\n        <\/div>\n      <\/div>\n\n            \n<style>\n#banner-1918366972 {\n  padding-top: 700px;\n}\n#banner-1918366972 .overlay {\n  background-color: rgba(137, 49, 49, 0.5);\n}\n<\/style>\n  <\/div>\n\n\r\n\n\t<section class=\"section\" id=\"section_995912578\">\n\t\t<div class=\"section-bg fill\" >\n\t\t\t\t\t\t\t\t\t\n\t\t\t\n\n\t\t<\/div>\n\n\t\t\n\n\t\t<div class=\"section-content relative\">\n\t\t\t\r\n\r\n<div class=\"row align-middle\"  id=\"row-229626577\">\r\n\r\n\n\t<div id=\"col-31141384\" class=\"col small-12 large-12\"  >\n\t\t\t\t<div class=\"col-inner text-left\"  >\n\t\t\t\n\t\t\t\r\n\r\n\t<div id=\"text-149081651\" class=\"text\">\n\t\t\r\n\r\n<h2><strong>Despatx especialitzat en dret civil a Barcelona<\/strong><\/h2>\r\n\t\t\n<style>\n#text-149081651 {\n  font-size: 1.2rem;\n}\n<\/style>\n\t<\/div>\n\t\r\n<p>A <strong>Guti\u00e9rrez Belmonte Advocats<\/strong>, oferim serveis especialitzats en <strong>Dret Civil<\/strong> a Barcelona, proporcionant assessorament i representaci\u00f3 legal en diverses \u00e0rees per protegir els teus drets i interessos.<\/p>\r\n<a href=\"\/ca\/despatx-advocats-a-barcelona\/\" class=\"button primary is-outline is-small lowercase\" style=\"padding:5px 35px 5px 35px;\">\n\t\t<span>Coneix el despatx<\/span>\n\t<i class=\"icon-angle-right\" aria-hidden=\"true\"><\/i><\/a>\n\r\n\r\n\r\n\t\t<\/div>\n\t\t\t\t\t<\/div>\n\n\t\r\n\r\n<\/div>\r\n\r\n\t\t<\/div>\n\n\t\t\n<style>\n#section_995912578 {\n  padding-top: 150px;\n  padding-bottom: 150px;\n}\n<\/style>\n\t<\/section>\n\t\r\n\n\t<section class=\"section\" id=\"section_259246642\">\n\t\t<div class=\"section-bg fill\" >\n\t\t\t\t\t\t\t\t\t<div class=\"section-bg-overlay absolute fill\"><\/div>\n\t\t\t\n\n\t\t<\/div>\n\n\t\t\n\n\t\t<div class=\"section-content relative\">\n\t\t\t\r\n\r\n<div class=\"row align-equal\"  id=\"row-29098712\">\r\n\r\n\n\t<div id=\"col-1564331208\" class=\"col small-12 large-12\"  >\n\t\t\t\t<div class=\"col-inner text-left\"  >\n\t\t\t\n\t\t\t\r\n\r\n\t<div id=\"text-1817760564\" class=\"text\">\n\t\t\r\n\r\n<h2><strong>Els nostres serveis en dret civil<\/strong><\/h2>\r\n\t\t\n<style>\n#text-1817760564 {\n  font-size: 1.2rem;\n  color: rgb(255, 255, 255);\n}\n#text-1817760564 > * {\n  color: rgb(255, 255, 255);\n}\n<\/style>\n\t<\/div>\n\t\r\n\r\n\t\t<\/div>\n\t\t\t\t\t<\/div>\n\n\t\r\n\n\t<div id=\"col-620927757\" class=\"col medium-4 small-12 large-4\"  data-animate=\"fadeInUp\">\n\t\t\t\t<div class=\"col-inner text-left\"  >\n\t\t\t\n\t\t\t\r\n\r\n\n\t\t<div class=\"icon-box featured-box icon-box-top text-left\"  >\n\t\t\t\t\t<div class=\"icon-box-img\" style=\"width: 54px\">\n\t\t\t\t<div class=\"icon\">\n\t\t\t\t\t<div class=\"icon-inner\" >\n\t\t\t\t\t\t<img loading=\"lazy\" decoding=\"async\" width=\"1\" height=\"1\" src=\"https:\/\/gutierrezbelmonteabogados.com\/wp-content\/uploads\/2025\/01\/icon-law-white.svg\" class=\"attachment-medium size-medium\" alt=\"Icon Law White\" \/>\t\t\t\t\t<\/div>\n\t\t\t\t<\/div>\n\t\t\t<\/div>\n\t\t\t\t<div class=\"icon-box-text last-reset\">\n\t\t\t\t\t\t\t\t\t\r\n\r\n\t<div id=\"text-1720698249\" class=\"text\">\n\t\t\r\n\r\n<h3><strong>Contractes i Obligacions<\/strong><\/h3>\r\n<ul>\r\n<li><strong>Redacci\u00f3 i revisi\u00f3 de contractes:<\/strong> Elaborem i analitzem contractes de compravenda, arrendament, pr\u00e9stecs i altres acords civils per garantir-ne la legalitat i l&#8217;equitat.<\/li>\r\n<li><strong>Resoluci\u00f3 de conflictes contractuals:<\/strong> Assessorament en casos d&#8217;incompliment de contracte, cercant solucions amistoses o, si cal, accions legals.<\/li>\r\n<\/ul>\r\n\t\t\n<style>\n#text-1720698249 {\n  color: rgb(255,255,255);\n}\n#text-1720698249 > * {\n  color: rgb(255,255,255);\n}\n<\/style>\n\t<\/div>\n\t\r\n\r\n\t\t<\/div>\n\t<\/div>\n\t\n\t\r\n\r\n\t\t<\/div>\n\t\t\t\t\t<\/div>\n\n\t\r\n\n\t<div id=\"col-724883735\" class=\"col medium-4 small-12 large-4\"  data-animate=\"fadeInUp\">\n\t\t\t\t<div class=\"col-inner text-left\"  >\n\t\t\t\n\t\t\t\r\n\r\n\n\t\t<div class=\"icon-box featured-box icon-box-top text-left\"  >\n\t\t\t\t\t<div class=\"icon-box-img\" style=\"width: 54px\">\n\t\t\t\t<div class=\"icon\">\n\t\t\t\t\t<div class=\"icon-inner\" >\n\t\t\t\t\t\t<img loading=\"lazy\" decoding=\"async\" width=\"1\" height=\"1\" src=\"https:\/\/gutierrezbelmonteabogados.com\/wp-content\/uploads\/2025\/01\/icon-law-white.svg\" class=\"attachment-medium size-medium\" alt=\"Icon Law White\" \/>\t\t\t\t\t<\/div>\n\t\t\t\t<\/div>\n\t\t\t<\/div>\n\t\t\t\t<div class=\"icon-box-text last-reset\">\n\t\t\t\t\t\t\t\t\t\r\n\r\n\t<div id=\"text-1342625008\" class=\"text\">\n\t\t\r\n\r\n<h3><strong>Drets Reals i Propietat<\/strong><\/h3>\r\n<ul>\r\n<li><strong>Assessorament en propietat immobili\u00e0ria:<\/strong> Et guiem en processos de compravenda de b\u00e9ns immobles, assegurant transaccions segures i legals.<\/li>\r\n<li><strong>Conflictes de propietat:<\/strong> Intervenim en disputes relacionades amb la propietat, possessi\u00f3 i \u00fas de b\u00e9ns, incloent servituds i usdefruits.<\/li>\r\n<\/ul>\r\n\t\t\n<style>\n#text-1342625008 {\n  color: rgb(255,255,255);\n}\n#text-1342625008 > * {\n  color: rgb(255,255,255);\n}\n<\/style>\n\t<\/div>\n\t\r\n\r\n\t\t<\/div>\n\t<\/div>\n\t\n\t\r\n\r\n\t\t<\/div>\n\t\t\t\t\t<\/div>\n\n\t\r\n\n\t<div id=\"col-692349820\" class=\"col medium-4 small-12 large-4\"  data-animate=\"fadeInUp\">\n\t\t\t\t<div class=\"col-inner text-left\"  >\n\t\t\t\n\t\t\t\r\n\r\n\n\t\t<div class=\"icon-box featured-box icon-box-top text-left\"  >\n\t\t\t\t\t<div class=\"icon-box-img\" style=\"width: 54px\">\n\t\t\t\t<div class=\"icon\">\n\t\t\t\t\t<div class=\"icon-inner\" >\n\t\t\t\t\t\t<img loading=\"lazy\" decoding=\"async\" width=\"1\" height=\"1\" src=\"https:\/\/gutierrezbelmonteabogados.com\/wp-content\/uploads\/2025\/01\/icon-law-white.svg\" class=\"attachment-medium size-medium\" alt=\"Icon Law White\" \/>\t\t\t\t\t<\/div>\n\t\t\t\t<\/div>\n\t\t\t<\/div>\n\t\t\t\t<div class=\"icon-box-text last-reset\">\n\t\t\t\t\t\t\t\t\t\r\n\r\n\t<div id=\"text-226675884\" class=\"text\">\n\t\t\r\n\r\n<h3><strong>Responsabilitat Civil<\/strong><\/h3>\r\n<ul>\r\n<li><strong>Reclamacions per danys i perjudicis:<\/strong> Representem clients en casos de danys causats per tercers, buscant la compensaci\u00f3 adequada.<\/li>\r\n<li><strong>Neglig\u00e8ncies professionals:<\/strong> Assessorament en situacions on hi ha hagut incompliment en la prestaci\u00f3 de serveis professionals que han afectat els teus drets.<\/li>\r\n<\/ul>\r\n\t\t\n<style>\n#text-226675884 {\n  color: rgb(255,255,255);\n}\n#text-226675884 > * {\n  color: rgb(255,255,255);\n}\n<\/style>\n\t<\/div>\n\t\r\n\r\n\t\t<\/div>\n\t<\/div>\n\t\n\t\r\n\r\n\t\t<\/div>\n\t\t\t\t\t<\/div>\n\n\t\r\n\n\t<div id=\"col-2096062042\" class=\"col medium-4 small-12 large-4\"  data-animate=\"fadeInUp\">\n\t\t\t\t<div class=\"col-inner text-left\"  >\n\t\t\t\n\t\t\t\r\n\r\n\n\t\t<div class=\"icon-box featured-box icon-box-top text-left\"  >\n\t\t\t\t\t<div class=\"icon-box-img\" style=\"width: 54px\">\n\t\t\t\t<div class=\"icon\">\n\t\t\t\t\t<div class=\"icon-inner\" >\n\t\t\t\t\t\t<img loading=\"lazy\" decoding=\"async\" width=\"1\" height=\"1\" src=\"https:\/\/gutierrezbelmonteabogados.com\/wp-content\/uploads\/2025\/01\/icon-law-white.svg\" class=\"attachment-medium size-medium\" alt=\"Icon Law White\" \/>\t\t\t\t\t<\/div>\n\t\t\t\t<\/div>\n\t\t\t<\/div>\n\t\t\t\t<div class=\"icon-box-text last-reset\">\n\t\t\t\t\t\t\t\t\t\r\n\r\n\t<div id=\"text-3058956862\" class=\"text\">\n\t\t\r\n\r\n<h3><strong>Dret de Fam\u00edlia<\/strong><\/h3>\r\n<ul>\r\n<li><strong>Divorcis i separacions:<\/strong> Oferim suport legal en processos de dissoluci\u00f3 matrimonial, garantint una resoluci\u00f3 justa i equitativa.<\/li>\r\n<li><strong>Cust\u00f2dia i manutenci\u00f3 de fills:<\/strong> Assessorament per aconseguir acords que protegeixin el benestar dels menors implicats.<\/li>\r\n<\/ul>\r\n\t\t\n<style>\n#text-3058956862 {\n  color: rgb(255,255,255);\n}\n#text-3058956862 > * {\n  color: rgb(255,255,255);\n}\n<\/style>\n\t<\/div>\n\t\r\n\r\n\t\t<\/div>\n\t<\/div>\n\t\n\t\r\n\r\n\t\t<\/div>\n\t\t\t\t\t<\/div>\n\n\t\r\n\n\t<div id=\"col-1518388781\" class=\"col medium-4 small-12 large-4\"  data-animate=\"fadeInUp\">\n\t\t\t\t<div class=\"col-inner text-left\"  >\n\t\t\t\n\t\t\t\r\n\r\n\n\t\t<div class=\"icon-box featured-box icon-box-top text-left\"  >\n\t\t\t\t\t<div class=\"icon-box-img\" style=\"width: 54px\">\n\t\t\t\t<div class=\"icon\">\n\t\t\t\t\t<div class=\"icon-inner\" >\n\t\t\t\t\t\t<img loading=\"lazy\" decoding=\"async\" width=\"1\" height=\"1\" src=\"https:\/\/gutierrezbelmonteabogados.com\/wp-content\/uploads\/2025\/01\/icon-law-white.svg\" class=\"attachment-medium size-medium\" alt=\"Icon Law White\" \/>\t\t\t\t\t<\/div>\n\t\t\t\t<\/div>\n\t\t\t<\/div>\n\t\t\t\t<div class=\"icon-box-text last-reset\">\n\t\t\t\t\t\t\t\t\t\r\n\r\n\t<div id=\"text-2154128290\" class=\"text\">\n\t\t\r\n\r\n<h3><strong>Her\u00e8ncies i Successions<\/strong><\/h3>\r\n<ul>\r\n<li><strong>Planificaci\u00f3 success\u00f2ria:<\/strong> T&#8217;ajudem a elaborar testaments i planificar la distribuci\u00f3 del teu patrimoni d&#8217;acord amb els teus desitjos.<\/li>\r\n<li><strong>Tramitaci\u00f3 d&#8217;her\u00e8ncies:<\/strong> Assist\u00e8ncia en l&#8217;acceptaci\u00f3, partici\u00f3 i adjudicaci\u00f3 de b\u00e9ns hereditaris, facilitant el proc\u00e9s als hereus.<\/li>\r\n<\/ul>\r\n\t\t\n<style>\n#text-2154128290 {\n  color: rgb(255,255,255);\n}\n#text-2154128290 > * {\n  color: rgb(255,255,255);\n}\n<\/style>\n\t<\/div>\n\t\r\n\r\n\t\t<\/div>\n\t<\/div>\n\t\n\t\r\n\r\n\t\t<\/div>\n\t\t\t\t\t<\/div>\n\n\t\r\n\r\n<\/div>\r\n\r\n\t\t<\/div>\n\n\t\t\n<style>\n#section_259246642 {\n  padding-top: 150px;\n  padding-bottom: 150px;\n}\n#section_259246642 .section-bg-overlay {\n  background-color: #893131;\n}\n<\/style>\n\t<\/section>\n\t\r\n\n\t<section class=\"section\" id=\"section_1944160197\">\n\t\t<div class=\"section-bg fill\" >\n\t\t\t\t\t\t\t\t\t\n\t\t\t\n\n\t\t<\/div>\n\n\t\t\n\n\t\t<div class=\"section-content relative\">\n\t\t\t\r\n\r\n<div class=\"row align-middle\"  id=\"row-894037370\">\r\n\r\n\n\t<div id=\"col-234914143\" class=\"col medium-4 small-12 large-4\"  data-animate=\"fadeInLeft\">\n\t\t\t\t<div class=\"col-inner text-left\" style=\"background-color:#893131;\" >\n\t\t\t\n\t\t\t\r\n\r\n\t<div id=\"text-1887076444\" class=\"text\">\n\t\t\r\n\r\n<h2><strong>El Nostre Enfocament<\/strong><\/h2>\r\n\t\t\n<style>\n#text-1887076444 {\n  color: rgb(255,255,255);\n}\n#text-1887076444 > * {\n  color: rgb(255,255,255);\n}\n<\/style>\n\t<\/div>\n\t\r\n\t<div id=\"text-528574483\" class=\"text\">\n\t\t\r\n\r\n<p>A Guti\u00e9rrez Belmonte Advocats, ens comprometem a oferir un servei personalitzat, analitzant cada cas amb detall i proporcionant solucions legals adaptades a les teves necessitats espec\u00edfiques.<\/p>\r\n\t\t\n<style>\n#text-528574483 {\n  color: rgb(255,255,255);\n}\n#text-528574483 > * {\n  color: rgb(255,255,255);\n}\n<\/style>\n\t<\/div>\n\t\r\n\r\n\t\t<\/div>\n\t\t\t\t\n<style>\n#col-234914143 > .col-inner {\n  padding: 25px 25px 25px 25px;\n}\n<\/style>\n\t<\/div>\n\n\t\r\n\n\t<div id=\"col-1787723198\" class=\"col medium-8 small-12 large-8\"  data-animate=\"fadeInRight\">\n\t\t\t\t<div class=\"col-inner text-left\"  >\n\t\t\t\n\t\t\t\r\n\r\n<h2><strong>Preguntes Freq\u00fcuents sobre Dret Civil<\/strong><\/h2>\r\n<h3><strong>#0.1 Qu\u00e8 he de fer si s&#8217;incompleix un contracte?<\/strong><\/h3>\r\n<p>\u00c9s fonamental recopilar tota la documentaci\u00f3 relacionada i buscar assessorament legal per avaluar les opcions disponibles, ja sigui una soluci\u00f3 amistosa o una acci\u00f3 judicial.<\/p>\r\n<h3><strong>#0.2 Com puc assegurar-me que un contracte \u00e9s legal i just?<\/strong><\/h3>\r\n<p>Consultar amb un advocat especialitzat en Dret Civil et permetr\u00e0 revisar i garantir que els termes del contracte protegeixen els teus interessos i compleixen amb la normativa vigent.<\/p>\r\n<h3><strong>#0.3 Quins passos seguir en cas de disputes per her\u00e8ncies?<\/strong><\/h3>\r\n<p>\u00c9s recomanable cercar mediaci\u00f3 legal per resoldre conflictes entre hereus i, si cal, procedir amb accions judicials per fer valdre els teus drets successoris.<\/p>\r\n<a href=\"\/ca\/serveis-juridics-a-barcelona\/\" class=\"button primary is-outline is-small lowercase\" style=\"padding:5px 35px 5px 35px;\">\n\t\t<span>Serveis jur\u00eddics<\/span>\n\t<i class=\"icon-angle-right\" aria-hidden=\"true\"><\/i><\/a>\n\r\n\r\n\r\n\t\t<\/div>\n\t\t\t\t\t<\/div>\n\n\t\r\n\r\n<\/div>\r\n\r\n\t\t<\/div>\n\n\t\t\n<style>\n#section_1944160197 {\n  padding-top: 150px;\n  padding-bottom: 150px;\n}\n<\/style>\n\t<\/section>\n\t\r\n\n\t<section class=\"section\" id=\"section_1221996487\">\n\t\t<div class=\"section-bg fill\" >\n\t\t\t<img loading=\"lazy\" decoding=\"async\" width=\"2560\" height=\"1441\" src=\"https:\/\/gutierrezbelmonteabogados.com\/wp-content\/uploads\/2024\/12\/contacto-abogados-en-barcelona-scaled.webp\" class=\"bg attachment-original size-original\" alt=\"Contacto Abogados En Barcelona\" \/>\t\t\t\t\t\t<div class=\"section-bg-overlay absolute fill\"><\/div>\n\t\t\t\n\n\t\t<\/div>\n\n\t\t\n\n\t\t<div class=\"section-content relative\">\n\t\t\t\r\n\r\n<div class=\"row\"  id=\"row-1153758321\">\r\n\r\n\n\t<div id=\"col-365338001\" class=\"col medium-6 small-12 large-6\"  >\n\t\t\t\t<div class=\"col-inner text-left\"  >\n\t\t\t\n\t\t\t\r\n\r\n\t<div id=\"text-1752136190\" class=\"text\">\n\t\t\r\n\r\n<h2><strong>Contacta amb Nosaltres<\/strong><\/h2>\r\n\t\t\n<style>\n#text-1752136190 {\n  font-size: 1.2rem;\n  color: rgb(255,255,255);\n}\n#text-1752136190 > * {\n  color: rgb(255,255,255);\n}\n<\/style>\n\t<\/div>\n\t\r\n\t<div id=\"text-3968613824\" class=\"text\">\n\t\t\r\n\r\n<p>Si necessites assessorament en <strong>Dret Civil<\/strong> a Barcelona, no dubtis a <strong>contactar amb nosaltres<\/strong>. A Guti\u00e9rrez Belmonte Advocats, estem aqu\u00ed per ajudar-te a resoldre els teus dubtes legals i protegir els teus drets.<\/p>\r\n\t\t\n<style>\n#text-3968613824 {\n  color: rgb(255,255,255);\n}\n#text-3968613824 > * {\n  color: rgb(255,255,255);\n}\n<\/style>\n\t<\/div>\n\t\r\n<a href=\"\/ca\/contacte\/\" class=\"button primary is-small lowercase\" style=\"padding:5px 35px 5px 35px;\">\n\t\t<span>Truca ara<\/span>\n\t<i class=\"icon-angle-right\" aria-hidden=\"true\"><\/i><\/a>\n\r\n\r\n\r\n\t\t<\/div>\n\t\t\t\t\t<\/div>\n\n\t\r\n\r\n\n<style>\n#row-1153758321 > .col > .col-inner {\n  padding: 30px 0px 0px 0px;\n}\n<\/style>\n<\/div>\r\n\r\n\t\t<\/div>\n\n\t\t\n<style>\n#section_1221996487 {\n  padding-top: 150px;\n  padding-bottom: 150px;\n}\n#section_1221996487 .section-bg-overlay {\n  background-color: rgba(0,0,0,.5);\n}\n<\/style>\n\t<\/section>\n\t\r\n\r\n","protected":false},"excerpt":{"rendered":"","protected":false},"author":1,"featured_media":0,"parent":0,"menu_order":0,"comment_status":"closed","ping_status":"closed","template":"page-transparent-header-light.php","meta":{"footnotes":""},"class_list":["post-1465","page","type-page","status-publish","hentry"],"_links":{"self":[{"href":"https:\/\/gutierrezbelmonteabogados.com\/ca\/wp-json\/wp\/v2\/pages\/1465","targetHints":{"allow":["GET"]}}],"collection":[{"href":"https:\/\/gutierrezbelmonteabogados.com\/ca\/wp-json\/wp\/v2\/pages"}],"about":[{"href":"https:\/\/gutierrezbelmonteabogados.com\/ca\/wp-json\/wp\/v2\/types\/page"}],"author":[{"embeddable":true,"href":"https:\/\/gutierrezbelmonteabogados.com\/ca\/wp-json\/wp\/v2\/users\/1"}],"replies":[{"embeddable":true,"href":"https:\/\/gutierrezbelmonteabogados.com\/ca\/wp-json\/wp\/v2\/comments?post=1465"}],"version-history":[{"count":3,"href":"https:\/\/gutierrezbelmonteabogados.com\/ca\/wp-json\/wp\/v2\/pages\/1465\/revisions"}],"predecessor-version":[{"id":1619,"href":"https:\/\/gutierrezbelmonteabogados.com\/ca\/wp-json\/wp\/v2\/pages\/1465\/revisions\/1619"}],"wp:attachment":[{"href":"https:\/\/gutierrezbelmonteabogados.com\/ca\/wp-json\/wp\/v2\/media?parent=1465"}],"curies":[{"name":"wp","href":"https:\/\/api.w.org\/{rel}","templated":true}]}}