{"id":1460,"date":"2021-06-18T15:33:21","date_gmt":"2021-06-18T13:33:21","guid":{"rendered":"https:\/\/gutierrezbelmonteabogados.com\/?page_id=1460"},"modified":"2025-06-06T16:59:50","modified_gmt":"2025-06-06T14:59:50","slug":"avis-legal","status":"publish","type":"page","link":"https:\/\/gutierrezbelmonteabogados.com\/ca\/avis-legal\/","title":{"rendered":"Av\u00eds Legal"},"content":{"rendered":"\r\n\n\t<section class=\"section\" id=\"section_73612453\">\n\t\t<div class=\"section-bg fill\" >\n\t\t\t<img loading=\"lazy\" decoding=\"async\" width=\"2560\" height=\"1696\" src=\"https:\/\/gutierrezbelmonteabogados.com\/wp-content\/uploads\/2024\/12\/abogados-en-barcelona-scaled.webp\" class=\"bg attachment-original size-original\" alt=\"Abogados En Barcelona\" \/>\t\t\t\t\t\t<div class=\"section-bg-overlay absolute fill\"><\/div>\n\t\t\t\n\n\t\t<\/div>\n\n\t\t\n\n\t\t<div class=\"section-content relative\">\n\t\t\t\r\n\r\n<div class=\"row\"  id=\"row-504751400\">\r\n\r\n\n\t<div id=\"col-2038954633\" class=\"col small-12 large-12\"  >\n\t\t\t\t<div class=\"col-inner\"  >\n\t\t\t\n\t\t\t\r\n\r\n\t<div id=\"text-1853438555\" class=\"text\">\n\t\t\r\n\r\n<p class=\"centrar\"><span><span><a href=\"https:\/\/gutierrezbelmonteabogados.com\/ca\/\">Guti\u00e9rrez Belmonte Abogados<\/a><\/span><\/span>\r\n\t\t\n<style>\n#text-1853438555 {\n  text-align: center;\n  color: rgb(255,255,255);\n}\n#text-1853438555 > * {\n  color: rgb(255,255,255);\n}\n<\/style>\n\t<\/div>\n\t\r\n\t<div id=\"text-1684741694\" class=\"text\">\n\t\t\r\n\r\n<h1>Av\u00eds Legal de Guti\u00e9rrez Belmonte Abogados<\/h1>\r\n\t\t\n<style>\n#text-1684741694 {\n  text-align: center;\n  color: rgb(255,255,255);\n}\n#text-1684741694 > * {\n  color: rgb(255,255,255);\n}\n<\/style>\n\t<\/div>\n\t\r\n\r\n\t\t<\/div>\n\t\t\t\t\n<style>\n#col-2038954633 > .col-inner {\n  padding: 5% 0px 5% 0px;\n}\n<\/style>\n\t<\/div>\n\n\t\r\n\r\n<\/div>\r\n\r\n\t\t<\/div>\n\n\t\t\n<style>\n#section_73612453 {\n  padding-top: 150px;\n  padding-bottom: 150px;\n}\n#section_73612453 .section-bg-overlay {\n  background-color: rgba(0,0,0,.5);\n}\n<\/style>\n\t<\/section>\n\t\r\n<div class=\"row\"  id=\"row-1529366272\">\r\n\r\n\n\t<div id=\"col-852790181\" class=\"col small-12 large-12\"  >\n\t\t\t\t<div class=\"col-inner\"  >\n\t\t\t\n\t\t\t\r\n\r\n<p>En aquest apartat s&#8217;inclou informaci\u00f3 sobre les condicions d&#8217;acc\u00e9s i utilitzaci\u00f3 d&#8217;aquest lloc web que han de ser conegudes per l&#8217;usuari, a l&#8217;efecte del que preveu la Llei 34\/2002 de Serveis de la Societat de la Informaci\u00f3 i de Comer\u00e7 Electr\u00f2nic.<\/p>\r\n<ul>\r\n<li>Titular: Guti\u00e9rrez Belmonte Abogados<\/li>\r\n<li>Domicili social: Gran de Gracia 47, 4-2, Barcelona<\/li>\r\n<li>Adre\u00e7a electr\u00f2nica: info@gutierrezbelmonteabogados.com<\/li>\r\n<li>Tel\u00e8fon: 693220587 <\/li>\r\n<\/ul>\r\n<p>Els advocats exerceixen la professi\u00f3 amb subjecci\u00f3 a l&#8217;Estatut General de l&#8217;Advocacia Espanyola i al Codi Deontol\u00f2gic de l&#8217;Advocacia que poden ser consultats als seg\u00fcents enlla\u00e7os:<\/p>\r\n<p>https:\/\/www.boe.es\/buscar\/act.php?id=BOE-A-2021-4568<br \/>\r\nhttps:\/\/www.abogacia.es\/wp-content\/uploads\/2019\/05\/Codigo-Deontologico-2019.pdf<\/p>\r\n<h2>Condicions d&#8217;acc\u00e9s al web<\/h2>\r\n<p>L&#8217;\u00fas d&#8217;aquest lloc web atribueix la condici\u00f3 d&#8217;Usuari a qui el fa i implica l&#8217;acceptaci\u00f3 de totes les condicions incloses en aquest Av\u00eds Legal. L&#8217;Usuari haur\u00e0 de llegir aquestes condicions cada vegada que accedeixi a aquest web, ja que poden ser modificades en el futur. Alguns aspectes d&#8217;aquest lloc web, per la seva especialitat, poden estar subjectes a condicions o normes particulars que poden substituir, completar o modificar aquest Av\u00eds Legal, i tamb\u00e9 han de ser acceptades per l&#8217;Usuari que els utilitzi o hi accedeixi.<\/p>\r\n<h2>Obligaci\u00f3 de fer un \u00fas correcte del lloc web i els continguts<\/h2>\r\n<p>Tots els continguts d&#8217;aquest web (textos, fotografies, gr\u00e0fics, imatges, tecnologia, programari, enlla\u00e7os, continguts audiovisuals o sonors, disseny gr\u00e0fic, codi font, etc.), aix\u00ed com les marques i altres signes distintius s\u00f3n propietat de Guti\u00e9rrez Belmonte Abogados o de tercers, i l&#8217;Usuari no adquireix cap dret sobre ells pel simple \u00fas d&#8217;aquest web.<\/p>\r\n<p>L&#8217;Usuari s&#8217;haur\u00e0 d&#8217;abstenir de: a) reproduir, copiar, distribuir, posar a disposici\u00f3 de tercers, comunicar p\u00fablicament, transformar o modificar els continguts d&#8217;aquest web, llevat dels casos previstos per la llei o autoritzats expressament pel propietari o titular dels drets; b) reproduir o copiar per a \u00fas privat el programari, les imatges, els v\u00eddeos o les bases de dades existents en aquest web, aix\u00ed com comunicar-los p\u00fablicament o posar-los a disposici\u00f3 de tercers quan aix\u00f2 impliqui la seva reproducci\u00f3; c) extreure o reutilitzar els continguts d&#8217;aquest web.<\/p>\r\n<p>L&#8217;Usuari que vulgui introduir enlla\u00e7os a aquest web des de les seves pr\u00f2pies p\u00e0gines haur\u00e0 de complir les condicions seg\u00fcents:<\/p>\r\n<ol style=\"list-style-type: lower-alpha;\">\r\n<li>l&#8217;enlla\u00e7 nom\u00e9s vincular\u00e0 amb la p\u00e0gina principal, no es podr\u00e0 reproduir de cap manera<\/li>\r\n<li>no es podran establir frames o marcs de qualsevol tipus que envoltin el web o permetin visualitzar-lo a trav\u00e9s d&#8217;adreces d&#8217;Internet diferents o conjuntament amb continguts aliens, de manera que produeixi o pugui produir error o confusi\u00f3 als usuaris sobre l&#8217;origen del servei o el seu contingut, impliqui un acte de comparaci\u00f3 o imitaci\u00f3 deslleial, serveixi per aprofitar-se de la reputaci\u00f3, la marca i el prestigi de Guti\u00e9rrez Belmonte Abogados o es faci de qualsevol altra manera prohibida per la Llei.<\/li>\r\n<li>des de la p\u00e0gina que faci l&#8217;enlla\u00e7 no es podr\u00e0 fer cap tipus de manifestaci\u00f3 falsa o inexacta sobre l&#8217;entitat o sobre la qualitat dels seus productes i serveis<\/li>\r\n<li>El remitent no podr\u00e0 utilitzar la marca ni cap altre signe distintiu de l&#8217;entitat dins la seva p\u00e0gina web, excepte els casos autoritzats per la llei o expressament permesos pel titular del web.<\/li>\r\n<li>la p\u00e0gina que estableixi l&#8217;enlla\u00e7 haur\u00e0 d&#8217;observar la legalitat vigent i no podr\u00e0 disposar ni enlla\u00e7ar amb continguts il\u00b7l\u00edcits, nocius, contraris a la moral i als bons costums, que produeixin o puguin produir la falsa idea que el titular del web recolza o dona suport a les idees, manifestacions o actuacions del remitent o que resultin inadequats en relaci\u00f3 amb l&#8217;activitat desenvolupada per l&#8217;entitat, tenint en compte els continguts i la tem\u00e0tica general de la p\u00e0gina web on s&#8217;estableixi l&#8217;enlla\u00e7.<\/li>\r\n<\/ol>\r\n<h2>Responsabilitat de l&#8217;usuari<\/h2>\r\n<p>El titular del web no \u00e9s responsable de controlar que en aquest web no hi hagi programes maliciosos o qualsevol altre element inform\u00e0tic nociu. Correspon a l&#8217;Usuari, en tot cas, disposar d&#8217;eines adequades per a la detecci\u00f3 i desinfecci\u00f3 d&#8217;aquests elements. Per tant, el titular del web no es responsabilitza dels danys produ\u00efts als equips inform\u00e0tics durant l&#8217;acc\u00e9s a aquest web. Igualment, no ser\u00e0 responsable dels danys produ\u00efts als usuaris quan aquests tinguin origen en fallades o desconnexions en les xarxes de telecomunicacions que interrompin el servei del web.<\/p>\r\n<p>Tots els continguts del lloc web, incloent-hi per\u00f2 no limitant-se a, textos, documents, fotografies, dibuixos, imatges, icones, representacions gr\u00e0fiques, continguts audiovisuals o sonors, aix\u00ed com el disseny gr\u00e0fic i el codi font, marques, noms comercials o altres signes distintius, s\u00f3n propietat exclusiva de Guti\u00e9rrez Belmonte Abogados o de tercers (amb llic\u00e8ncia leg\u00edtima) i estan protegits per les lleis de Propietat Industrial i Intel\u00b7lectual.<\/p>\r\n<p>L&#8217;acc\u00e9s dels usuaris als continguts del lloc web no els atorga cap dret ni titularitat sobre aquests.<\/p>\r\n<p>Est\u00e0 estrictament prohibida qualsevol modalitat d&#8217;explotaci\u00f3, reproducci\u00f3, distribuci\u00f3, modificaci\u00f3, comunicaci\u00f3 p\u00fablica, cessi\u00f3 o transformaci\u00f3 o qualsevol altra forma de difusi\u00f3 de la informaci\u00f3 o elements continguts en el web, mitjan\u00e7ant qualsevol suport o mitj\u00e0, no autoritzada pr\u00e8viament i expressament. El contingut d&#8217;aquesta p\u00e0gina web nom\u00e9s podr\u00e0 ser descarregat al terminal de l&#8217;usuari sempre que sigui per al seu \u00fas privat i sense cap finalitat comercial.<\/p>\r\n<p>La infracci\u00f3 de qualsevol dels drets esmentats pot constituir una vulneraci\u00f3 de les presents condicions i\/o de les lleis de Propietat Industrial i Intel\u00b7lectual. El titular del web es reserva la possibilitat d&#8217;exercir les accions legals corresponents contra els usuaris que infringeixin aquests drets.<\/p>\r\n<h2>Responsabilitats de l&#8217;entitat<\/h2>\r\n<p>Aquest web pot incloure enlla\u00e7os que permeten a l&#8217;Usuari accedir a altres p\u00e0gines d&#8217;Internet. En aquests casos, Guti\u00e9rrez Belmonte Abogados nom\u00e9s ser\u00e0 responsable dels continguts i serveis subministrats a trav\u00e9s dels enlla\u00e7os si coneix la seva il\u00b7licitud i no els ha desactivat diligentment. Si un Usuari considera que hi ha un enlla\u00e7 amb continguts il\u00b7l\u00edcits o inadequats, ens ho podr\u00e0 comunicar, sense que aix\u00f2 impliqui l&#8217;obligaci\u00f3 de retirar l&#8217;enlla\u00e7 corresponent. El titular del web no sempre coneix els continguts i serveis dels enlla\u00e7os i, per tant, no es fa responsable dels danys derivats de la seva falta de qualitat, desactualitzaci\u00f3, indisponibilitat, error, inutilitat o il\u00b7legalitat i no respon de les manifestacions realitzades ni dels continguts o serveis proporcionats a trav\u00e9s d&#8217;ells, excepte si \u00e9s directament responsable de la prestaci\u00f3 dels serveis esmentats.<\/p>\r\n<p>L&#8217;Usuari es compromet a fer un \u00fas correcte d&#8217;aquest web de conformitat amb la Llei, aquest Av\u00eds Legal i les altres condicions, reglaments i instruccions que, en el seu cas, puguin ser d&#8217;aplicaci\u00f3. L&#8217;Usuari respondr\u00e0 davant el titular del web i davant tercers de qualsevol dany o perjudici que es pugui causar per incompliment d&#8217;aquestes obligacions.<\/p>\r\n<h2>Legislaci\u00f3 aplicable<\/h2>\r\n<p>El present Av\u00eds Legal es regeix en tots i cadascun dels seus extrems per la Llei Espanyola.<\/p>\r\n<p>Les prestacions del servei d&#8217;aquest lloc web, aix\u00ed com les presents condicions d&#8217;\u00fas es regeixen per la legislaci\u00f3 espanyola.<\/p>\r\n\r\n\t\t<\/div>\n\t\t\t\t\n<style>\n#col-852790181 > .col-inner {\n  padding: 30px 0px 0px 0px;\n}\n<\/style>\n\t<\/div>\n\n\t\r\n\r\n<\/div>\r\n\r\n","protected":false},"excerpt":{"rendered":"","protected":false},"author":1,"featured_media":0,"parent":0,"menu_order":0,"comment_status":"closed","ping_status":"closed","template":"page-transparent-header-light.php","meta":{"footnotes":""},"class_list":["post-1460","page","type-page","status-publish","hentry"],"_links":{"self":[{"href":"https:\/\/gutierrezbelmonteabogados.com\/ca\/wp-json\/wp\/v2\/pages\/1460","targetHints":{"allow":["GET"]}}],"collection":[{"href":"https:\/\/gutierrezbelmonteabogados.com\/ca\/wp-json\/wp\/v2\/pages"}],"about":[{"href":"https:\/\/gutierrezbelmonteabogados.com\/ca\/wp-json\/wp\/v2\/types\/page"}],"author":[{"embeddable":true,"href":"https:\/\/gutierrezbelmonteabogados.com\/ca\/wp-json\/wp\/v2\/users\/1"}],"replies":[{"embeddable":true,"href":"https:\/\/gutierrezbelmonteabogados.com\/ca\/wp-json\/wp\/v2\/comments?post=1460"}],"version-history":[{"count":1,"href":"https:\/\/gutierrezbelmonteabogados.com\/ca\/wp-json\/wp\/v2\/pages\/1460\/revisions"}],"predecessor-version":[{"id":1461,"href":"https:\/\/gutierrezbelmonteabogados.com\/ca\/wp-json\/wp\/v2\/pages\/1460\/revisions\/1461"}],"wp:attachment":[{"href":"https:\/\/gutierrezbelmonteabogados.com\/ca\/wp-json\/wp\/v2\/media?parent=1460"}],"curies":[{"name":"wp","href":"https:\/\/api.w.org\/{rel}","templated":true}]}}